{"id":964,"date":"2020-01-22T14:57:10","date_gmt":"2020-01-22T13:57:10","guid":{"rendered":"http:\/\/www.lepetitcaboulot.com\/?page_id=964"},"modified":"2026-02-12T11:05:07","modified_gmt":"2026-02-12T10:05:07","slug":"menu-saint-valentin-2020","status":"publish","type":"page","link":"https:\/\/www.lepetitcaboulot.com\/index.php\/menu-saint-valentin-2020\/","title":{"rendered":"Menu Saint Valentin 2026"},"content":{"rendered":"\n<p><\/p>\n\n\n\n<figure class=\"wp-block-image size-large is-resized\"><img fetchpriority=\"high\" decoding=\"async\" width=\"1024\" height=\"202\" src=\"https:\/\/www.lepetitcaboulot.com\/wp-content\/uploads\/2020\/01\/coeur-haut-1-1024x202.jpg\" alt=\"\" class=\"wp-image-966\" style=\"width:1221px;height:auto\" srcset=\"https:\/\/www.lepetitcaboulot.com\/wp-content\/uploads\/2020\/01\/coeur-haut-1-1024x202.jpg 1024w, https:\/\/www.lepetitcaboulot.com\/wp-content\/uploads\/2020\/01\/coeur-haut-1-350x69.jpg 350w, https:\/\/www.lepetitcaboulot.com\/wp-content\/uploads\/2020\/01\/coeur-haut-1-300x59.jpg 300w, https:\/\/www.lepetitcaboulot.com\/wp-content\/uploads\/2020\/01\/coeur-haut-1-768x152.jpg 768w, https:\/\/www.lepetitcaboulot.com\/wp-content\/uploads\/2020\/01\/coeur-haut-1-1536x303.jpg 1536w, https:\/\/www.lepetitcaboulot.com\/wp-content\/uploads\/2020\/01\/coeur-haut-1.jpg 2048w\" sizes=\"(max-width: 706px) 89vw, (max-width: 767px) 82vw, 740px\" \/><\/figure>\n\n\n<h1 class=\"western\" align=\"center\"><strong><span style=\"color: #800000;\"><span style=\"font-family: Gabriola, fantasy;\"><span style=\"font-size: 300%;\">Menu <\/span><\/span><\/span><\/strong><strong><span style=\"color: #800000;\"><span style=\"font-family: Gabriola, fantasy;\"><span style=\"font-size: 300%;\">SAINT VALENTIN<\/span><\/span><\/span><\/strong><\/h1>\n<h1 class=\"western\" align=\"center\"><strong><span style=\"color: #800000;\"><span style=\"font-family: Gabriola, fantasy;\"><span style=\"font-size: 300%;\">5<\/span><\/span><\/span><\/strong><strong><span style=\"color: #800000;\"><span style=\"font-family: Gabriola, fantasy;\"><span style=\"font-size: 300%;\">5<\/span><\/span><\/span><\/strong><strong><span style=\"color: #800000;\"><span style=\"font-family: Gabriola, fantasy;\"><span style=\"font-size: 300%;\">,00<\/span><\/span><\/span><\/strong><strong><span style=\"color: #800000;\"><span style=\"font-family: Gabriola, fantasy;\"><span style=\"font-size: 300%;\">\u20ac<\/span><\/span><\/span><\/strong><\/h1>\n<p align=\"center\"><strong><span style=\"color: #000000;\"><span style=\"font-family: Gabriola, fantasy;\"><span style=\"font-size: x-large;\"><i>Menu Valable uniquement le <\/i><\/span><\/span><\/span><\/strong><strong><span style=\"color: #000000;\"><span style=\"font-family: Gabriola, fantasy;\"><span style=\"font-size: x-large;\"><i>Samedi s<\/i><\/span><\/span><\/span><\/strong><strong><span style=\"color: #000000;\"><span style=\"font-family: Gabriola, fantasy;\"><span style=\"font-size: x-large;\"><i>oir 14 F\u00e9vrier 202<\/i><\/span><\/span><\/span><\/strong><strong><span style=\"color: #000000;\"><span style=\"font-family: Gabriola, fantasy;\"><span style=\"font-size: x-large;\"><i>6<\/i><\/span><\/span><\/span><\/strong><\/p>\n<p align=\"center\"><br \/><br \/><\/p>\n<p align=\"center\"><span style=\"font-family: Gabriola, fantasy;\"><span style=\"font-size: xx-large;\">Mise en bouche<\/span><\/span><\/p>\n<p align=\"center\">\u2665\u2665\u2665<\/p>\n<p align=\"center\"><span style=\"color: #000000;\"><span style=\"font-family: Gabriola, fantasy;\"><span style=\"font-size: xx-large;\">Assiette Terre et Mer<\/span><\/span><\/span><\/p>\n<p align=\"center\"><span style=\"color: #000000;\"><span style=\"font-family: Gabriola, fantasy;\"><span style=\"font-size: x-large;\"><span lang=\"fr-FR\">Tartare de Thon Rouge, <\/span><\/span><\/span><\/span><span style=\"color: #000000;\"><span style=\"font-family: Gabriola, fantasy;\"><span style=\"font-size: x-large;\"><span lang=\"fr-FR\">Perles d\u2019Agrumes au Poivre<\/span><\/span><\/span><\/span><\/p>\n<p align=\"center\"><span style=\"color: #000000;\"><span style=\"font-family: Gabriola, fantasy;\"><span style=\"font-size: x-large;\"><span lang=\"fr-FR\">Saumon en Gravlax Maison, <\/span><\/span><\/span><\/span><span style=\"color: #000000;\"><span style=\"font-family: Gabriola, fantasy;\"><span style=\"font-size: x-large;\"><span lang=\"fr-FR\">Cr\u00e8me <\/span><\/span><\/span><\/span><span style=\"color: #000000;\"><span style=\"font-family: Gabriola, fantasy;\"><span style=\"font-size: x-large;\"><span lang=\"fr-FR\">M<\/span><\/span><\/span><\/span><span style=\"color: #000000;\"><span style=\"font-family: Gabriola, fantasy;\"><span style=\"font-size: x-large;\"><span lang=\"fr-FR\">ont\u00e9e au Caviar<\/span><\/span><\/span><\/span><\/p>\n<p align=\"center\"><span style=\"color: #000000;\"><span style=\"font-family: Gabriola, fantasy;\"><span style=\"font-size: x-large;\"><span lang=\"fr-FR\">Foie Gras de Canard Mi-Cuit Maison, <\/span><\/span><\/span><\/span><span style=\"color: #000000;\"><span style=\"font-family: Gabriola, fantasy;\"><span style=\"font-size: x-large;\"><span lang=\"fr-FR\">Chutney <\/span><\/span><\/span><\/span><span style=\"color: #000000;\"><span style=\"font-family: Gabriola, fantasy;\"><span style=\"font-size: x-large;\"><span lang=\"fr-FR\">de <\/span><\/span><\/span><\/span><\/p>\n<p align=\"center\">\u2665\u2665\u2665<\/p>\n<p align=\"center\"><span style=\"color: #000000;\"><span style=\"font-family: Gabriola, fantasy;\"><span style=\"font-size: xx-large;\"><span lang=\"fr-FR\">Filet de Dorade, <\/span><\/span><\/span><\/span><span style=\"color: #000000;\"><span style=\"font-family: Gabriola, fantasy;\"><span style=\"font-size: xx-large;\"><span lang=\"fr-FR\">Beurre Blanc aux Fruits de la Passion <\/span><\/span><\/span><\/span><\/p>\n<p align=\"center\"><span style=\"color: #000000;\"><span style=\"font-family: Gabriola, fantasy;\"><span style=\"font-size: x-large;\">ou<\/span><\/span><\/span><\/p>\n<p align=\"center\"><span style=\"color: #000000;\"><span style=\"font-family: Gabriola, fantasy;\"><span style=\"font-size: xx-large;\">Filet de Canard, Sauce au Poivre de Malabar <\/span><\/span><\/span><\/p>\n<p align=\"center\"><span style=\"color: #000000;\"><span style=\"font-family: Gabriola, fantasy;\"><span style=\"font-size: xx-large;\">ou<\/span><\/span><\/span><\/p>\n<p align=\"center\"><span style=\"color: #000000;\"><span style=\"font-family: Gabriola, fantasy;\"><span style=\"font-size: xx-large;\"><span lang=\"fr-FR\">Vol Au Vent de Ris de Veaux aux Morilles <\/span><\/span><\/span><\/span><span style=\"color: #000000;\"><span style=\"font-family: Gabriola, fantasy;\"><span style=\"font-size: x-large;\"><span lang=\"fr-FR\">(Suppl\u00e9ment+ 12,00 \u20ac) <\/span><\/span><\/span><\/span><\/p>\n<p align=\"center\"><span style=\"color: #000000;\"><span style=\"font-family: Gabriola, fantasy;\"><span style=\"font-size: x-large;\">ou<\/span><\/span><\/span><\/p>\n<p align=\"center\"><span style=\"color: #000000;\"><span style=\"font-family: Gabriola, fantasy;\"><span style=\"font-size: xx-large;\"><span lang=\"fr-FR\">Montgolfi\u00e8re de Lotte et Saint Jacques <\/span><\/span><\/span><\/span><span style=\"color: #000000;\"><span style=\"font-family: Gabriola, fantasy;\"><span style=\"font-size: x-large;\"><span lang=\"fr-FR\">(Suppl\u00e9ment+ 12,00 \u20ac) <\/span><\/span><\/span><\/span><\/p>\n<p align=\"center\"><img decoding=\"async\" src=\"file:\/\/\/C:\/Users\/Caboulot\/AppData\/Local\/Temp\/lu7164mfmz.tmp\/lu7164mfn3_tmp_62541dff.png\" width=\"176\" height=\"210\" name=\"images3\" align=\"left\" border=\"0\" \/><span style=\"font-size: revert;\">\u2665\u2665\u2665<\/span><\/p>\n<p align=\"center\"><span style=\"font-family: Gabriola, fantasy;\"><span style=\"font-size: xx-large;\">Douceur Nuptiale<\/span><\/span><\/p>\n\n\n<figure class=\"wp-block-image size-large is-resized\"><img decoding=\"async\" width=\"1024\" height=\"169\" src=\"https:\/\/www.lepetitcaboulot.com\/wp-content\/uploads\/2020\/01\/coeur-bas-1024x169.jpg\" alt=\"\" class=\"wp-image-967\" style=\"width:1277px;height:auto\" srcset=\"https:\/\/www.lepetitcaboulot.com\/wp-content\/uploads\/2020\/01\/coeur-bas-1024x169.jpg 1024w, https:\/\/www.lepetitcaboulot.com\/wp-content\/uploads\/2020\/01\/coeur-bas-350x58.jpg 350w, https:\/\/www.lepetitcaboulot.com\/wp-content\/uploads\/2020\/01\/coeur-bas-300x50.jpg 300w, https:\/\/www.lepetitcaboulot.com\/wp-content\/uploads\/2020\/01\/coeur-bas-768x127.jpg 768w, https:\/\/www.lepetitcaboulot.com\/wp-content\/uploads\/2020\/01\/coeur-bas-1536x254.jpg 1536w, https:\/\/www.lepetitcaboulot.com\/wp-content\/uploads\/2020\/01\/coeur-bas.jpg 2048w\" sizes=\"(max-width: 706px) 89vw, (max-width: 767px) 82vw, 740px\" \/><\/figure>\n\n\n\n<p class=\"has-text-align-center\">Menu sous R\u00e9serve de Modification <\/p>\n","protected":false},"excerpt":{"rendered":"<p>Menu SAINT VALENTIN 55,00\u20ac Menu Valable uniquement le Samedi soir 14 F\u00e9vrier 2026 Mise en bouche \u2665\u2665\u2665 Assiette Terre et Mer Tartare de Thon Rouge, Perles d\u2019Agrumes au Poivre Saumon en Gravlax Maison, Cr\u00e8me Mont\u00e9e au Caviar Foie Gras de Canard Mi-Cuit Maison, Chutney de \u2665\u2665\u2665 Filet de Dorade, Beurre Blanc aux Fruits de la &hellip; <\/p>\n<p class=\"link-more\"><a href=\"https:\/\/www.lepetitcaboulot.com\/index.php\/menu-saint-valentin-2020\/\" class=\"more-link\">Continuer la lecture<span class=\"screen-reader-text\"> de &laquo;&nbsp;Menu Saint Valentin 2026&nbsp;&raquo;<\/span><\/a><\/p>\n","protected":false},"author":1,"featured_media":0,"parent":0,"menu_order":0,"comment_status":"closed","ping_status":"closed","template":"","meta":{"footnotes":""},"class_list":["post-964","page","type-page","status-publish","hentry"],"yoast_head":"<!-- This site is optimized with the Yoast SEO plugin v27.3 - https:\/\/yoast.com\/product\/yoast-seo-wordpress\/ -->\n<title>Menu Saint Valentin 2026 -<\/title>\n<meta name=\"robots\" content=\"index, follow, max-snippet:-1, max-image-preview:large, max-video-preview:-1\" \/>\n<link rel=\"canonical\" href=\"https:\/\/www.lepetitcaboulot.com\/index.php\/menu-saint-valentin-2020\/\" \/>\n<meta property=\"og:locale\" content=\"fr_FR\" \/>\n<meta property=\"og:type\" content=\"article\" \/>\n<meta property=\"og:title\" content=\"Menu Saint Valentin 2026 -\" \/>\n<meta property=\"og:description\" content=\"Menu SAINT VALENTIN 55,00\u20ac Menu Valable uniquement le Samedi soir 14 F\u00e9vrier 2026 Mise en bouche \u2665\u2665\u2665 Assiette Terre et Mer Tartare de Thon Rouge, Perles d\u2019Agrumes au Poivre Saumon en Gravlax Maison, Cr\u00e8me Mont\u00e9e au Caviar Foie Gras de Canard Mi-Cuit Maison, Chutney de \u2665\u2665\u2665 Filet de Dorade, Beurre Blanc aux Fruits de la &hellip; Continuer la lecture de &laquo;&nbsp;Menu Saint Valentin 2026&nbsp;&raquo;\" \/>\n<meta property=\"og:url\" content=\"https:\/\/www.lepetitcaboulot.com\/index.php\/menu-saint-valentin-2020\/\" \/>\n<meta property=\"article:publisher\" content=\"https:\/\/www.facebook.com\/petitcaboulot\" \/>\n<meta property=\"article:modified_time\" content=\"2026-02-12T10:05:07+00:00\" \/>\n<meta property=\"og:image\" content=\"https:\/\/www.lepetitcaboulot.com\/wp-content\/uploads\/2020\/01\/coeur-haut-1.jpg\" \/>\n\t<meta property=\"og:image:width\" content=\"2048\" \/>\n\t<meta property=\"og:image:height\" content=\"404\" \/>\n\t<meta property=\"og:image:type\" content=\"image\/jpeg\" \/>\n<meta name=\"twitter:card\" content=\"summary_large_image\" \/>\n<meta name=\"twitter:label1\" content=\"Dur\u00e9e de lecture estim\u00e9e\" \/>\n\t<meta name=\"twitter:data1\" content=\"2 minutes\" \/>\n<script type=\"application\/ld+json\" class=\"yoast-schema-graph\">{\"@context\":\"https:\\\/\\\/schema.org\",\"@graph\":[{\"@type\":\"WebPage\",\"@id\":\"https:\\\/\\\/www.lepetitcaboulot.com\\\/index.php\\\/menu-saint-valentin-2020\\\/\",\"url\":\"https:\\\/\\\/www.lepetitcaboulot.com\\\/index.php\\\/menu-saint-valentin-2020\\\/\",\"name\":\"Menu Saint Valentin 2026 -\",\"isPartOf\":{\"@id\":\"https:\\\/\\\/www.lepetitcaboulot.com\\\/#website\"},\"primaryImageOfPage\":{\"@id\":\"https:\\\/\\\/www.lepetitcaboulot.com\\\/index.php\\\/menu-saint-valentin-2020\\\/#primaryimage\"},\"image\":{\"@id\":\"https:\\\/\\\/www.lepetitcaboulot.com\\\/index.php\\\/menu-saint-valentin-2020\\\/#primaryimage\"},\"thumbnailUrl\":\"https:\\\/\\\/www.lepetitcaboulot.com\\\/wp-content\\\/uploads\\\/2020\\\/01\\\/coeur-haut-1-1024x202.jpg\",\"datePublished\":\"2020-01-22T13:57:10+00:00\",\"dateModified\":\"2026-02-12T10:05:07+00:00\",\"breadcrumb\":{\"@id\":\"https:\\\/\\\/www.lepetitcaboulot.com\\\/index.php\\\/menu-saint-valentin-2020\\\/#breadcrumb\"},\"inLanguage\":\"fr-FR\",\"potentialAction\":[{\"@type\":\"ReadAction\",\"target\":[\"https:\\\/\\\/www.lepetitcaboulot.com\\\/index.php\\\/menu-saint-valentin-2020\\\/\"]}]},{\"@type\":\"ImageObject\",\"inLanguage\":\"fr-FR\",\"@id\":\"https:\\\/\\\/www.lepetitcaboulot.com\\\/index.php\\\/menu-saint-valentin-2020\\\/#primaryimage\",\"url\":\"https:\\\/\\\/www.lepetitcaboulot.com\\\/wp-content\\\/uploads\\\/2020\\\/01\\\/coeur-haut-1.jpg\",\"contentUrl\":\"https:\\\/\\\/www.lepetitcaboulot.com\\\/wp-content\\\/uploads\\\/2020\\\/01\\\/coeur-haut-1.jpg\",\"width\":2048,\"height\":404,\"caption\":\"Decorative elements\"},{\"@type\":\"BreadcrumbList\",\"@id\":\"https:\\\/\\\/www.lepetitcaboulot.com\\\/index.php\\\/menu-saint-valentin-2020\\\/#breadcrumb\",\"itemListElement\":[{\"@type\":\"ListItem\",\"position\":1,\"name\":\"Accueil\",\"item\":\"https:\\\/\\\/www.lepetitcaboulot.com\\\/\"},{\"@type\":\"ListItem\",\"position\":2,\"name\":\"Menu Saint Valentin 2026\"}]},{\"@type\":\"WebSite\",\"@id\":\"https:\\\/\\\/www.lepetitcaboulot.com\\\/#website\",\"url\":\"https:\\\/\\\/www.lepetitcaboulot.com\\\/\",\"name\":\"WWW.lepetitcaboulot.com\",\"description\":\"Restaurant traditionnel situ\u00e9 \u00e0 Isle Saint Georges, pr\u00e8s de Bordeaux (33)\",\"publisher\":{\"@id\":\"https:\\\/\\\/www.lepetitcaboulot.com\\\/#organization\"},\"potentialAction\":[{\"@type\":\"SearchAction\",\"target\":{\"@type\":\"EntryPoint\",\"urlTemplate\":\"https:\\\/\\\/www.lepetitcaboulot.com\\\/?s={search_term_string}\"},\"query-input\":{\"@type\":\"PropertyValueSpecification\",\"valueRequired\":true,\"valueName\":\"search_term_string\"}}],\"inLanguage\":\"fr-FR\"},{\"@type\":\"Organization\",\"@id\":\"https:\\\/\\\/www.lepetitcaboulot.com\\\/#organization\",\"name\":\"Restaurant le petit caboulot\",\"url\":\"https:\\\/\\\/www.lepetitcaboulot.com\\\/\",\"logo\":{\"@type\":\"ImageObject\",\"inLanguage\":\"fr-FR\",\"@id\":\"https:\\\/\\\/www.lepetitcaboulot.com\\\/#\\\/schema\\\/logo\\\/image\\\/\",\"url\":\"http:\\\/\\\/www.lepetitcaboulot.com\\\/wp-content\\\/uploads\\\/2024\\\/11\\\/toque-nb.bmp\",\"contentUrl\":\"http:\\\/\\\/www.lepetitcaboulot.com\\\/wp-content\\\/uploads\\\/2024\\\/11\\\/toque-nb.bmp\",\"width\":530,\"height\":530,\"caption\":\"Restaurant le petit caboulot\"},\"image\":{\"@id\":\"https:\\\/\\\/www.lepetitcaboulot.com\\\/#\\\/schema\\\/logo\\\/image\\\/\"},\"sameAs\":[\"https:\\\/\\\/www.facebook.com\\\/petitcaboulot\",\"https:\\\/\\\/www.instagram.com\\\/petitcaboulot\\\/\"]}]}<\/script>\n<!-- \/ Yoast SEO plugin. -->","yoast_head_json":{"title":"Menu Saint Valentin 2026 -","robots":{"index":"index","follow":"follow","max-snippet":"max-snippet:-1","max-image-preview":"max-image-preview:large","max-video-preview":"max-video-preview:-1"},"canonical":"https:\/\/www.lepetitcaboulot.com\/index.php\/menu-saint-valentin-2020\/","og_locale":"fr_FR","og_type":"article","og_title":"Menu Saint Valentin 2026 -","og_description":"Menu SAINT VALENTIN 55,00\u20ac Menu Valable uniquement le Samedi soir 14 F\u00e9vrier 2026 Mise en bouche \u2665\u2665\u2665 Assiette Terre et Mer Tartare de Thon Rouge, Perles d\u2019Agrumes au Poivre Saumon en Gravlax Maison, Cr\u00e8me Mont\u00e9e au Caviar Foie Gras de Canard Mi-Cuit Maison, Chutney de \u2665\u2665\u2665 Filet de Dorade, Beurre Blanc aux Fruits de la &hellip; Continuer la lecture de &laquo;&nbsp;Menu Saint Valentin 2026&nbsp;&raquo;","og_url":"https:\/\/www.lepetitcaboulot.com\/index.php\/menu-saint-valentin-2020\/","article_publisher":"https:\/\/www.facebook.com\/petitcaboulot","article_modified_time":"2026-02-12T10:05:07+00:00","og_image":[{"width":2048,"height":404,"url":"https:\/\/www.lepetitcaboulot.com\/wp-content\/uploads\/2020\/01\/coeur-haut-1.jpg","type":"image\/jpeg"}],"twitter_card":"summary_large_image","twitter_misc":{"Dur\u00e9e de lecture estim\u00e9e":"2 minutes"},"schema":{"@context":"https:\/\/schema.org","@graph":[{"@type":"WebPage","@id":"https:\/\/www.lepetitcaboulot.com\/index.php\/menu-saint-valentin-2020\/","url":"https:\/\/www.lepetitcaboulot.com\/index.php\/menu-saint-valentin-2020\/","name":"Menu Saint Valentin 2026 -","isPartOf":{"@id":"https:\/\/www.lepetitcaboulot.com\/#website"},"primaryImageOfPage":{"@id":"https:\/\/www.lepetitcaboulot.com\/index.php\/menu-saint-valentin-2020\/#primaryimage"},"image":{"@id":"https:\/\/www.lepetitcaboulot.com\/index.php\/menu-saint-valentin-2020\/#primaryimage"},"thumbnailUrl":"https:\/\/www.lepetitcaboulot.com\/wp-content\/uploads\/2020\/01\/coeur-haut-1-1024x202.jpg","datePublished":"2020-01-22T13:57:10+00:00","dateModified":"2026-02-12T10:05:07+00:00","breadcrumb":{"@id":"https:\/\/www.lepetitcaboulot.com\/index.php\/menu-saint-valentin-2020\/#breadcrumb"},"inLanguage":"fr-FR","potentialAction":[{"@type":"ReadAction","target":["https:\/\/www.lepetitcaboulot.com\/index.php\/menu-saint-valentin-2020\/"]}]},{"@type":"ImageObject","inLanguage":"fr-FR","@id":"https:\/\/www.lepetitcaboulot.com\/index.php\/menu-saint-valentin-2020\/#primaryimage","url":"https:\/\/www.lepetitcaboulot.com\/wp-content\/uploads\/2020\/01\/coeur-haut-1.jpg","contentUrl":"https:\/\/www.lepetitcaboulot.com\/wp-content\/uploads\/2020\/01\/coeur-haut-1.jpg","width":2048,"height":404,"caption":"Decorative elements"},{"@type":"BreadcrumbList","@id":"https:\/\/www.lepetitcaboulot.com\/index.php\/menu-saint-valentin-2020\/#breadcrumb","itemListElement":[{"@type":"ListItem","position":1,"name":"Accueil","item":"https:\/\/www.lepetitcaboulot.com\/"},{"@type":"ListItem","position":2,"name":"Menu Saint Valentin 2026"}]},{"@type":"WebSite","@id":"https:\/\/www.lepetitcaboulot.com\/#website","url":"https:\/\/www.lepetitcaboulot.com\/","name":"WWW.lepetitcaboulot.com","description":"Restaurant traditionnel situ\u00e9 \u00e0 Isle Saint Georges, pr\u00e8s de Bordeaux (33)","publisher":{"@id":"https:\/\/www.lepetitcaboulot.com\/#organization"},"potentialAction":[{"@type":"SearchAction","target":{"@type":"EntryPoint","urlTemplate":"https:\/\/www.lepetitcaboulot.com\/?s={search_term_string}"},"query-input":{"@type":"PropertyValueSpecification","valueRequired":true,"valueName":"search_term_string"}}],"inLanguage":"fr-FR"},{"@type":"Organization","@id":"https:\/\/www.lepetitcaboulot.com\/#organization","name":"Restaurant le petit caboulot","url":"https:\/\/www.lepetitcaboulot.com\/","logo":{"@type":"ImageObject","inLanguage":"fr-FR","@id":"https:\/\/www.lepetitcaboulot.com\/#\/schema\/logo\/image\/","url":"http:\/\/www.lepetitcaboulot.com\/wp-content\/uploads\/2024\/11\/toque-nb.bmp","contentUrl":"http:\/\/www.lepetitcaboulot.com\/wp-content\/uploads\/2024\/11\/toque-nb.bmp","width":530,"height":530,"caption":"Restaurant le petit caboulot"},"image":{"@id":"https:\/\/www.lepetitcaboulot.com\/#\/schema\/logo\/image\/"},"sameAs":["https:\/\/www.facebook.com\/petitcaboulot","https:\/\/www.instagram.com\/petitcaboulot\/"]}]}},"featured_media_urls":[],"_links":{"self":[{"href":"https:\/\/www.lepetitcaboulot.com\/index.php\/wp-json\/wp\/v2\/pages\/964","targetHints":{"allow":["GET"]}}],"collection":[{"href":"https:\/\/www.lepetitcaboulot.com\/index.php\/wp-json\/wp\/v2\/pages"}],"about":[{"href":"https:\/\/www.lepetitcaboulot.com\/index.php\/wp-json\/wp\/v2\/types\/page"}],"author":[{"embeddable":true,"href":"https:\/\/www.lepetitcaboulot.com\/index.php\/wp-json\/wp\/v2\/users\/1"}],"replies":[{"embeddable":true,"href":"https:\/\/www.lepetitcaboulot.com\/index.php\/wp-json\/wp\/v2\/comments?post=964"}],"version-history":[{"count":7,"href":"https:\/\/www.lepetitcaboulot.com\/index.php\/wp-json\/wp\/v2\/pages\/964\/revisions"}],"predecessor-version":[{"id":2508,"href":"https:\/\/www.lepetitcaboulot.com\/index.php\/wp-json\/wp\/v2\/pages\/964\/revisions\/2508"}],"wp:attachment":[{"href":"https:\/\/www.lepetitcaboulot.com\/index.php\/wp-json\/wp\/v2\/media?parent=964"}],"curies":[{"name":"wp","href":"https:\/\/api.w.org\/{rel}","templated":true}]}}