{"id":77,"date":"2013-03-14T15:37:54","date_gmt":"2013-03-14T14:37:54","guid":{"rendered":"http:\/\/emmanuelgaye.fr\/lepetitcaboulot\/?page_id=77"},"modified":"2026-03-11T09:56:40","modified_gmt":"2026-03-11T08:56:40","slug":"desserts","status":"publish","type":"page","link":"https:\/\/www.lepetitcaboulot.com\/index.php\/la-carte\/desserts\/","title":{"rendered":"Les Gourmandises"},"content":{"rendered":"<p><!-- [if gte mso 9]><xml>\n<w:WordDocument>\n<w:View>Normal<\/w:View>\n<w:Zoom>0<\/w:Zoom>\n<w:HyphenationZone>21<\/w:HyphenationZone>\n<w:PunctuationKerning\/>\n<w:ValidateAgainstSchemas\/>\n<w:SaveIfXMLInvalid>false<\/w:SaveIfXMLInvalid>\n<w:IgnoreMixedContent>false<\/w:IgnoreMixedContent>\n<w:AlwaysShowPlaceholderText>false<\/w:AlwaysShowPlaceholderText>\n<w:Compatibility>\n<w:BreakWrappedTables\/>\n<w:SnapToGridInCell\/>\n<w:WrapTextWithPunct\/>\n<w:UseAsianBreakRules\/>\n<w:DontGrowAutofit\/>\n<\/w:Compatibility>\n<w:BrowserLevel>MicrosoftInternetExplorer4<\/w:BrowserLevel>\n<\/w:WordDocument>\n<\/xml><![endif]--><\/p>\n<p><!-- [if gte mso 9]><xml>\n<w:WordDocument>\n<w:View>Normal<\/w:View>\n<w:Zoom>0<\/w:Zoom>\n<w:HyphenationZone>21<\/w:HyphenationZone>\n<w:PunctuationKerning\/>\n<w:ValidateAgainstSchemas\/>\n<w:SaveIfXMLInvalid>false<\/w:SaveIfXMLInvalid>\n<w:IgnoreMixedContent>false<\/w:IgnoreMixedContent>\n<w:AlwaysShowPlaceholderText>false<\/w:AlwaysShowPlaceholderText>\n<w:Compatibility>\n<w:BreakWrappedTables\/>\n<w:SnapToGridInCell\/>\n<w:WrapTextWithPunct\/>\n<w:UseAsianBreakRules\/>\n<w:DontGrowAutofit\/>\n<\/w:Compatibility>\n<w:BrowserLevel>MicrosoftInternetExplorer4<\/w:BrowserLevel>\n<\/w:WordDocument>\n<\/xml><![endif]--><\/p>\n<p class=\"western\"><span style=\"color: #000000;\"><span style=\"font-family: Gabriola, fantasy;\"><span style=\"font-size: x-large;\"><span lang=\"fr-FR\">Caf\u00e9\/Th\u00e9 Gourmand<\/span><\/span><\/span><\/span> <span style=\"color: #000000;\"><span style=\"font-family: Gabriola, fantasy;\"><span style=\"font-size: x-large;\"><span lang=\"fr-FR\">10,50 \u20ac<\/span><\/span><\/span><\/span><\/p>\n<p class=\"western\"><span style=\"color: #000000;\"><span style=\"font-family: Gabriola, fantasy;\"><span style=\"font-size: x-large;\"><span lang=\"fr-FR\">Plateau de Fromages S\u00e9lectionn\u00e9s par Julien Tessier <\/span><\/span><\/span><\/span> <span style=\"color: #000000;\"><span style=\"font-family: Gabriola, fantasy;\"><span style=\"font-size: x-large;\"><span lang=\"fr-FR\">11,50 \u20ac<\/span><\/span><\/span><\/span><\/p>\n<p class=\"western\"><span style=\"color: #000000;\"><span style=\"font-family: Gabriola, fantasy;\"><span style=\"font-size: x-large;\"><span lang=\"fr-FR\">Moelleux \u00e0 la Pistache,<\/span><\/span><\/span><\/span> <span style=\"color: #000000;\"><span style=\"font-family: Gabriola, fantasy;\"><span style=\"font-size: x-large;\"><span lang=\"fr-FR\">Sorbet Framboise<\/span><\/span><\/span><\/span> <span style=\"color: #000000;\"><span style=\"font-family: Gabriola, fantasy;\"><span style=\"font-size: x-large;\"><span lang=\"fr-FR\">8,50 \u20ac<\/span><\/span><\/span><\/span><\/p>\n<p class=\"western\"><span style=\"color: #000000;\"><span style=\"font-family: Gabriola, fantasy;\"><span style=\"font-size: x-large;\"><span lang=\"fr-FR\">Surprise de Cornic N\u00b0 7<\/span><\/span><\/span><\/span> <span style=\"color: #000000;\"><span style=\"font-family: Gabriola, fantasy;\"><span style=\"font-size: x-large;\"><span lang=\"fr-FR\">(\u00ab\u00a0Babannel\u00e9\u00a0\u00bb, Ananas confit, Chantilly)<\/span><\/span><\/span><\/span> <span style=\"color: #000000;\"><span style=\"font-family: Gabriola, fantasy;\"><span style=\"font-size: x-large;\"><span lang=\"fr-FR\">10,50 \u20ac<\/span><\/span><\/span><\/span><\/p>\n<p class=\"western\"><span style=\"color: #000000;\"><span style=\"font-family: Gabriola, fantasy;\"><span style=\"font-size: x-large;\"><span lang=\"fr-FR\">Cr\u00e8me Br\u00fbl\u00e9e Maison<\/span><\/span><\/span><\/span> <span style=\"color: #000000;\"><span style=\"font-family: Gabriola, fantasy;\"><span style=\"font-size: x-large;\"><span lang=\"fr-FR\">Caramel Beurre Sal\u00e9e<\/span><\/span><\/span><\/span> <span style=\"color: #000000;\"><span style=\"font-family: Gabriola, fantasy;\"><span style=\"font-size: x-large;\"><span lang=\"fr-FR\">9,00 \u20ac<\/span><\/span><\/span><\/span><\/p>\n<p class=\"western\"><span style=\"color: #000000;\"><span style=\"font-family: Gabriola, fantasy;\"><span style=\"font-size: x-large;\"><span lang=\"fr-FR\">Tatin au Pomme, Sabl\u00e9 Breton<\/span><\/span><\/span><\/span> <span style=\"color: #000000;\"><span style=\"font-family: Gabriola, fantasy;\"><span style=\"font-size: x-large;\"><span lang=\"fr-FR\">9,00 \u20ac<\/span><\/span><\/span><\/span><\/p>\n<p class=\"western\"><span style=\"color: #000000;\"><span style=\"font-family: Gabriola, fantasy;\"><span style=\"font-size: x-large;\"><span lang=\"fr-FR\">Tarte Souffl\u00e9e au Chocolat <\/span><\/span><\/span><\/span><span style=\"color: #000000;\"><span style=\"font-family: Gabriola, fantasy;\"><span style=\"font-size: medium;\"><span lang=\"fr-FR\">(10 min de cuisson)<\/span><\/span><\/span><\/span> <span style=\"color: #000000;\"><span style=\"font-family: Gabriola, fantasy;\"><span style=\"font-size: x-large;\"><span lang=\"fr-FR\">10<\/span><\/span><\/span><\/span><span style=\"color: #000000;\"><span style=\"font-family: Gabriola, fantasy;\"><span style=\"font-size: x-large;\"><span lang=\"fr-FR\">,50 \u20ac<\/span><\/span><\/span><\/span><\/p>\n<p class=\"western\" style=\"text-align: center;\"><span style=\"font-family: Gabriola, fantasy;\"><span style=\"font-size: large;\">Tous nos desserts sont faits \u00ab\u00a0Maison\u00a0\u00bb, merci de votre compr\u00e9hension pour une certaine attente.<\/span><\/span><\/p>\n<p><span style=\"color: #7f0000;\"><span style=\"font-family: Gabriola, fantasy;\"><span style=\"font-size: 300%;\"><b>Un Petit Tour sur la Banquise<\/b><\/span><\/span><\/span><\/p>\n<p><span style=\"font-family: Gabriola, fantasy;\"><span style=\"font-size: large;\">( glace artisanal maison Antolin)<\/span><\/span><\/p>\n<p><span style=\"color: #000000;\"><span style=\"font-family: Gabriola, fantasy;\"><span style=\"font-size: x-large;\"><span lang=\"fr-FR\">Dame Blanch<\/span><\/span><\/span><\/span><span style=\"color: #000000;\"><span style=\"font-family: Gabriola, fantasy;\"><span style=\"font-size: x-large;\"><span lang=\"fr-FR\">e <\/span><\/span><\/span><\/span><span style=\"color: #000000;\"><span style=\"font-family: Gabriola, fantasy;\"><span style=\"font-size: large;\"><span lang=\"fr-FR\"><i>(3 boules vanille, chocolat liquide, chantilly)<\/i><\/span><\/span><\/span><\/span> <span style=\"color: #000000;\"><span style=\"font-family: Gabriola, fantasy;\"><span style=\"font-size: x-large;\"><span lang=\"fr-FR\">9,00<\/span><\/span><\/span><\/span><span style=\"color: #000000;\"><span style=\"font-family: Gabriola, fantasy;\"><span style=\"font-size: x-large;\"><span lang=\"fr-FR\"> \u20ac<\/span><\/span><\/span><\/span><\/p>\n<p><span style=\"color: #000000;\"><span style=\"font-family: Gabriola, fantasy;\"><span style=\"font-size: x-large;\"><span lang=\"fr-FR\">Chocolat Li\u00e9geois<\/span><\/span><\/span><\/span> <span style=\"color: #000000;\"><span style=\"font-family: Gabriola, fantasy;\"><span style=\"font-size: large;\"><span lang=\"fr-FR\"><i>(1 boule vanille, 2 boules chocolat, sauce chocolat , chantilly)<\/i><\/span><\/span><\/span><\/span> <span style=\"color: #000000;\"><span style=\"font-family: Gabriola, fantasy;\"><span style=\"font-size: x-large;\"><span lang=\"fr-FR\">9,00<\/span><\/span><\/span><\/span> <span style=\"color: #000000;\"><span style=\"font-family: Gabriola, fantasy;\"><span style=\"font-size: x-large;\"><span lang=\"fr-FR\">\u20ac<\/span><\/span><\/span><\/span><\/p>\n<p><span style=\"color: #000000;\"><span style=\"font-family: Gabriola, fantasy;\"><span style=\"font-size: x-large;\"><span lang=\"fr-FR\">Caf\u00e9 Li\u00e9geois<\/span><\/span><\/span><\/span> <span style=\"color: #000000;\"><span style=\"font-family: Gabriola, fantasy;\"><span style=\"font-size: large;\"><span lang=\"fr-FR\"><i>( 1 boule vanille, 2 boules caf\u00e9, caf\u00e9 liquide, chantilly)<\/i><\/span><\/span><\/span><\/span> <span style=\"color: #000000;\"><span style=\"font-family: Gabriola, fantasy;\"><span style=\"font-size: x-large;\"><span lang=\"fr-FR\">9,00<\/span><\/span><\/span><\/span> <span style=\"color: #000000;\"><span style=\"font-family: Gabriola, fantasy;\"><span style=\"font-size: x-large;\"><span lang=\"fr-FR\">\u20ac<\/span><\/span><\/span><\/span><\/p>\n<p><span style=\"color: #000000;\"><span style=\"font-family: Gabriola, fantasy;\"><span style=\"font-size: x-large;\"><span lang=\"fr-FR\">Caramel Li\u00e9geoi<\/span><\/span><\/span><\/span><span style=\"color: #000000;\"><span style=\"font-family: Gabriola, fantasy;\"><span style=\"font-size: x-large;\"><span lang=\"fr-FR\">s<\/span><\/span><\/span><\/span> <span style=\"color: #000000;\"><span style=\"font-family: Gabriola, fantasy;\"><span style=\"font-size: large;\"><span lang=\"fr-FR\"><i>(1 boule vanille, 2 boules caramel, caramel liquide Chantilly)<\/i><\/span><\/span><\/span><\/span> <span style=\"color: #000000;\"><span style=\"font-family: Gabriola, fantasy;\"><span style=\"font-size: x-large;\"><span lang=\"fr-FR\">9,00<\/span><\/span><\/span><\/span><span style=\"color: #000000;\"><span style=\"font-family: Gabriola, fantasy;\"><span style=\"font-size: x-large;\"><span lang=\"fr-FR\"> \u20ac <\/span><\/span><\/span><\/span><\/p>\n<p><span style=\"color: #000000;\"><span style=\"font-family: Gabriola, fantasy;\"><span style=\"font-size: x-large;\"><span lang=\"fr-FR\">Colonel<\/span><\/span><\/span><\/span> <span style=\"color: #000000;\"><span style=\"font-family: Gabriola, fantasy;\"><span style=\"font-size: large;\"><span lang=\"fr-FR\"><i>(2 boules citron vert, 2 cl de vodka)<\/i><\/span><\/span><\/span><\/span> <span style=\"color: #000000;\"><span style=\"font-family: Gabriola, fantasy;\"><span style=\"font-size: x-large;\"><span lang=\"fr-FR\">9,90<\/span><\/span><\/span><\/span><span style=\"color: #000000;\"><span style=\"font-family: Gabriola, fantasy;\"><span style=\"font-size: x-large;\"><span lang=\"fr-FR\"> \u20ac<\/span><\/span><\/span><\/span><\/p>\n<p><span style=\"color: #000000;\"><span style=\"font-family: Gabriola, fantasy;\"><span style=\"font-size: x-large;\"><span lang=\"fr-FR\">Iceberg<\/span><\/span><\/span><\/span> <span style=\"color: #000000;\"><span style=\"font-family: Gabriola, fantasy;\"><span style=\"font-size: large;\"><span lang=\"fr-FR\"><i>(2 boules Menthe, 2 cl de Get 27)<\/i><\/span><\/span><\/span><\/span> <span style=\"color: #000000;\"><span style=\"font-family: Gabriola, fantasy;\"><span style=\"font-size: x-large;\"><span lang=\"fr-FR\">9,90<\/span><\/span><\/span><\/span><span style=\"color: #000000;\"><span style=\"font-family: Gabriola, fantasy;\"><span style=\"font-size: x-large;\"><span lang=\"fr-FR\"> \u20ac<\/span><\/span><\/span><\/span><\/p>\n<p><span style=\"color: #000000;\"><span style=\"font-family: Gabriola, fantasy;\"><span style=\"font-size: x-large;\"><span lang=\"fr-FR\">Bailey\u2019s Ice Coffee<\/span><\/span><\/span><\/span> <span style=\"color: #000000;\"><span style=\"font-family: Gabriola, fantasy;\"><span style=\"font-size: large;\"><span lang=\"fr-FR\"><i>(2 boules Caf\u00e9, 2 cl de Bailey\u2019s) <\/i><\/span><\/span><\/span><\/span><span style=\"color: #000000;\"><span style=\"font-family: Gabriola, fantasy;\"><span style=\"font-size: x-large;\"><span lang=\"fr-FR\">9,90 \u20ac<\/span><\/span><\/span><\/span><\/p>\n<p><span style=\"color: #000000;\"><span style=\"font-family: Gabriola, fantasy;\"><span style=\"font-size: x-large;\"><span lang=\"fr-FR\">Glace 1 boule\u00a0 <\/span><\/span><\/span><\/span><span style=\"color: #000000;\"><span style=\"font-family: Gabriola, fantasy;\"><span style=\"font-size: x-large;\"><span lang=\"fr-FR\">4,00 \u20ac <\/span><\/span><\/span><\/span><\/p>\n<p><span style=\"color: #000000;\"><span style=\"font-family: Gabriola, fantasy;\"><span style=\"font-size: x-large;\"><span lang=\"fr-FR\">2 boules\u00a0 <\/span><\/span><\/span><\/span><span style=\"color: #000000;\"><span style=\"font-family: Gabriola, fantasy;\"><span style=\"font-size: x-large;\"><span lang=\"fr-FR\">6,00 \u20ac<\/span><\/span><\/span><\/span><\/p>\n<p><span style=\"color: #000000;\"><span style=\"font-family: Gabriola, fantasy;\"><span style=\"font-size: x-large;\"><span lang=\"fr-FR\">3 boules\u00a0 <\/span><\/span><\/span><\/span><span style=\"color: #000000;\"><span style=\"font-family: Gabriola, fantasy;\"><span style=\"font-size: x-large;\"><span lang=\"fr-FR\">8,00<\/span><\/span><\/span><\/span><span style=\"color: #000000;\"><span style=\"font-family: Gabriola, fantasy;\"><span style=\"font-size: x-large;\"><span lang=\"fr-FR\"> \u20ac<\/span><\/span><\/span><\/span><\/p>\n<p><span style=\"color: #000000;\"><span style=\"font-family: Gabriola, fantasy;\"><span style=\"font-size: large;\"><span lang=\"fr-FR\"><u><b>Les onctueuses<\/b><\/u><\/span><\/span><\/span><\/span><b> <\/b><span style=\"color: #000000;\"><span style=\"font-family: Gabriola, fantasy;\"><span style=\"font-size: large;\"><span lang=\"fr-FR\">: <\/span><\/span><\/span><\/span><span style=\"color: #000000;\"><span style=\"font-family: Gabriola, fantasy;\"><span style=\"font-size: large;\"><span lang=\"fr-FR\">vanille, chocolat, caf\u00e9, pistache, menthe- chocolat, rhum-raisin, caramel, coco, <\/span><\/span><\/span><\/span><\/p>\n<p><span style=\"color: #000000;\"><span style=\"font-family: Gabriola, fantasy;\"><span style=\"font-size: large;\"><span lang=\"fr-FR\"><u><b>Les sorbets<\/b><\/u><\/span><\/span><\/span><\/span><span style=\"color: #000000;\"><span style=\"font-family: Gabriola, fantasy;\"><span style=\"font-size: large;\"><span lang=\"fr-FR\"> : <\/span><\/span><\/span><\/span><span style=\"color: #000000;\"><span style=\"font-family: Gabriola, fantasy;\"><span style=\"font-size: large;\"><span lang=\"fr-FR\">cassis, citron vert, Citron, jaune, fraise, passion, framboise, ananas, <\/span><\/span><\/span><\/span><\/p>\n<p><!-- [if gte mso 9]><xml>\n<w:LatentStyles DefLockedState=\"false\" LatentStyleCount=\"156\">\n<\/w:LatentStyles>\n<\/xml><![endif]--><!-- [if gte mso 10]>\n\n\n\n\n\n\n\n\n\n\n\n<style>\n \/* Style Definitions *\/\ntable.MsoNormalTable\n{mso-style-name:\"Tableau Normal\";\nmso-tstyle-rowband-size:0;\nmso-tstyle-colband-size:0;\nmso-style-noshow:yes;\nmso-style-parent:\"\";\nmso-padding-alt:0cm 5.4pt 0cm 5.4pt;\nmso-para-margin:0cm;\nmso-para-margin-bottom:.0001pt;\nmso-pagination:widow-orphan;\nfont-size:10.0pt;\nfont-family:\"Times New Roman\";\nmso-ansi-language:#0400;\nmso-fareast-language:#0400;\nmso-bidi-language:#0400;}\n<\/style>\n\n\n\n\n\n\n\n\n\n\n\n<![endif]--><!-- [if gte mso 9]><xml>\n<w:LatentStyles DefLockedState=\"false\" LatentStyleCount=\"156\">\n<\/w:LatentStyles>\n<\/xml><![endif]--><!-- [if gte mso 10]>\n\n\n\n\n\n\n\n\n\n\n\n<style>\n \/* Style Definitions *\/\ntable.MsoNormalTable\n{mso-style-name:\"Tableau Normal\";\nmso-tstyle-rowband-size:0;\nmso-tstyle-colband-size:0;\nmso-style-noshow:yes;\nmso-style-parent:\"\";\nmso-padding-alt:0cm 5.4pt 0cm 5.4pt;\nmso-para-margin:0cm;\nmso-para-margin-bottom:.0001pt;\nmso-pagination:widow-orphan;\nfont-size:10.0pt;\nfont-family:\"Times New Roman\";\nmso-ansi-language:#0400;\nmso-fareast-language:#0400;\nmso-bidi-language:#0400;}\n<\/style>\n\n\n\n\n\n\n\n\n\n\n\n<![endif]--><\/p>\n\n\n<p><\/p>\n","protected":false},"excerpt":{"rendered":"<p>Caf\u00e9\/Th\u00e9 Gourmand 10,50 \u20ac Plateau de Fromages S\u00e9lectionn\u00e9s par Julien Tessier 11,50 \u20ac Moelleux \u00e0 la Pistache, Sorbet Framboise 8,50 \u20ac Surprise de Cornic N\u00b0 7 (\u00ab\u00a0Babannel\u00e9\u00a0\u00bb, Ananas confit, Chantilly) 10,50 \u20ac Cr\u00e8me Br\u00fbl\u00e9e Maison Caramel Beurre Sal\u00e9e 9,00 \u20ac Tatin au Pomme, Sabl\u00e9 Breton 9,00 \u20ac Tarte Souffl\u00e9e au Chocolat (10 min de cuisson) &hellip; <\/p>\n<p class=\"link-more\"><a href=\"https:\/\/www.lepetitcaboulot.com\/index.php\/la-carte\/desserts\/\" class=\"more-link\">Continuer la lecture<span class=\"screen-reader-text\"> de &laquo;&nbsp;Les Gourmandises&nbsp;&raquo;<\/span><\/a><\/p>\n","protected":false},"author":1,"featured_media":602,"parent":67,"menu_order":4,"comment_status":"closed","ping_status":"closed","template":"","meta":{"footnotes":""},"class_list":["post-77","page","type-page","status-publish","has-post-thumbnail","hentry"],"yoast_head":"<!-- This site is optimized with the Yoast SEO plugin v27.4 - https:\/\/yoast.com\/product\/yoast-seo-wordpress\/ -->\n<title>Les Gourmandises -<\/title>\n<meta name=\"robots\" content=\"index, follow, max-snippet:-1, max-image-preview:large, max-video-preview:-1\" \/>\n<link rel=\"canonical\" href=\"https:\/\/www.lepetitcaboulot.com\/index.php\/la-carte\/desserts\/\" \/>\n<meta property=\"og:locale\" content=\"fr_FR\" \/>\n<meta property=\"og:type\" content=\"article\" \/>\n<meta property=\"og:title\" content=\"Les Gourmandises -\" \/>\n<meta property=\"og:description\" content=\"Caf\u00e9\/Th\u00e9 Gourmand 10,50 \u20ac Plateau de Fromages S\u00e9lectionn\u00e9s par Julien Tessier 11,50 \u20ac Moelleux \u00e0 la Pistache, Sorbet Framboise 8,50 \u20ac Surprise de Cornic N\u00b0 7 (\u00ab\u00a0Babannel\u00e9\u00a0\u00bb, Ananas confit, Chantilly) 10,50 \u20ac Cr\u00e8me Br\u00fbl\u00e9e Maison Caramel Beurre Sal\u00e9e 9,00 \u20ac Tatin au Pomme, Sabl\u00e9 Breton 9,00 \u20ac Tarte Souffl\u00e9e au Chocolat (10 min de cuisson) &hellip; Continuer la lecture de &laquo;&nbsp;Les Gourmandises&nbsp;&raquo;\" \/>\n<meta property=\"og:url\" content=\"https:\/\/www.lepetitcaboulot.com\/index.php\/la-carte\/desserts\/\" \/>\n<meta property=\"article:publisher\" content=\"https:\/\/www.facebook.com\/petitcaboulot\" \/>\n<meta property=\"article:modified_time\" content=\"2026-03-11T08:56:40+00:00\" \/>\n<meta name=\"twitter:card\" content=\"summary_large_image\" \/>\n<meta name=\"twitter:label1\" content=\"Dur\u00e9e de lecture estim\u00e9e\" \/>\n\t<meta name=\"twitter:data1\" content=\"2 minutes\" \/>\n<script type=\"application\/ld+json\" class=\"yoast-schema-graph\">{\"@context\":\"https:\\\/\\\/schema.org\",\"@graph\":[{\"@type\":\"WebPage\",\"@id\":\"https:\\\/\\\/www.lepetitcaboulot.com\\\/index.php\\\/la-carte\\\/desserts\\\/\",\"url\":\"https:\\\/\\\/www.lepetitcaboulot.com\\\/index.php\\\/la-carte\\\/desserts\\\/\",\"name\":\"Les Gourmandises -\",\"isPartOf\":{\"@id\":\"https:\\\/\\\/www.lepetitcaboulot.com\\\/#website\"},\"primaryImageOfPage\":{\"@id\":\"https:\\\/\\\/www.lepetitcaboulot.com\\\/index.php\\\/la-carte\\\/desserts\\\/#primaryimage\"},\"image\":{\"@id\":\"https:\\\/\\\/www.lepetitcaboulot.com\\\/index.php\\\/la-carte\\\/desserts\\\/#primaryimage\"},\"thumbnailUrl\":\"\",\"datePublished\":\"2013-03-14T14:37:54+00:00\",\"dateModified\":\"2026-03-11T08:56:40+00:00\",\"breadcrumb\":{\"@id\":\"https:\\\/\\\/www.lepetitcaboulot.com\\\/index.php\\\/la-carte\\\/desserts\\\/#breadcrumb\"},\"inLanguage\":\"fr-FR\",\"potentialAction\":[{\"@type\":\"ReadAction\",\"target\":[\"https:\\\/\\\/www.lepetitcaboulot.com\\\/index.php\\\/la-carte\\\/desserts\\\/\"]}]},{\"@type\":\"ImageObject\",\"inLanguage\":\"fr-FR\",\"@id\":\"https:\\\/\\\/www.lepetitcaboulot.com\\\/index.php\\\/la-carte\\\/desserts\\\/#primaryimage\",\"url\":\"\",\"contentUrl\":\"\"},{\"@type\":\"BreadcrumbList\",\"@id\":\"https:\\\/\\\/www.lepetitcaboulot.com\\\/index.php\\\/la-carte\\\/desserts\\\/#breadcrumb\",\"itemListElement\":[{\"@type\":\"ListItem\",\"position\":1,\"name\":\"Accueil\",\"item\":\"https:\\\/\\\/www.lepetitcaboulot.com\\\/\"},{\"@type\":\"ListItem\",\"position\":2,\"name\":\"La Carte\",\"item\":\"https:\\\/\\\/www.lepetitcaboulot.com\\\/index.php\\\/la-carte\\\/\"},{\"@type\":\"ListItem\",\"position\":3,\"name\":\"Les Gourmandises\"}]},{\"@type\":\"WebSite\",\"@id\":\"https:\\\/\\\/www.lepetitcaboulot.com\\\/#website\",\"url\":\"https:\\\/\\\/www.lepetitcaboulot.com\\\/\",\"name\":\"WWW.lepetitcaboulot.com\",\"description\":\"Restaurant traditionnel situ\u00e9 \u00e0 Isle Saint Georges, pr\u00e8s de Bordeaux (33)\",\"publisher\":{\"@id\":\"https:\\\/\\\/www.lepetitcaboulot.com\\\/#organization\"},\"potentialAction\":[{\"@type\":\"SearchAction\",\"target\":{\"@type\":\"EntryPoint\",\"urlTemplate\":\"https:\\\/\\\/www.lepetitcaboulot.com\\\/?s={search_term_string}\"},\"query-input\":{\"@type\":\"PropertyValueSpecification\",\"valueRequired\":true,\"valueName\":\"search_term_string\"}}],\"inLanguage\":\"fr-FR\"},{\"@type\":\"Organization\",\"@id\":\"https:\\\/\\\/www.lepetitcaboulot.com\\\/#organization\",\"name\":\"Restaurant le petit caboulot\",\"url\":\"https:\\\/\\\/www.lepetitcaboulot.com\\\/\",\"logo\":{\"@type\":\"ImageObject\",\"inLanguage\":\"fr-FR\",\"@id\":\"https:\\\/\\\/www.lepetitcaboulot.com\\\/#\\\/schema\\\/logo\\\/image\\\/\",\"url\":\"http:\\\/\\\/www.lepetitcaboulot.com\\\/wp-content\\\/uploads\\\/2024\\\/11\\\/toque-nb.bmp\",\"contentUrl\":\"http:\\\/\\\/www.lepetitcaboulot.com\\\/wp-content\\\/uploads\\\/2024\\\/11\\\/toque-nb.bmp\",\"width\":530,\"height\":530,\"caption\":\"Restaurant le petit caboulot\"},\"image\":{\"@id\":\"https:\\\/\\\/www.lepetitcaboulot.com\\\/#\\\/schema\\\/logo\\\/image\\\/\"},\"sameAs\":[\"https:\\\/\\\/www.facebook.com\\\/petitcaboulot\",\"https:\\\/\\\/www.instagram.com\\\/petitcaboulot\\\/\"]}]}<\/script>\n<!-- \/ Yoast SEO plugin. -->","yoast_head_json":{"title":"Les Gourmandises -","robots":{"index":"index","follow":"follow","max-snippet":"max-snippet:-1","max-image-preview":"max-image-preview:large","max-video-preview":"max-video-preview:-1"},"canonical":"https:\/\/www.lepetitcaboulot.com\/index.php\/la-carte\/desserts\/","og_locale":"fr_FR","og_type":"article","og_title":"Les Gourmandises -","og_description":"Caf\u00e9\/Th\u00e9 Gourmand 10,50 \u20ac Plateau de Fromages S\u00e9lectionn\u00e9s par Julien Tessier 11,50 \u20ac Moelleux \u00e0 la Pistache, Sorbet Framboise 8,50 \u20ac Surprise de Cornic N\u00b0 7 (\u00ab\u00a0Babannel\u00e9\u00a0\u00bb, Ananas confit, Chantilly) 10,50 \u20ac Cr\u00e8me Br\u00fbl\u00e9e Maison Caramel Beurre Sal\u00e9e 9,00 \u20ac Tatin au Pomme, Sabl\u00e9 Breton 9,00 \u20ac Tarte Souffl\u00e9e au Chocolat (10 min de cuisson) &hellip; Continuer la lecture de &laquo;&nbsp;Les Gourmandises&nbsp;&raquo;","og_url":"https:\/\/www.lepetitcaboulot.com\/index.php\/la-carte\/desserts\/","article_publisher":"https:\/\/www.facebook.com\/petitcaboulot","article_modified_time":"2026-03-11T08:56:40+00:00","twitter_card":"summary_large_image","twitter_misc":{"Dur\u00e9e de lecture estim\u00e9e":"2 minutes"},"schema":{"@context":"https:\/\/schema.org","@graph":[{"@type":"WebPage","@id":"https:\/\/www.lepetitcaboulot.com\/index.php\/la-carte\/desserts\/","url":"https:\/\/www.lepetitcaboulot.com\/index.php\/la-carte\/desserts\/","name":"Les Gourmandises -","isPartOf":{"@id":"https:\/\/www.lepetitcaboulot.com\/#website"},"primaryImageOfPage":{"@id":"https:\/\/www.lepetitcaboulot.com\/index.php\/la-carte\/desserts\/#primaryimage"},"image":{"@id":"https:\/\/www.lepetitcaboulot.com\/index.php\/la-carte\/desserts\/#primaryimage"},"thumbnailUrl":"","datePublished":"2013-03-14T14:37:54+00:00","dateModified":"2026-03-11T08:56:40+00:00","breadcrumb":{"@id":"https:\/\/www.lepetitcaboulot.com\/index.php\/la-carte\/desserts\/#breadcrumb"},"inLanguage":"fr-FR","potentialAction":[{"@type":"ReadAction","target":["https:\/\/www.lepetitcaboulot.com\/index.php\/la-carte\/desserts\/"]}]},{"@type":"ImageObject","inLanguage":"fr-FR","@id":"https:\/\/www.lepetitcaboulot.com\/index.php\/la-carte\/desserts\/#primaryimage","url":"","contentUrl":""},{"@type":"BreadcrumbList","@id":"https:\/\/www.lepetitcaboulot.com\/index.php\/la-carte\/desserts\/#breadcrumb","itemListElement":[{"@type":"ListItem","position":1,"name":"Accueil","item":"https:\/\/www.lepetitcaboulot.com\/"},{"@type":"ListItem","position":2,"name":"La Carte","item":"https:\/\/www.lepetitcaboulot.com\/index.php\/la-carte\/"},{"@type":"ListItem","position":3,"name":"Les Gourmandises"}]},{"@type":"WebSite","@id":"https:\/\/www.lepetitcaboulot.com\/#website","url":"https:\/\/www.lepetitcaboulot.com\/","name":"WWW.lepetitcaboulot.com","description":"Restaurant traditionnel situ\u00e9 \u00e0 Isle Saint Georges, pr\u00e8s de Bordeaux (33)","publisher":{"@id":"https:\/\/www.lepetitcaboulot.com\/#organization"},"potentialAction":[{"@type":"SearchAction","target":{"@type":"EntryPoint","urlTemplate":"https:\/\/www.lepetitcaboulot.com\/?s={search_term_string}"},"query-input":{"@type":"PropertyValueSpecification","valueRequired":true,"valueName":"search_term_string"}}],"inLanguage":"fr-FR"},{"@type":"Organization","@id":"https:\/\/www.lepetitcaboulot.com\/#organization","name":"Restaurant le petit caboulot","url":"https:\/\/www.lepetitcaboulot.com\/","logo":{"@type":"ImageObject","inLanguage":"fr-FR","@id":"https:\/\/www.lepetitcaboulot.com\/#\/schema\/logo\/image\/","url":"http:\/\/www.lepetitcaboulot.com\/wp-content\/uploads\/2024\/11\/toque-nb.bmp","contentUrl":"http:\/\/www.lepetitcaboulot.com\/wp-content\/uploads\/2024\/11\/toque-nb.bmp","width":530,"height":530,"caption":"Restaurant le petit caboulot"},"image":{"@id":"https:\/\/www.lepetitcaboulot.com\/#\/schema\/logo\/image\/"},"sameAs":["https:\/\/www.facebook.com\/petitcaboulot","https:\/\/www.instagram.com\/petitcaboulot\/"]}]}},"featured_media_urls":[],"_links":{"self":[{"href":"https:\/\/www.lepetitcaboulot.com\/index.php\/wp-json\/wp\/v2\/pages\/77","targetHints":{"allow":["GET"]}}],"collection":[{"href":"https:\/\/www.lepetitcaboulot.com\/index.php\/wp-json\/wp\/v2\/pages"}],"about":[{"href":"https:\/\/www.lepetitcaboulot.com\/index.php\/wp-json\/wp\/v2\/types\/page"}],"author":[{"embeddable":true,"href":"https:\/\/www.lepetitcaboulot.com\/index.php\/wp-json\/wp\/v2\/users\/1"}],"replies":[{"embeddable":true,"href":"https:\/\/www.lepetitcaboulot.com\/index.php\/wp-json\/wp\/v2\/comments?post=77"}],"version-history":[{"count":22,"href":"https:\/\/www.lepetitcaboulot.com\/index.php\/wp-json\/wp\/v2\/pages\/77\/revisions"}],"predecessor-version":[{"id":2567,"href":"https:\/\/www.lepetitcaboulot.com\/index.php\/wp-json\/wp\/v2\/pages\/77\/revisions\/2567"}],"up":[{"embeddable":true,"href":"https:\/\/www.lepetitcaboulot.com\/index.php\/wp-json\/wp\/v2\/pages\/67"}],"wp:featuredmedia":[{"embeddable":true,"href":"https:\/\/www.lepetitcaboulot.com\/index.php\/wp-json\/"}],"wp:attachment":[{"href":"https:\/\/www.lepetitcaboulot.com\/index.php\/wp-json\/wp\/v2\/media?parent=77"}],"curies":[{"name":"wp","href":"https:\/\/api.w.org\/{rel}","templated":true}]}}