{"id":75,"date":"2013-03-14T15:37:36","date_gmt":"2013-03-14T14:37:36","guid":{"rendered":"http:\/\/emmanuelgaye.fr\/lepetitcaboulot\/?page_id=75"},"modified":"2026-03-11T09:57:07","modified_gmt":"2026-03-11T08:57:07","slug":"plats-vegetariens","status":"publish","type":"page","link":"https:\/\/www.lepetitcaboulot.com\/index.php\/la-carte\/plats-vegetariens\/","title":{"rendered":"Le Coin du Potager"},"content":{"rendered":"<p><!-- [if gte mso 9]><xml>\n<w:WordDocument>\n<w:View>Normal<\/w:View>\n<w:Zoom>0<\/w:Zoom>\n<w:HyphenationZone>21<\/w:HyphenationZone>\n<w:PunctuationKerning\/>\n<w:ValidateAgainstSchemas\/>\n<w:SaveIfXMLInvalid>false<\/w:SaveIfXMLInvalid>\n<w:IgnoreMixedContent>false<\/w:IgnoreMixedContent>\n<w:AlwaysShowPlaceholderText>false<\/w:AlwaysShowPlaceholderText>\n<w:Compatibility>\n<w:BreakWrappedTables\/>\n<w:SnapToGridInCell\/>\n<w:WrapTextWithPunct\/>\n<w:UseAsianBreakRules\/>\n<w:DontGrowAutofit\/>\n<\/w:Compatibility>\n<w:BrowserLevel>MicrosoftInternetExplorer4<\/w:BrowserLevel>\n<\/w:WordDocument>\n<\/xml><![endif]--><\/p>\n<p><!-- [if gte mso 9]><xml>\n<w:LatentStyles DefLockedState=\"false\" LatentStyleCount=\"156\">\n<\/w:LatentStyles>\n<\/xml><![endif]--><!-- [if gte mso 10]>\n\n\n\n<style>\n \/* Style Definitions *\/\n table.MsoNormalTable\n\t{mso-style-name:\"Tableau Normal\";\n\tmso-tstyle-rowband-size:0;\n\tmso-tstyle-colband-size:0;\n\tmso-style-noshow:yes;\n\tmso-style-parent:\"\";\n\tmso-padding-alt:0cm 5.4pt 0cm 5.4pt;\n\tmso-para-margin:0cm;\n\tmso-para-margin-bottom:.0001pt;\n\tmso-pagination:widow-orphan;\n\tfont-size:10.0pt;\n\tfont-family:\"Times New Roman\";\n\tmso-ansi-language:#0400;\n\tmso-fareast-language:#0400;\n\tmso-bidi-language:#0400;}\n<\/style>\n\n\n\n<![endif]--><\/p>\n<p class=\"western\"><span style=\"color: #000000;\"><span style=\"font-family: Gabriola, fantasy;\"><span style=\"font-size: x-large;\"><span lang=\"fr-FR\">Vol au Vent de L\u00e9gumes Printaniers, \u0152uf parfait<\/span><\/span><\/span><\/span><span style=\"color: #000000;\"><span style=\"font-family: Gabriola, fantasy;\"><span style=\"font-size: x-large;\"><span lang=\"fr-FR\"> <img decoding=\"async\" class=\"alignnone  wp-image-1568\" src=\"http:\/\/www.lepetitcaboulot.com\/wp-content\/uploads\/2024\/03\/kisspng-vegetarianism-vegan-friendly-veganism-logo-brand-aravit-bowel-detox-5b6efcebe12af9.3679503415340003639223-1-300x300.png\" alt=\"\" width=\"42\" height=\"42\" srcset=\"https:\/\/www.lepetitcaboulot.com\/wp-content\/uploads\/2024\/03\/kisspng-vegetarianism-vegan-friendly-veganism-logo-brand-aravit-bowel-detox-5b6efcebe12af9.3679503415340003639223-1-300x300.png 300w, https:\/\/www.lepetitcaboulot.com\/wp-content\/uploads\/2024\/03\/kisspng-vegetarianism-vegan-friendly-veganism-logo-brand-aravit-bowel-detox-5b6efcebe12af9.3679503415340003639223-1-250x250.png 250w, https:\/\/www.lepetitcaboulot.com\/wp-content\/uploads\/2024\/03\/kisspng-vegetarianism-vegan-friendly-veganism-logo-brand-aravit-bowel-detox-5b6efcebe12af9.3679503415340003639223-1-100x100.png 100w, https:\/\/www.lepetitcaboulot.com\/wp-content\/uploads\/2024\/03\/kisspng-vegetarianism-vegan-friendly-veganism-logo-brand-aravit-bowel-detox-5b6efcebe12af9.3679503415340003639223-1-350x349.png 350w, https:\/\/www.lepetitcaboulot.com\/wp-content\/uploads\/2024\/03\/kisspng-vegetarianism-vegan-friendly-veganism-logo-brand-aravit-bowel-detox-5b6efcebe12af9.3679503415340003639223-1-150x150.png 150w, https:\/\/www.lepetitcaboulot.com\/wp-content\/uploads\/2024\/03\/kisspng-vegetarianism-vegan-friendly-veganism-logo-brand-aravit-bowel-detox-5b6efcebe12af9.3679503415340003639223-1.png 661w, https:\/\/www.lepetitcaboulot.com\/wp-content\/uploads\/2024\/03\/kisspng-vegetarianism-vegan-friendly-veganism-logo-brand-aravit-bowel-detox-5b6efcebe12af9.3679503415340003639223-1-600x599.png 600w\" sizes=\"(max-width: 42px) 100vw, 42px\" \/> <\/span><\/span><\/span><\/span><span style=\"color: #000000;\"><span style=\"font-family: Gabriola, fantasy;\"><span style=\"font-size: x-large;\"><span lang=\"fr-FR\">18,00 \u20ac<\/span><\/span><\/span><\/span><\/p>\n<pre><span style=\"color: #000000;\"><span style=\"font-family: Gabriola, fantasy;\"><span style=\"font-size: x-large;\">\u00a0<\/span><\/span><\/span><\/pre>\n","protected":false},"excerpt":{"rendered":"<p>Vol au Vent de L\u00e9gumes Printaniers, \u0152uf parfait 18,00 \u20ac \u00a0<\/p>\n","protected":false},"author":1,"featured_media":0,"parent":67,"menu_order":3,"comment_status":"closed","ping_status":"closed","template":"","meta":{"footnotes":""},"class_list":["post-75","page","type-page","status-publish","hentry"],"yoast_head":"<!-- This site is optimized with the Yoast SEO plugin v27.4 - https:\/\/yoast.com\/product\/yoast-seo-wordpress\/ -->\n<title>Le Coin du Potager -<\/title>\n<meta name=\"robots\" content=\"index, follow, max-snippet:-1, max-image-preview:large, max-video-preview:-1\" \/>\n<link rel=\"canonical\" href=\"https:\/\/www.lepetitcaboulot.com\/index.php\/la-carte\/plats-vegetariens\/\" \/>\n<meta property=\"og:locale\" content=\"fr_FR\" \/>\n<meta property=\"og:type\" content=\"article\" \/>\n<meta property=\"og:title\" content=\"Le Coin du Potager -\" \/>\n<meta property=\"og:description\" content=\"Vol au Vent de L\u00e9gumes Printaniers, \u0152uf parfait 18,00 \u20ac \u00a0\" \/>\n<meta property=\"og:url\" content=\"https:\/\/www.lepetitcaboulot.com\/index.php\/la-carte\/plats-vegetariens\/\" \/>\n<meta property=\"article:publisher\" content=\"https:\/\/www.facebook.com\/petitcaboulot\" \/>\n<meta property=\"article:modified_time\" content=\"2026-03-11T08:57:07+00:00\" \/>\n<meta property=\"og:image\" content=\"https:\/\/www.lepetitcaboulot.com\/wp-content\/uploads\/2024\/03\/kisspng-vegetarianism-vegan-friendly-veganism-logo-brand-aravit-bowel-detox-5b6efcebe12af9.3679503415340003639223-1.png\" \/>\n\t<meta property=\"og:image:width\" content=\"661\" \/>\n\t<meta property=\"og:image:height\" content=\"660\" \/>\n\t<meta property=\"og:image:type\" content=\"image\/png\" \/>\n<meta name=\"twitter:card\" content=\"summary_large_image\" \/>\n<meta name=\"twitter:label1\" content=\"Dur\u00e9e de lecture estim\u00e9e\" \/>\n\t<meta name=\"twitter:data1\" content=\"1 minute\" \/>\n<script type=\"application\/ld+json\" class=\"yoast-schema-graph\">{\"@context\":\"https:\\\/\\\/schema.org\",\"@graph\":[{\"@type\":\"WebPage\",\"@id\":\"https:\\\/\\\/www.lepetitcaboulot.com\\\/index.php\\\/la-carte\\\/plats-vegetariens\\\/\",\"url\":\"https:\\\/\\\/www.lepetitcaboulot.com\\\/index.php\\\/la-carte\\\/plats-vegetariens\\\/\",\"name\":\"Le Coin du Potager -\",\"isPartOf\":{\"@id\":\"https:\\\/\\\/www.lepetitcaboulot.com\\\/#website\"},\"primaryImageOfPage\":{\"@id\":\"https:\\\/\\\/www.lepetitcaboulot.com\\\/index.php\\\/la-carte\\\/plats-vegetariens\\\/#primaryimage\"},\"image\":{\"@id\":\"https:\\\/\\\/www.lepetitcaboulot.com\\\/index.php\\\/la-carte\\\/plats-vegetariens\\\/#primaryimage\"},\"thumbnailUrl\":\"http:\\\/\\\/www.lepetitcaboulot.com\\\/wp-content\\\/uploads\\\/2024\\\/03\\\/kisspng-vegetarianism-vegan-friendly-veganism-logo-brand-aravit-bowel-detox-5b6efcebe12af9.3679503415340003639223-1-300x300.png\",\"datePublished\":\"2013-03-14T14:37:36+00:00\",\"dateModified\":\"2026-03-11T08:57:07+00:00\",\"breadcrumb\":{\"@id\":\"https:\\\/\\\/www.lepetitcaboulot.com\\\/index.php\\\/la-carte\\\/plats-vegetariens\\\/#breadcrumb\"},\"inLanguage\":\"fr-FR\",\"potentialAction\":[{\"@type\":\"ReadAction\",\"target\":[\"https:\\\/\\\/www.lepetitcaboulot.com\\\/index.php\\\/la-carte\\\/plats-vegetariens\\\/\"]}]},{\"@type\":\"ImageObject\",\"inLanguage\":\"fr-FR\",\"@id\":\"https:\\\/\\\/www.lepetitcaboulot.com\\\/index.php\\\/la-carte\\\/plats-vegetariens\\\/#primaryimage\",\"url\":\"https:\\\/\\\/www.lepetitcaboulot.com\\\/wp-content\\\/uploads\\\/2024\\\/03\\\/kisspng-vegetarianism-vegan-friendly-veganism-logo-brand-aravit-bowel-detox-5b6efcebe12af9.3679503415340003639223-1.png\",\"contentUrl\":\"https:\\\/\\\/www.lepetitcaboulot.com\\\/wp-content\\\/uploads\\\/2024\\\/03\\\/kisspng-vegetarianism-vegan-friendly-veganism-logo-brand-aravit-bowel-detox-5b6efcebe12af9.3679503415340003639223-1.png\",\"width\":661,\"height\":660},{\"@type\":\"BreadcrumbList\",\"@id\":\"https:\\\/\\\/www.lepetitcaboulot.com\\\/index.php\\\/la-carte\\\/plats-vegetariens\\\/#breadcrumb\",\"itemListElement\":[{\"@type\":\"ListItem\",\"position\":1,\"name\":\"Accueil\",\"item\":\"https:\\\/\\\/www.lepetitcaboulot.com\\\/\"},{\"@type\":\"ListItem\",\"position\":2,\"name\":\"La Carte\",\"item\":\"https:\\\/\\\/www.lepetitcaboulot.com\\\/index.php\\\/la-carte\\\/\"},{\"@type\":\"ListItem\",\"position\":3,\"name\":\"Le Coin du Potager\"}]},{\"@type\":\"WebSite\",\"@id\":\"https:\\\/\\\/www.lepetitcaboulot.com\\\/#website\",\"url\":\"https:\\\/\\\/www.lepetitcaboulot.com\\\/\",\"name\":\"WWW.lepetitcaboulot.com\",\"description\":\"Restaurant traditionnel situ\u00e9 \u00e0 Isle Saint Georges, pr\u00e8s de Bordeaux (33)\",\"publisher\":{\"@id\":\"https:\\\/\\\/www.lepetitcaboulot.com\\\/#organization\"},\"potentialAction\":[{\"@type\":\"SearchAction\",\"target\":{\"@type\":\"EntryPoint\",\"urlTemplate\":\"https:\\\/\\\/www.lepetitcaboulot.com\\\/?s={search_term_string}\"},\"query-input\":{\"@type\":\"PropertyValueSpecification\",\"valueRequired\":true,\"valueName\":\"search_term_string\"}}],\"inLanguage\":\"fr-FR\"},{\"@type\":\"Organization\",\"@id\":\"https:\\\/\\\/www.lepetitcaboulot.com\\\/#organization\",\"name\":\"Restaurant le petit caboulot\",\"url\":\"https:\\\/\\\/www.lepetitcaboulot.com\\\/\",\"logo\":{\"@type\":\"ImageObject\",\"inLanguage\":\"fr-FR\",\"@id\":\"https:\\\/\\\/www.lepetitcaboulot.com\\\/#\\\/schema\\\/logo\\\/image\\\/\",\"url\":\"http:\\\/\\\/www.lepetitcaboulot.com\\\/wp-content\\\/uploads\\\/2024\\\/11\\\/toque-nb.bmp\",\"contentUrl\":\"http:\\\/\\\/www.lepetitcaboulot.com\\\/wp-content\\\/uploads\\\/2024\\\/11\\\/toque-nb.bmp\",\"width\":530,\"height\":530,\"caption\":\"Restaurant le petit caboulot\"},\"image\":{\"@id\":\"https:\\\/\\\/www.lepetitcaboulot.com\\\/#\\\/schema\\\/logo\\\/image\\\/\"},\"sameAs\":[\"https:\\\/\\\/www.facebook.com\\\/petitcaboulot\",\"https:\\\/\\\/www.instagram.com\\\/petitcaboulot\\\/\"]}]}<\/script>\n<!-- \/ Yoast SEO plugin. -->","yoast_head_json":{"title":"Le Coin du Potager -","robots":{"index":"index","follow":"follow","max-snippet":"max-snippet:-1","max-image-preview":"max-image-preview:large","max-video-preview":"max-video-preview:-1"},"canonical":"https:\/\/www.lepetitcaboulot.com\/index.php\/la-carte\/plats-vegetariens\/","og_locale":"fr_FR","og_type":"article","og_title":"Le Coin du Potager -","og_description":"Vol au Vent de L\u00e9gumes Printaniers, \u0152uf parfait 18,00 \u20ac \u00a0","og_url":"https:\/\/www.lepetitcaboulot.com\/index.php\/la-carte\/plats-vegetariens\/","article_publisher":"https:\/\/www.facebook.com\/petitcaboulot","article_modified_time":"2026-03-11T08:57:07+00:00","og_image":[{"width":661,"height":660,"url":"https:\/\/www.lepetitcaboulot.com\/wp-content\/uploads\/2024\/03\/kisspng-vegetarianism-vegan-friendly-veganism-logo-brand-aravit-bowel-detox-5b6efcebe12af9.3679503415340003639223-1.png","type":"image\/png"}],"twitter_card":"summary_large_image","twitter_misc":{"Dur\u00e9e de lecture estim\u00e9e":"1 minute"},"schema":{"@context":"https:\/\/schema.org","@graph":[{"@type":"WebPage","@id":"https:\/\/www.lepetitcaboulot.com\/index.php\/la-carte\/plats-vegetariens\/","url":"https:\/\/www.lepetitcaboulot.com\/index.php\/la-carte\/plats-vegetariens\/","name":"Le Coin du Potager -","isPartOf":{"@id":"https:\/\/www.lepetitcaboulot.com\/#website"},"primaryImageOfPage":{"@id":"https:\/\/www.lepetitcaboulot.com\/index.php\/la-carte\/plats-vegetariens\/#primaryimage"},"image":{"@id":"https:\/\/www.lepetitcaboulot.com\/index.php\/la-carte\/plats-vegetariens\/#primaryimage"},"thumbnailUrl":"http:\/\/www.lepetitcaboulot.com\/wp-content\/uploads\/2024\/03\/kisspng-vegetarianism-vegan-friendly-veganism-logo-brand-aravit-bowel-detox-5b6efcebe12af9.3679503415340003639223-1-300x300.png","datePublished":"2013-03-14T14:37:36+00:00","dateModified":"2026-03-11T08:57:07+00:00","breadcrumb":{"@id":"https:\/\/www.lepetitcaboulot.com\/index.php\/la-carte\/plats-vegetariens\/#breadcrumb"},"inLanguage":"fr-FR","potentialAction":[{"@type":"ReadAction","target":["https:\/\/www.lepetitcaboulot.com\/index.php\/la-carte\/plats-vegetariens\/"]}]},{"@type":"ImageObject","inLanguage":"fr-FR","@id":"https:\/\/www.lepetitcaboulot.com\/index.php\/la-carte\/plats-vegetariens\/#primaryimage","url":"https:\/\/www.lepetitcaboulot.com\/wp-content\/uploads\/2024\/03\/kisspng-vegetarianism-vegan-friendly-veganism-logo-brand-aravit-bowel-detox-5b6efcebe12af9.3679503415340003639223-1.png","contentUrl":"https:\/\/www.lepetitcaboulot.com\/wp-content\/uploads\/2024\/03\/kisspng-vegetarianism-vegan-friendly-veganism-logo-brand-aravit-bowel-detox-5b6efcebe12af9.3679503415340003639223-1.png","width":661,"height":660},{"@type":"BreadcrumbList","@id":"https:\/\/www.lepetitcaboulot.com\/index.php\/la-carte\/plats-vegetariens\/#breadcrumb","itemListElement":[{"@type":"ListItem","position":1,"name":"Accueil","item":"https:\/\/www.lepetitcaboulot.com\/"},{"@type":"ListItem","position":2,"name":"La Carte","item":"https:\/\/www.lepetitcaboulot.com\/index.php\/la-carte\/"},{"@type":"ListItem","position":3,"name":"Le Coin du Potager"}]},{"@type":"WebSite","@id":"https:\/\/www.lepetitcaboulot.com\/#website","url":"https:\/\/www.lepetitcaboulot.com\/","name":"WWW.lepetitcaboulot.com","description":"Restaurant traditionnel situ\u00e9 \u00e0 Isle Saint Georges, pr\u00e8s de Bordeaux (33)","publisher":{"@id":"https:\/\/www.lepetitcaboulot.com\/#organization"},"potentialAction":[{"@type":"SearchAction","target":{"@type":"EntryPoint","urlTemplate":"https:\/\/www.lepetitcaboulot.com\/?s={search_term_string}"},"query-input":{"@type":"PropertyValueSpecification","valueRequired":true,"valueName":"search_term_string"}}],"inLanguage":"fr-FR"},{"@type":"Organization","@id":"https:\/\/www.lepetitcaboulot.com\/#organization","name":"Restaurant le petit caboulot","url":"https:\/\/www.lepetitcaboulot.com\/","logo":{"@type":"ImageObject","inLanguage":"fr-FR","@id":"https:\/\/www.lepetitcaboulot.com\/#\/schema\/logo\/image\/","url":"http:\/\/www.lepetitcaboulot.com\/wp-content\/uploads\/2024\/11\/toque-nb.bmp","contentUrl":"http:\/\/www.lepetitcaboulot.com\/wp-content\/uploads\/2024\/11\/toque-nb.bmp","width":530,"height":530,"caption":"Restaurant le petit caboulot"},"image":{"@id":"https:\/\/www.lepetitcaboulot.com\/#\/schema\/logo\/image\/"},"sameAs":["https:\/\/www.facebook.com\/petitcaboulot","https:\/\/www.instagram.com\/petitcaboulot\/"]}]}},"featured_media_urls":[],"_links":{"self":[{"href":"https:\/\/www.lepetitcaboulot.com\/index.php\/wp-json\/wp\/v2\/pages\/75","targetHints":{"allow":["GET"]}}],"collection":[{"href":"https:\/\/www.lepetitcaboulot.com\/index.php\/wp-json\/wp\/v2\/pages"}],"about":[{"href":"https:\/\/www.lepetitcaboulot.com\/index.php\/wp-json\/wp\/v2\/types\/page"}],"author":[{"embeddable":true,"href":"https:\/\/www.lepetitcaboulot.com\/index.php\/wp-json\/wp\/v2\/users\/1"}],"replies":[{"embeddable":true,"href":"https:\/\/www.lepetitcaboulot.com\/index.php\/wp-json\/wp\/v2\/comments?post=75"}],"version-history":[{"count":16,"href":"https:\/\/www.lepetitcaboulot.com\/index.php\/wp-json\/wp\/v2\/pages\/75\/revisions"}],"predecessor-version":[{"id":2568,"href":"https:\/\/www.lepetitcaboulot.com\/index.php\/wp-json\/wp\/v2\/pages\/75\/revisions\/2568"}],"up":[{"embeddable":true,"href":"https:\/\/www.lepetitcaboulot.com\/index.php\/wp-json\/wp\/v2\/pages\/67"}],"wp:attachment":[{"href":"https:\/\/www.lepetitcaboulot.com\/index.php\/wp-json\/wp\/v2\/media?parent=75"}],"curies":[{"name":"wp","href":"https:\/\/api.w.org\/{rel}","templated":true}]}}