{"id":71,"date":"2013-03-14T15:35:30","date_gmt":"2013-03-14T14:35:30","guid":{"rendered":"http:\/\/emmanuelgaye.fr\/lepetitcaboulot\/?page_id=71"},"modified":"2026-03-11T09:57:43","modified_gmt":"2026-03-11T08:57:43","slug":"grillades","status":"publish","type":"page","link":"https:\/\/www.lepetitcaboulot.com\/index.php\/la-carte\/grillades\/","title":{"rendered":"Les Viandes font de la R\u00e9sistance"},"content":{"rendered":"<p><!-- [if gte mso 9]><xml>\n<w:WordDocument>\n<w:View>Normal<\/w:View>\n<w:Zoom>0<\/w:Zoom>\n<w:HyphenationZone>21<\/w:HyphenationZone>\n<w:PunctuationKerning\/>\n<w:ValidateAgainstSchemas\/>\n<w:SaveIfXMLInvalid>false<\/w:SaveIfXMLInvalid>\n<w:IgnoreMixedContent>false<\/w:IgnoreMixedContent>\n<w:AlwaysShowPlaceholderText>false<\/w:AlwaysShowPlaceholderText>\n<w:Compatibility>\n<w:BreakWrappedTables\/>\n<w:SnapToGridInCell\/>\n<w:WrapTextWithPunct\/>\n<w:UseAsianBreakRules\/>\n<w:DontGrowAutofit\/>\n<\/w:Compatibility>\n<w:BrowserLevel>MicrosoftInternetExplorer4<\/w:BrowserLevel>\n<\/w:WordDocument>\n<\/xml><![endif]--><\/p>\n<p><!-- [if gte mso 9]><xml>\n<w:WordDocument>\n<w:View>Normal<\/w:View>\n<w:Zoom>0<\/w:Zoom>\n<w:HyphenationZone>21<\/w:HyphenationZone>\n<w:PunctuationKerning\/>\n<w:ValidateAgainstSchemas\/>\n<w:SaveIfXMLInvalid>false<\/w:SaveIfXMLInvalid>\n<w:IgnoreMixedContent>false<\/w:IgnoreMixedContent>\n<w:AlwaysShowPlaceholderText>false<\/w:AlwaysShowPlaceholderText>\n<w:Compatibility>\n<w:BreakWrappedTables\/>\n<w:SnapToGridInCell\/>\n<w:WrapTextWithPunct\/>\n<w:UseAsianBreakRules\/>\n<w:DontGrowAutofit\/>\n<\/w:Compatibility>\n<w:BrowserLevel>MicrosoftInternetExplorer4<\/w:BrowserLevel>\n<\/w:WordDocument>\n<\/xml><![endif]--><\/p>\n<p class=\"western\" style=\"text-align: center;\"><span style=\"color: #000000;\"><span style=\"font-family: Gabriola, fantasy;\"><span style=\"font-size: x-large;\"><span lang=\"fr-FR\">Coq au Vin des Graves, <\/span><\/span><\/span><\/span><span style=\"color: #000000;\"><span style=\"font-family: Gabriola, fantasy;\"><span style=\"font-size: x-large;\"><span lang=\"fr-FR\">Mousseline de Pomme de Terre \u00e0 la Truffe<\/span><\/span><\/span><\/span> <span style=\"color: #000000;\"><span style=\"font-family: Gabriola, fantasy;\"><span style=\"font-size: x-large;\"><span lang=\"fr-FR\">22,00 <\/span><\/span><\/span><\/span><span style=\"color: #000000;\"><span style=\"font-family: Gabriola, fantasy;\"><span style=\"font-size: x-large;\"><span lang=\"fr-FR\">\u20ac<\/span><\/span><\/span><\/span><\/p>\n<p class=\"western\" style=\"text-align: center;\"><span style=\"color: #000000;\"><span style=\"font-family: Gabriola, fantasy;\"><span style=\"font-size: x-large;\"><span lang=\"fr-FR\">Parmentier d\u2019Agneau <\/span><\/span><\/span><\/span><span style=\"color: #000000;\"><span style=\"font-family: Gabriola, fantasy;\"><span style=\"font-size: x-large;\"><span lang=\"fr-FR\">Confit <\/span><\/span><\/span><\/span> <span style=\"color: #000000;\"><span style=\"font-family: Gabriola, fantasy;\"><span style=\"font-size: x-large;\"><span lang=\"fr-FR\">aux Olives et Tomates Confites<\/span><\/span><\/span><\/span> <span style=\"color: #000000;\"><span style=\"font-family: Gabriola, fantasy;\"><span style=\"font-size: x-large;\"><span lang=\"fr-FR\">2<\/span><\/span><\/span><\/span><span style=\"color: #000000;\"><span style=\"font-family: Gabriola, fantasy;\"><span style=\"font-size: x-large;\"><span lang=\"fr-FR\">5<\/span><\/span><\/span><\/span><span style=\"color: #000000;\"><span style=\"font-family: Gabriola, fantasy;\"><span style=\"font-size: x-large;\"><span lang=\"fr-FR\">,00 \u20ac<\/span><\/span><\/span><\/span><\/p>\n<p class=\"western\" style=\"text-align: center;\"><span style=\"color: #000000;\"><span style=\"font-family: Gabriola, fantasy;\"><span style=\"font-size: x-large;\"><span lang=\"fr-FR\">Cote de Porc \u00ab\u00a0Nana\u00a0\u00bb, <\/span><\/span><\/span><\/span><span style=\"color: #000000;\"><span style=\"font-family: Gabriola, fantasy;\"><span style=\"font-size: x-large;\"><span lang=\"fr-FR\">Croquant de Paprika Fum\u00e9, <\/span><\/span><\/span><\/span><span style=\"color: #000000;\"><span style=\"font-family: Gabriola, fantasy;\"><span style=\"font-size: x-large;\"><span lang=\"fr-FR\">J<\/span><\/span><\/span><\/span><span style=\"color: #000000;\"><span style=\"font-family: Gabriola, fantasy;\"><span style=\"font-size: x-large;\"><span lang=\"fr-FR\">us de <\/span><\/span><\/span><\/span><span style=\"color: #000000;\"><span style=\"font-family: Gabriola, fantasy;\"><span style=\"font-size: x-large;\"><span lang=\"fr-FR\">V<\/span><\/span><\/span><\/span><span style=\"color: #000000;\"><span style=\"font-family: Gabriola, fantasy;\"><span style=\"font-size: x-large;\"><span lang=\"fr-FR\">iande<\/span><\/span><\/span><\/span> <span style=\"color: #000000;\"><span style=\"font-family: Gabriola, fantasy;\"><span style=\"font-size: x-large;\"><span lang=\"fr-FR\">2<\/span><\/span><\/span><\/span><span style=\"color: #000000;\"><span style=\"font-family: Gabriola, fantasy;\"><span style=\"font-size: x-large;\"><span lang=\"fr-FR\">2<\/span><\/span><\/span><\/span><span style=\"color: #000000;\"><span style=\"font-family: Gabriola, fantasy;\"><span style=\"font-size: x-large;\"><span lang=\"fr-FR\">,00 \u20ac<\/span><\/span><\/span><\/span><\/p>\n<p class=\"western\" style=\"text-align: center;\"><span style=\"color: #000000;\"><span style=\"font-family: Gabriola, serif;\"><span style=\"font-size: x-large;\"><span lang=\"fr-FR\">Pi\u00e8ce de B\u0153uf <\/span><\/span><\/span><\/span><span style=\"color: #000000;\"><span style=\"font-family: Gabriola, fantasy;\"><span style=\"font-size: x-large;\"><span lang=\"fr-FR\">(180 Gr.) <\/span><\/span><\/span><\/span><span style=\"color: #000000;\"><span style=\"font-family: Gabriola, fantasy;\"><span style=\"font-size: large;\"><span lang=\"fr-FR\">\u00c9chalotes Confites <\/span><\/span><\/span><\/span><span style=\"color: #000000;\"><span style=\"font-family: Gabriola, fantasy;\"><span style=\"font-size: large;\"><span lang=\"fr-FR\">ou S<\/span><\/span><\/span><\/span><span style=\"color: #000000;\"><span style=\"font-family: Gabriola, fantasy;\"><span style=\"font-size: large;\"><span lang=\"fr-FR\">auce <\/span><\/span><\/span><\/span><span style=\"color: #000000;\"><span style=\"font-family: Gabriola, fantasy;\"><span style=\"font-size: large;\"><span lang=\"fr-FR\">au V<\/span><\/span><\/span><\/span><span style=\"color: #000000;\"><span style=\"font-family: Gabriola, fantasy;\"><span style=\"font-size: large;\"><span lang=\"fr-FR\">in <\/span><\/span><\/span><\/span><span style=\"color: #000000;\"><span style=\"font-family: Gabriola, fantasy;\"><span style=\"font-size: large;\"><span lang=\"fr-FR\">R<\/span><\/span><\/span><\/span><span style=\"color: #000000;\"><span style=\"font-family: Gabriola, fantasy;\"><span style=\"font-size: large;\"><span lang=\"fr-FR\">ouge<\/span><\/span><\/span><\/span> <span style=\"color: #000000;\"><span style=\"font-family: Gabriola, fantasy;\"><span style=\"font-size: x-large;\"><span lang=\"fr-FR\">27,00 \u20ac <\/span><\/span><\/span><\/span><\/p>\n<p class=\"western\" style=\"text-align: center;\"><span style=\"color: #000000;\"><span style=\"font-family: Gabriola, fantasy;\"><span style=\"font-size: x-large;\"><span lang=\"fr-FR\">Fricass\u00e9<\/span><\/span><\/span><\/span><span style=\"color: #000000;\"><span style=\"font-family: Gabriola, fantasy;\"><span style=\"font-size: x-large;\"><span lang=\"fr-FR\">e<\/span><\/span><\/span><\/span><span style=\"color: #000000;\"><span style=\"font-family: Gabriola, fantasy;\"><span style=\"font-size: x-large;\"><span lang=\"fr-FR\"> de Ris de Veau<\/span><\/span><\/span><\/span><span style=\"color: #000000;\"><span style=\"font-family: Gabriola, fantasy;\"><span style=\"font-size: x-large;\"><span lang=\"fr-FR\"> (150 gr.) aux Morilles<\/span><\/span><\/span><\/span><span style=\"color: #000000;\"><span style=\"font-family: Gabriola, fantasy;\"><span style=\"font-size: x-large;\"><span lang=\"fr-FR\"> 31,00 \u20ac<\/span><\/span><\/span><\/span><\/p>\n<p><!-- [if gte mso 9]><xml>\n<w:LatentStyles DefLockedState=\"false\" LatentStyleCount=\"156\">\n<\/w:LatentStyles>\n<\/xml><![endif]--><!-- [if gte mso 10]>\n\n\n\n<style>\n \/* Style Definitions *\/\ntable.MsoNormalTable\n{mso-style-name:\"Tableau Normal\";\nmso-tstyle-rowband-size:0;\nmso-tstyle-colband-size:0;\nmso-style-noshow:yes;\nmso-style-parent:\"\";\nmso-padding-alt:0cm 5.4pt 0cm 5.4pt;\nmso-para-margin:0cm;\nmso-para-margin-bottom:.0001pt;\nmso-pagination:widow-orphan;\nfont-size:10.0pt;\nfont-family:\"Times New Roman\";\nmso-ansi-language:#0400;\nmso-fareast-language:#0400;\nmso-bidi-language:#0400;}\n<\/style>\n\n\n\n<![endif]--><!-- [if gte mso 9]><xml>\n<w:LatentStyles DefLockedState=\"false\" LatentStyleCount=\"156\">\n<\/w:LatentStyles>\n<\/xml><![endif]--><!-- [if gte mso 10]>\n\n\n\n<style>\n \/* Style Definitions *\/\ntable.MsoNormalTable\n{mso-style-name:\"Tableau Normal\";\nmso-tstyle-rowband-size:0;\nmso-tstyle-colband-size:0;\nmso-style-noshow:yes;\nmso-style-parent:\"\";\nmso-padding-alt:0cm 5.4pt 0cm 5.4pt;\nmso-para-margin:0cm;\nmso-para-margin-bottom:.0001pt;\nmso-pagination:widow-orphan;\nfont-size:10.0pt;\nfont-family:\"Times New Roman\";\nmso-ansi-language:#0400;\nmso-fareast-language:#0400;\nmso-bidi-language:#0400;}\n<\/style>\n\n\n\n<![endif]--><\/p>\n","protected":false},"excerpt":{"rendered":"<p>Coq au Vin des Graves, Mousseline de Pomme de Terre \u00e0 la Truffe 22,00 \u20ac Parmentier d\u2019Agneau Confit aux Olives et Tomates Confites 25,00 \u20ac Cote de Porc \u00ab\u00a0Nana\u00a0\u00bb, Croquant de Paprika Fum\u00e9, Jus de Viande 22,00 \u20ac Pi\u00e8ce de B\u0153uf (180 Gr.) \u00c9chalotes Confites ou Sauce au Vin Rouge 27,00 \u20ac Fricass\u00e9e de Ris &hellip; <\/p>\n<p class=\"link-more\"><a href=\"https:\/\/www.lepetitcaboulot.com\/index.php\/la-carte\/grillades\/\" class=\"more-link\">Continuer la lecture<span class=\"screen-reader-text\"> de &laquo;&nbsp;Les Viandes font de la R\u00e9sistance&nbsp;&raquo;<\/span><\/a><\/p>\n","protected":false},"author":1,"featured_media":0,"parent":67,"menu_order":2,"comment_status":"closed","ping_status":"closed","template":"","meta":{"footnotes":""},"class_list":["post-71","page","type-page","status-publish","hentry"],"yoast_head":"<!-- This site is optimized with the Yoast SEO plugin v27.4 - https:\/\/yoast.com\/product\/yoast-seo-wordpress\/ -->\n<title>Les Viandes font de la R\u00e9sistance -<\/title>\n<meta name=\"robots\" content=\"index, follow, max-snippet:-1, max-image-preview:large, max-video-preview:-1\" \/>\n<link rel=\"canonical\" href=\"https:\/\/www.lepetitcaboulot.com\/index.php\/la-carte\/grillades\/\" \/>\n<meta property=\"og:locale\" content=\"fr_FR\" \/>\n<meta property=\"og:type\" content=\"article\" \/>\n<meta property=\"og:title\" content=\"Les Viandes font de la R\u00e9sistance -\" \/>\n<meta property=\"og:description\" content=\"Coq au Vin des Graves, Mousseline de Pomme de Terre \u00e0 la Truffe 22,00 \u20ac Parmentier d\u2019Agneau Confit aux Olives et Tomates Confites 25,00 \u20ac Cote de Porc \u00ab\u00a0Nana\u00a0\u00bb, Croquant de Paprika Fum\u00e9, Jus de Viande 22,00 \u20ac Pi\u00e8ce de B\u0153uf (180 Gr.) \u00c9chalotes Confites ou Sauce au Vin Rouge 27,00 \u20ac Fricass\u00e9e de Ris &hellip; Continuer la lecture de &laquo;&nbsp;Les Viandes font de la R\u00e9sistance&nbsp;&raquo;\" \/>\n<meta property=\"og:url\" content=\"https:\/\/www.lepetitcaboulot.com\/index.php\/la-carte\/grillades\/\" \/>\n<meta property=\"article:publisher\" content=\"https:\/\/www.facebook.com\/petitcaboulot\" \/>\n<meta property=\"article:modified_time\" content=\"2026-03-11T08:57:43+00:00\" \/>\n<meta name=\"twitter:card\" content=\"summary_large_image\" \/>\n<meta name=\"twitter:label1\" content=\"Dur\u00e9e de lecture estim\u00e9e\" \/>\n\t<meta name=\"twitter:data1\" content=\"1 minute\" \/>\n<script type=\"application\/ld+json\" class=\"yoast-schema-graph\">{\"@context\":\"https:\\\/\\\/schema.org\",\"@graph\":[{\"@type\":\"WebPage\",\"@id\":\"https:\\\/\\\/www.lepetitcaboulot.com\\\/index.php\\\/la-carte\\\/grillades\\\/\",\"url\":\"https:\\\/\\\/www.lepetitcaboulot.com\\\/index.php\\\/la-carte\\\/grillades\\\/\",\"name\":\"Les Viandes font de la R\u00e9sistance -\",\"isPartOf\":{\"@id\":\"https:\\\/\\\/www.lepetitcaboulot.com\\\/#website\"},\"datePublished\":\"2013-03-14T14:35:30+00:00\",\"dateModified\":\"2026-03-11T08:57:43+00:00\",\"breadcrumb\":{\"@id\":\"https:\\\/\\\/www.lepetitcaboulot.com\\\/index.php\\\/la-carte\\\/grillades\\\/#breadcrumb\"},\"inLanguage\":\"fr-FR\",\"potentialAction\":[{\"@type\":\"ReadAction\",\"target\":[\"https:\\\/\\\/www.lepetitcaboulot.com\\\/index.php\\\/la-carte\\\/grillades\\\/\"]}]},{\"@type\":\"BreadcrumbList\",\"@id\":\"https:\\\/\\\/www.lepetitcaboulot.com\\\/index.php\\\/la-carte\\\/grillades\\\/#breadcrumb\",\"itemListElement\":[{\"@type\":\"ListItem\",\"position\":1,\"name\":\"Accueil\",\"item\":\"https:\\\/\\\/www.lepetitcaboulot.com\\\/\"},{\"@type\":\"ListItem\",\"position\":2,\"name\":\"La Carte\",\"item\":\"https:\\\/\\\/www.lepetitcaboulot.com\\\/index.php\\\/la-carte\\\/\"},{\"@type\":\"ListItem\",\"position\":3,\"name\":\"Les Viandes font de la R\u00e9sistance\"}]},{\"@type\":\"WebSite\",\"@id\":\"https:\\\/\\\/www.lepetitcaboulot.com\\\/#website\",\"url\":\"https:\\\/\\\/www.lepetitcaboulot.com\\\/\",\"name\":\"WWW.lepetitcaboulot.com\",\"description\":\"Restaurant traditionnel situ\u00e9 \u00e0 Isle Saint Georges, pr\u00e8s de Bordeaux (33)\",\"publisher\":{\"@id\":\"https:\\\/\\\/www.lepetitcaboulot.com\\\/#organization\"},\"potentialAction\":[{\"@type\":\"SearchAction\",\"target\":{\"@type\":\"EntryPoint\",\"urlTemplate\":\"https:\\\/\\\/www.lepetitcaboulot.com\\\/?s={search_term_string}\"},\"query-input\":{\"@type\":\"PropertyValueSpecification\",\"valueRequired\":true,\"valueName\":\"search_term_string\"}}],\"inLanguage\":\"fr-FR\"},{\"@type\":\"Organization\",\"@id\":\"https:\\\/\\\/www.lepetitcaboulot.com\\\/#organization\",\"name\":\"Restaurant le petit caboulot\",\"url\":\"https:\\\/\\\/www.lepetitcaboulot.com\\\/\",\"logo\":{\"@type\":\"ImageObject\",\"inLanguage\":\"fr-FR\",\"@id\":\"https:\\\/\\\/www.lepetitcaboulot.com\\\/#\\\/schema\\\/logo\\\/image\\\/\",\"url\":\"http:\\\/\\\/www.lepetitcaboulot.com\\\/wp-content\\\/uploads\\\/2024\\\/11\\\/toque-nb.bmp\",\"contentUrl\":\"http:\\\/\\\/www.lepetitcaboulot.com\\\/wp-content\\\/uploads\\\/2024\\\/11\\\/toque-nb.bmp\",\"width\":530,\"height\":530,\"caption\":\"Restaurant le petit caboulot\"},\"image\":{\"@id\":\"https:\\\/\\\/www.lepetitcaboulot.com\\\/#\\\/schema\\\/logo\\\/image\\\/\"},\"sameAs\":[\"https:\\\/\\\/www.facebook.com\\\/petitcaboulot\",\"https:\\\/\\\/www.instagram.com\\\/petitcaboulot\\\/\"]}]}<\/script>\n<!-- \/ Yoast SEO plugin. -->","yoast_head_json":{"title":"Les Viandes font de la R\u00e9sistance -","robots":{"index":"index","follow":"follow","max-snippet":"max-snippet:-1","max-image-preview":"max-image-preview:large","max-video-preview":"max-video-preview:-1"},"canonical":"https:\/\/www.lepetitcaboulot.com\/index.php\/la-carte\/grillades\/","og_locale":"fr_FR","og_type":"article","og_title":"Les Viandes font de la R\u00e9sistance -","og_description":"Coq au Vin des Graves, Mousseline de Pomme de Terre \u00e0 la Truffe 22,00 \u20ac Parmentier d\u2019Agneau Confit aux Olives et Tomates Confites 25,00 \u20ac Cote de Porc \u00ab\u00a0Nana\u00a0\u00bb, Croquant de Paprika Fum\u00e9, Jus de Viande 22,00 \u20ac Pi\u00e8ce de B\u0153uf (180 Gr.) \u00c9chalotes Confites ou Sauce au Vin Rouge 27,00 \u20ac Fricass\u00e9e de Ris &hellip; Continuer la lecture de &laquo;&nbsp;Les Viandes font de la R\u00e9sistance&nbsp;&raquo;","og_url":"https:\/\/www.lepetitcaboulot.com\/index.php\/la-carte\/grillades\/","article_publisher":"https:\/\/www.facebook.com\/petitcaboulot","article_modified_time":"2026-03-11T08:57:43+00:00","twitter_card":"summary_large_image","twitter_misc":{"Dur\u00e9e de lecture estim\u00e9e":"1 minute"},"schema":{"@context":"https:\/\/schema.org","@graph":[{"@type":"WebPage","@id":"https:\/\/www.lepetitcaboulot.com\/index.php\/la-carte\/grillades\/","url":"https:\/\/www.lepetitcaboulot.com\/index.php\/la-carte\/grillades\/","name":"Les Viandes font de la R\u00e9sistance -","isPartOf":{"@id":"https:\/\/www.lepetitcaboulot.com\/#website"},"datePublished":"2013-03-14T14:35:30+00:00","dateModified":"2026-03-11T08:57:43+00:00","breadcrumb":{"@id":"https:\/\/www.lepetitcaboulot.com\/index.php\/la-carte\/grillades\/#breadcrumb"},"inLanguage":"fr-FR","potentialAction":[{"@type":"ReadAction","target":["https:\/\/www.lepetitcaboulot.com\/index.php\/la-carte\/grillades\/"]}]},{"@type":"BreadcrumbList","@id":"https:\/\/www.lepetitcaboulot.com\/index.php\/la-carte\/grillades\/#breadcrumb","itemListElement":[{"@type":"ListItem","position":1,"name":"Accueil","item":"https:\/\/www.lepetitcaboulot.com\/"},{"@type":"ListItem","position":2,"name":"La Carte","item":"https:\/\/www.lepetitcaboulot.com\/index.php\/la-carte\/"},{"@type":"ListItem","position":3,"name":"Les Viandes font de la R\u00e9sistance"}]},{"@type":"WebSite","@id":"https:\/\/www.lepetitcaboulot.com\/#website","url":"https:\/\/www.lepetitcaboulot.com\/","name":"WWW.lepetitcaboulot.com","description":"Restaurant traditionnel situ\u00e9 \u00e0 Isle Saint Georges, pr\u00e8s de Bordeaux (33)","publisher":{"@id":"https:\/\/www.lepetitcaboulot.com\/#organization"},"potentialAction":[{"@type":"SearchAction","target":{"@type":"EntryPoint","urlTemplate":"https:\/\/www.lepetitcaboulot.com\/?s={search_term_string}"},"query-input":{"@type":"PropertyValueSpecification","valueRequired":true,"valueName":"search_term_string"}}],"inLanguage":"fr-FR"},{"@type":"Organization","@id":"https:\/\/www.lepetitcaboulot.com\/#organization","name":"Restaurant le petit caboulot","url":"https:\/\/www.lepetitcaboulot.com\/","logo":{"@type":"ImageObject","inLanguage":"fr-FR","@id":"https:\/\/www.lepetitcaboulot.com\/#\/schema\/logo\/image\/","url":"http:\/\/www.lepetitcaboulot.com\/wp-content\/uploads\/2024\/11\/toque-nb.bmp","contentUrl":"http:\/\/www.lepetitcaboulot.com\/wp-content\/uploads\/2024\/11\/toque-nb.bmp","width":530,"height":530,"caption":"Restaurant le petit caboulot"},"image":{"@id":"https:\/\/www.lepetitcaboulot.com\/#\/schema\/logo\/image\/"},"sameAs":["https:\/\/www.facebook.com\/petitcaboulot","https:\/\/www.instagram.com\/petitcaboulot\/"]}]}},"featured_media_urls":[],"_links":{"self":[{"href":"https:\/\/www.lepetitcaboulot.com\/index.php\/wp-json\/wp\/v2\/pages\/71","targetHints":{"allow":["GET"]}}],"collection":[{"href":"https:\/\/www.lepetitcaboulot.com\/index.php\/wp-json\/wp\/v2\/pages"}],"about":[{"href":"https:\/\/www.lepetitcaboulot.com\/index.php\/wp-json\/wp\/v2\/types\/page"}],"author":[{"embeddable":true,"href":"https:\/\/www.lepetitcaboulot.com\/index.php\/wp-json\/wp\/v2\/users\/1"}],"replies":[{"embeddable":true,"href":"https:\/\/www.lepetitcaboulot.com\/index.php\/wp-json\/wp\/v2\/comments?post=71"}],"version-history":[{"count":22,"href":"https:\/\/www.lepetitcaboulot.com\/index.php\/wp-json\/wp\/v2\/pages\/71\/revisions"}],"predecessor-version":[{"id":2569,"href":"https:\/\/www.lepetitcaboulot.com\/index.php\/wp-json\/wp\/v2\/pages\/71\/revisions\/2569"}],"up":[{"embeddable":true,"href":"https:\/\/www.lepetitcaboulot.com\/index.php\/wp-json\/wp\/v2\/pages\/67"}],"wp:attachment":[{"href":"https:\/\/www.lepetitcaboulot.com\/index.php\/wp-json\/wp\/v2\/media?parent=71"}],"curies":[{"name":"wp","href":"https:\/\/api.w.org\/{rel}","templated":true}]}}