{"id":544,"date":"2013-12-01T16:18:40","date_gmt":"2013-12-01T15:18:40","guid":{"rendered":"http:\/\/lepetitcaboulot.com\/?page_id=544"},"modified":"2025-11-22T21:49:32","modified_gmt":"2025-11-22T20:49:32","slug":"menu-saint-sylvestre-et-jour-de-lan-2024","status":"publish","type":"page","link":"https:\/\/www.lepetitcaboulot.com\/index.php\/menu-saint-sylvestre-et-jour-de-lan-2024\/","title":{"rendered":"Menu Saint Sylvestre et Jour de l&rsquo;An 2026"},"content":{"rendered":"<p><!-- [if !mso]&gt;&lt;\/p&gt;&lt;style&gt;v\\:* {behavior:url(#default#VML);}&lt;br&gt;o\\:* {behavior:url(#default#VML);}&lt;br&gt;w\\:* {behavior:url(#default#VML);}&lt;br&gt;.shape {behavior:url(#default#VML);}&lt;br&gt;&lt;\/style&gt;&lt;p&gt;&lt;![endif]--><\/p>\n<p><!-- [if gte mso 9]&gt;&lt;xml&gt;&lt;br&gt;&lt;w:WordDocument&gt;&lt;br&gt;&lt;w:View&gt;Normal&lt;\/w:View&gt;&lt;br&gt;&lt;w:Zoom&gt;0&lt;\/w:Zoom&gt;&lt;br&gt;&lt;w:HyphenationZone&gt;21&lt;\/w:HyphenationZone&gt;&lt;br&gt;&lt;w:PunctuationKerning\/&gt;&lt;br&gt;&lt;w:ValidateAgainstSchemas\/&gt;&lt;br&gt;&lt;w:SaveIfXMLInvalid&gt;false&lt;\/w:SaveIfXMLInvalid&gt;&lt;br&gt;&lt;w:IgnoreMixedContent&gt;false&lt;\/w:IgnoreMixedContent&gt;&lt;br&gt;&lt;w:AlwaysShowPlaceholderText&gt;false&lt;\/w:AlwaysShowPlaceholderText&gt;&lt;br&gt;&lt;w:Compatibility&gt;&lt;br&gt;&lt;w:BreakWrappedTables\/&gt;&lt;br&gt;&lt;w:SnapToGridInCell\/&gt;&lt;br&gt;&lt;w:WrapTextWithPunct\/&gt;&lt;br&gt;&lt;w:UseAsianBreakRules\/&gt;&lt;br&gt;&lt;w:DontGrowAutofit\/&gt;&lt;br&gt;&lt;\/w:Compatibility&gt;&lt;br&gt;&lt;w:BrowserLevel&gt;MicrosoftInternetExplorer4&lt;\/w:BrowserLevel&gt;&lt;br&gt;&lt;\/w:WordDocument&gt;&lt;br&gt;&lt;\/xml&gt;&lt;![endif]--><\/p>\n<p><!-- [if gte mso 9]&gt;&lt;xml&gt;&lt;br&gt;&lt;w:LatentStyles DefLockedState=\"false\" LatentStyleCount=\"156\"&gt;&lt;br&gt;&lt;\/w:LatentStyles&gt;&lt;br&gt;&lt;\/xml&gt;&lt;![endif]--><\/p>\n<p><!-- [if gte mso 10]&gt;&lt;\/p&gt;&lt;style&gt; \/* Style Definitions *\/&lt;br&gt;table.MsoNormalTable&lt;br&gt;{mso-style-name:\"Tableau Normal\";&lt;br&gt;mso-tstyle-rowband-size:0;&lt;br&gt;mso-tstyle-colband-size:0;&lt;br&gt;mso-style-noshow:yes;&lt;br&gt;mso-style-parent:\"\";&lt;br&gt;mso-padding-alt:0cm 5.4pt 0cm 5.4pt;&lt;br&gt;mso-para-margin:0cm;&lt;br&gt;mso-para-margin-bottom:.0001pt;&lt;br&gt;mso-pagination:widow-orphan;&lt;br&gt;font-size:10.0pt;&lt;br&gt;font-family:\"Times New Roman\";&lt;br&gt;mso-ansi-language:#0400;&lt;br&gt;mso-fareast-language:#0400;&lt;br&gt;mso-bidi-language:#0400;}&lt;br&gt;&lt;\/style&gt;&lt;p&gt;&lt;![endif]--><\/p>\n<p><!-- [if gte mso 9]&gt;&lt;xml&gt;&lt;br&gt;&lt;o:shapedefaults v:ext=\"edit\" spidmax=\"1027\"\/&gt;&lt;br&gt;&lt;\/xml&gt;&lt;![endif]--><\/p>\n<p><!-- [if gte mso 9]&gt;&lt;xml&gt;&lt;br&gt;&lt;o:shapelayout v:ext=\"edit\"&gt;&lt;br&gt;&lt;o:idmap v:ext=\"edit\" data=\"1\"\/&gt;&lt;br&gt;&lt;\/o:shapelayout&gt;&lt;\/xml&gt;&lt;![endif]--><\/p>\n<p><!-- [if !mso]&gt;&lt;\/p&gt;&lt;style&gt;v\\:* {behavior:url(#default#VML);}&lt;br&gt;o\\:* {behavior:url(#default#VML);}&lt;br&gt;w\\:* {behavior:url(#default#VML);}&lt;br&gt;.shape {behavior:url(#default#VML);}&lt;br&gt;&lt;\/style&gt;&lt;p&gt;&lt;![endif]--><\/p>\n<h1 class=\"western\" align=\"center\"><strong><span style=\"color: #c19922;\"><span style=\"font-family: Gabriola, fantasy;\"><span style=\"font-size: 300%;\"><b>59,50<\/b><\/span><\/span><\/span><\/strong><strong><span style=\"color: #c19922;\"><span style=\"font-family: Gabriola, fantasy;\"><span style=\"font-size: 300%;\"><b>\u20ac<\/b><\/span><\/span><\/span><\/strong><\/h1>\n<p class=\"western\" align=\"center\"><strong><span style=\"color: #000000;\"><span style=\"font-family: Gabriola, fantasy;\"><span style=\"font-size: xx-large;\"><span lang=\"fr-FR\">Mise en bouche<\/span><\/span><\/span><\/span><\/strong><\/p>\n<p class=\"western\" align=\"center\"><span style=\"font-family: Gabriola, fantasy;\"><span style=\"font-size: xx-large;\">Assiette Terre et Mer<\/span><\/span><\/p>\n<p class=\"western\" align=\"center\"><span style=\"color: #000000;\"><span style=\"font-family: Gabriola, fantasy;\"><span style=\"font-size: x-large;\"><span lang=\"fr-FR\">Tartare de Thon Rouge, <\/span><\/span><\/span><\/span><span style=\"color: #000000;\"><span style=\"font-family: Gabriola, fantasy;\"><span style=\"font-size: x-large;\"><span lang=\"fr-FR\">Perles d\u2019Agrumes au Poivre<\/span><\/span><\/span><\/span><\/p>\n<p class=\"western\" align=\"center\"><span style=\"color: #000000;\"><span style=\"font-family: Gabriola, fantasy;\"><span style=\"font-size: x-large;\"><span lang=\"fr-FR\">Saumon en Gravlax Maison, <\/span><\/span><\/span><\/span><span style=\"color: #000000;\"><span style=\"font-family: Gabriola, fantasy;\"><span style=\"font-size: x-large;\"><span lang=\"fr-FR\">Cr\u00e8me mont\u00e9e au Caviar<\/span><\/span><\/span><\/span><\/p>\n<p class=\"western\" align=\"center\"><span style=\"color: #000000;\"><span style=\"font-family: Gabriola, fantasy;\"><span style=\"font-size: x-large;\"><span lang=\"fr-FR\">Foie Gras de Canard Mi-Cuit Maison, <\/span><\/span><\/span><\/span><span style=\"color: #000000;\"><span style=\"font-family: Gabriola, fantasy;\"><span style=\"font-size: x-large;\"><span lang=\"fr-FR\">Chutney d\u2019Hiver<\/span><\/span><\/span><\/span><\/p>\n<p class=\"western\" align=\"center\"><span style=\"font-family: Gabriola, fantasy;\"><span style=\"font-size: x-large;\">~~~<\/span><\/span><\/p>\n<p class=\"western\" align=\"center\"><span style=\"color: #000000;\"><span style=\"font-family: Gabriola, fantasy;\"><span style=\"font-size: xx-large;\"><span lang=\"fr-FR\">Filet de Dorade, <\/span><\/span><\/span><\/span><span style=\"color: #000000;\"><span style=\"font-family: Gabriola, fantasy;\"><span style=\"font-size: xx-large;\"><span lang=\"fr-FR\">Beurre Blanc aux Fruits de la Passion <\/span><\/span><\/span><\/span><\/p>\n<p class=\"western\" align=\"center\"><span style=\"font-family: Gabriola, fantasy;\"><span style=\"font-size: x-large;\">ou<\/span><\/span><\/p>\n<p class=\"western\" align=\"center\"><span style=\"color: #000000;\"><span style=\"font-family: Gabriola, fantasy;\"><span style=\"font-size: xx-large;\"><span lang=\"fr-FR\">Filet de Sanglier, <\/span><\/span><\/span><\/span><span style=\"color: #000000;\"><span style=\"font-family: Gabriola, fantasy;\"><span style=\"font-size: xx-large;\"><span lang=\"fr-FR\">Sauce au Poivre de Malabar <\/span><\/span><\/span><\/span><b> <\/b><\/p>\n<p class=\"western\" align=\"center\"><span style=\"font-family: Gabriola, fantasy;\"><span style=\"font-size: x-large;\">~~~<\/span><\/span><\/p>\n<p class=\"western\" align=\"center\"><span style=\"color: #000000;\"><span style=\"font-family: Gabriola, fantasy;\"><span style=\"font-size: xx-large;\"><span lang=\"fr-FR\">Plateau de Fromages Affin\u00e9s S\u00e9lectionn\u00e9s par Julien Tessier <\/span><\/span><\/span><\/span><\/p>\n<p class=\"western\" align=\"center\"><span style=\"font-family: Gabriola, fantasy;\"><span style=\"font-size: x-large;\">~~~<\/span><\/span><\/p>\n<p class=\"western\" align=\"center\"><span style=\"font-family: Gabriola, fantasy;\"><span style=\"font-size: xx-large;\">Dessert Surprise du Nouvel An<\/span><\/span><\/p>\n<p class=\"western\" align=\"center\"><span style=\"font-family: Gabriola, fantasy;\"><span style=\"font-size: xx-large;\">Coupe de Champagne<\/span><\/span><\/p>\n<h1 class=\"western\" align=\"center\"><strong><span style=\"color: #c19922;\"><span style=\"font-family: Gabriola, fantasy;\"><span style=\"font-size: 300%;\"><b>69,50<\/b><\/span><\/span><\/span><\/strong><strong><span style=\"color: #c19922;\"><span style=\"font-family: Gabriola, fantasy;\"><span style=\"font-size: 300%;\"><b>\u20ac<\/b><\/span><\/span><\/span><\/strong><\/h1>\n<p class=\"western\" align=\"center\"><strong><span style=\"color: #000000;\"><span style=\"font-family: Gabriola, fantasy;\"><span style=\"font-size: xx-large;\"><span lang=\"fr-FR\">Mise en bouche<\/span><\/span><\/span><\/span><\/strong><\/p>\n<p class=\"western\" align=\"center\"><span style=\"font-family: Gabriola, fantasy;\"><span style=\"font-size: xx-large;\">Assiette Terre et Mer<\/span><\/span><\/p>\n<p class=\"western\" align=\"center\"><span style=\"color: #000000;\"><span style=\"font-family: Gabriola, fantasy;\"><span style=\"font-size: x-large;\"><span lang=\"fr-FR\">Tartare de Thon Rouge, <\/span><\/span><\/span><\/span><span style=\"color: #000000;\"><span style=\"font-family: Gabriola, fantasy;\"><span style=\"font-size: x-large;\"><span lang=\"fr-FR\">Perles d\u2019Agrumes au Poivre<\/span><\/span><\/span><\/span><\/p>\n<p class=\"western\" align=\"center\"><span style=\"color: #000000;\"><span style=\"font-family: Gabriola, fantasy;\"><span style=\"font-size: x-large;\"><span lang=\"fr-FR\">Saumon en Gravlax Maison, <\/span><\/span><\/span><\/span><span style=\"color: #000000;\"><span style=\"font-family: Gabriola, fantasy;\"><span style=\"font-size: x-large;\"><span lang=\"fr-FR\">Cr\u00e8me mont\u00e9e au Caviar<\/span><\/span><\/span><\/span><\/p>\n<p class=\"western\" align=\"center\"><span style=\"color: #000000;\"><span style=\"font-family: Gabriola, fantasy;\"><span style=\"font-size: x-large;\"><span lang=\"fr-FR\">Foie Gras de Canard Mi-Cuit Maison, <\/span><\/span><\/span><\/span><span style=\"color: #000000;\"><span style=\"font-family: Gabriola, fantasy;\"><span style=\"font-size: x-large;\"><span lang=\"fr-FR\">Chutney d\u2019Hiver<\/span><\/span><\/span><\/span><\/p>\n<p class=\"western\" align=\"center\"><span style=\"font-family: Gabriola, fantasy;\"><span style=\"font-size: x-large;\">~~~<\/span><\/span><\/p>\n<p class=\"western\" align=\"center\"><span style=\"font-family: Gabriola, fantasy;\"><span style=\"font-size: xx-large;\">Vol Au Vent de Ris de Veaux aux Morilles<\/span><\/span><\/p>\n<p class=\"western\" align=\"center\"><span style=\"font-family: Gabriola, fantasy;\"><span style=\"font-size: x-large;\">ou<\/span><\/span><\/p>\n<p class=\"western\" align=\"center\"><span style=\"font-family: Gabriola, fantasy;\"><span style=\"font-size: xx-large;\">Montgolfi\u00e8re de Lotte et Saint Jacques<\/span><\/span><\/p>\n<p class=\"western\" align=\"center\"><span style=\"font-family: Gabriola, fantasy;\"><span style=\"font-size: x-large;\">~~~<\/span><\/span><\/p>\n<p class=\"western\" align=\"center\"><span style=\"color: #000000;\"><span style=\"font-family: Gabriola, fantasy;\"><span style=\"font-size: xx-large;\"><span lang=\"fr-FR\">Plateau de Fromages Affin\u00e9s S\u00e9lectionn\u00e9s par Julien Tessier <\/span><\/span><\/span><\/span><\/p>\n<p class=\"western\" align=\"center\"><span style=\"font-family: Gabriola, fantasy;\"><span style=\"font-size: x-large;\">~~~<\/span><\/span><\/p>\n<p class=\"western\" align=\"center\"><span style=\"font-family: Gabriola, fantasy;\"><span style=\"font-size: xx-large;\">Dessert Surprise du Nouvel An<\/span><\/span><\/p>\n<p class=\"western\" align=\"center\"><span style=\"font-family: Gabriola, fantasy;\"><span style=\"font-size: xx-large;\">Coupe de Champagne<\/span><\/span><\/p>\n<p align=\"center\">\u00a0<\/p>\n<p class=\"western\" align=\"center\"><strong><span style=\"color: #000000;\"><span style=\"font-family: Gabriola, fantasy;\"><span style=\"font-size: small;\"><span lang=\"fr-FR\"><i>Menu sous R\u00e9serve de Modification et approvisionnement<\/i><\/span><\/span><\/span><\/span><\/strong><\/p>\n<p><!-- [if gte mso 9]&gt;&lt;xml&gt;&lt;br&gt;&lt;w:WordDocument&gt;&lt;br&gt;&lt;w:View&gt;Normal&lt;\/w:View&gt;&lt;br&gt;&lt;w:Zoom&gt;0&lt;\/w:Zoom&gt;&lt;br&gt;&lt;w:HyphenationZone&gt;21&lt;\/w:HyphenationZone&gt;&lt;br&gt;&lt;w:PunctuationKerning\/&gt;&lt;br&gt;&lt;w:ValidateAgainstSchemas\/&gt;&lt;br&gt;&lt;w:SaveIfXMLInvalid&gt;false&lt;\/w:SaveIfXMLInvalid&gt;&lt;br&gt;&lt;w:IgnoreMixedContent&gt;false&lt;\/w:IgnoreMixedContent&gt;&lt;br&gt;&lt;w:AlwaysShowPlaceholderText&gt;false&lt;\/w:AlwaysShowPlaceholderText&gt;&lt;br&gt;&lt;w:Compatibility&gt;&lt;br&gt;&lt;w:BreakWrappedTables\/&gt;&lt;br&gt;&lt;w:SnapToGridInCell\/&gt;&lt;br&gt;&lt;w:WrapTextWithPunct\/&gt;&lt;br&gt;&lt;w:UseAsianBreakRules\/&gt;&lt;br&gt;&lt;w:DontGrowAutofit\/&gt;&lt;br&gt;&lt;\/w:Compatibility&gt;&lt;br&gt;&lt;w:BrowserLevel&gt;MicrosoftInternetExplorer4&lt;\/w:BrowserLevel&gt;&lt;br&gt;&lt;\/w:WordDocument&gt;&lt;br&gt;&lt;\/xml&gt;&lt;![endif]--><\/p>\n<p><!-- [if gte mso 9]&gt;&lt;xml&gt;&lt;br&gt;&lt;w:LatentStyles DefLockedState=\"false\" LatentStyleCount=\"156\"&gt;&lt;br&gt;&lt;\/w:LatentStyles&gt;&lt;br&gt;&lt;\/xml&gt;&lt;![endif]--><\/p>\n<p><!-- [if gte mso 10]&gt;&lt;\/p&gt;&lt;style&gt; \/* Style Definitions *\/&lt;br&gt;table.MsoNormalTable&lt;br&gt;{mso-style-name:\"Tableau Normal\";&lt;br&gt;mso-tstyle-rowband-size:0;&lt;br&gt;mso-tstyle-colband-size:0;&lt;br&gt;mso-style-noshow:yes;&lt;br&gt;mso-style-parent:\"\";&lt;br&gt;mso-padding-alt:0cm 5.4pt 0cm 5.4pt;&lt;br&gt;mso-para-margin:0cm;&lt;br&gt;mso-para-margin-bottom:.0001pt;&lt;br&gt;mso-pagination:widow-orphan;&lt;br&gt;font-size:10.0pt;&lt;br&gt;font-family:\"Times New Roman\";&lt;br&gt;mso-ansi-language:#0400;&lt;br&gt;mso-fareast-language:#0400;&lt;br&gt;mso-bidi-language:#0400;}&lt;br&gt;&lt;\/style&gt;&lt;p&gt;&lt;![endif]--><\/p>\n<p><!-- [if gte mso 9]&gt;&lt;xml&gt;&lt;br&gt;&lt;o:shapedefaults v:ext=\"edit\" spidmax=\"1030\"\/&gt;&lt;br&gt;&lt;\/xml&gt;&lt;![endif]--><\/p>\n<p><!-- [if gte mso 9]&gt;&lt;xml&gt;&lt;br&gt;&lt;o:shapelayout v:ext=\"edit\"&gt;&lt;br&gt;&lt;o:idmap v:ext=\"edit\" data=\"1\"\/&gt;&lt;br&gt;&lt;\/o:shapelayout&gt;&lt;\/xml&gt;&lt;![endif]--><\/p>\n<p><!-- [if !mso]&gt;&lt;\/p&gt;&lt;style&gt;v\\:* {behavior:url(#default#VML);}&lt;br&gt;o\\:* {behavior:url(#default#VML);}&lt;br&gt;w\\:* {behavior:url(#default#VML);}&lt;br&gt;.shape {behavior:url(#default#VML);}&lt;br&gt;&lt;\/style&gt;&lt;p&gt;&lt;![endif]--><\/p>\n<p><!-- [if gte mso 9]&gt;&lt;xml&gt;&lt;br&gt;&lt;w:WordDocument&gt;&lt;br&gt;&lt;w:View&gt;Normal&lt;\/w:View&gt;&lt;br&gt;&lt;w:Zoom&gt;0&lt;\/w:Zoom&gt;&lt;br&gt;&lt;w:HyphenationZone&gt;21&lt;\/w:HyphenationZone&gt;&lt;br&gt;&lt;w:PunctuationKerning\/&gt;&lt;br&gt;&lt;w:ValidateAgainstSchemas\/&gt;&lt;br&gt;&lt;w:SaveIfXMLInvalid&gt;false&lt;\/w:SaveIfXMLInvalid&gt;&lt;br&gt;&lt;w:IgnoreMixedContent&gt;false&lt;\/w:IgnoreMixedContent&gt;&lt;br&gt;&lt;w:AlwaysShowPlaceholderText&gt;false&lt;\/w:AlwaysShowPlaceholderText&gt;&lt;br&gt;&lt;w:Compatibility&gt;&lt;br&gt;&lt;w:BreakWrappedTables\/&gt;&lt;br&gt;&lt;w:SnapToGridInCell\/&gt;&lt;br&gt;&lt;w:WrapTextWithPunct\/&gt;&lt;br&gt;&lt;w:UseAsianBreakRules\/&gt;&lt;br&gt;&lt;w:DontGrowAutofit\/&gt;&lt;br&gt;&lt;\/w:Compatibility&gt;&lt;br&gt;&lt;w:BrowserLevel&gt;MicrosoftInternetExplorer4&lt;\/w:BrowserLevel&gt;&lt;br&gt;&lt;\/w:WordDocument&gt;&lt;br&gt;&lt;\/xml&gt;&lt;![endif]--><\/p>\n<p><!-- [if gte mso 9]&gt;&lt;xml&gt;&lt;br&gt;&lt;w:LatentStyles DefLockedState=\"false\" LatentStyleCount=\"156\"&gt;&lt;br&gt;&lt;\/w:LatentStyles&gt;&lt;br&gt;&lt;\/xml&gt;&lt;![endif]--><\/p>\n<p><!-- [if gte mso 10]&gt;&lt;\/p&gt;&lt;style&gt; \/* Style Definitions *\/&lt;br&gt;table.MsoNormalTable&lt;br&gt;{mso-style-name:\"Tableau Normal\";&lt;br&gt;mso-tstyle-rowband-size:0;&lt;br&gt;mso-tstyle-colband-size:0;&lt;br&gt;mso-style-noshow:yes;&lt;br&gt;mso-style-parent:\"\";&lt;br&gt;mso-padding-alt:0cm 5.4pt 0cm 5.4pt;&lt;br&gt;mso-para-margin:0cm;&lt;br&gt;mso-para-margin-bottom:.0001pt;&lt;br&gt;mso-pagination:widow-orphan;&lt;br&gt;font-size:10.0pt;&lt;br&gt;font-family:\"Times New Roman\";&lt;br&gt;mso-ansi-language:#0400;&lt;br&gt;mso-fareast-language:#0400;&lt;br&gt;mso-bidi-language:#0400;}&lt;br&gt;&lt;\/style&gt;&lt;![endif]--><\/p>\n<p><!-- [if gte mso 9]&gt;&lt;xml&gt;&lt;br&gt;&lt;o:shapedefaults v:ext=\"edit\" spidmax=\"1027\"\/&gt;&lt;br&gt;&lt;\/xml&gt;&lt;![endif]--><\/p>\n<p><!-- [if gte mso 9]&gt;&lt;xml&gt;&lt;br&gt;&lt;o:shapelayout v:ext=\"edit\"&gt;&lt;br&gt;&lt;o:idmap v:ext=\"edit\" data=\"1\"\/&gt;&lt;br&gt;&lt;\/o:shapelayout&gt;&lt;\/xml&gt;&lt;![endif]--><\/p>\n\n\n<p><\/p>\n","protected":false},"excerpt":{"rendered":"<p>59,50\u20ac Mise en bouche Assiette Terre et Mer Tartare de Thon Rouge, Perles d\u2019Agrumes au Poivre Saumon en Gravlax Maison, Cr\u00e8me mont\u00e9e au Caviar Foie Gras de Canard Mi-Cuit Maison, Chutney d\u2019Hiver ~~~ Filet de Dorade, Beurre Blanc aux Fruits de la Passion ou Filet de Sanglier, Sauce au Poivre de Malabar ~~~ Plateau de &hellip; <\/p>\n<p class=\"link-more\"><a href=\"https:\/\/www.lepetitcaboulot.com\/index.php\/menu-saint-sylvestre-et-jour-de-lan-2024\/\" class=\"more-link\">Continuer la lecture<span class=\"screen-reader-text\"> de &laquo;&nbsp;Menu Saint Sylvestre et Jour de l&rsquo;An 2026&nbsp;&raquo;<\/span><\/a><\/p>\n","protected":false},"author":1,"featured_media":0,"parent":0,"menu_order":0,"comment_status":"closed","ping_status":"open","template":"","meta":{"footnotes":""},"class_list":["post-544","page","type-page","status-publish","hentry"],"yoast_head":"<!-- This site is optimized with the Yoast SEO plugin v27.4 - https:\/\/yoast.com\/product\/yoast-seo-wordpress\/ -->\n<title>Menu Saint Sylvestre et Jour de l&#039;An 2026 -<\/title>\n<meta name=\"robots\" content=\"index, follow, max-snippet:-1, max-image-preview:large, max-video-preview:-1\" \/>\n<link rel=\"canonical\" href=\"https:\/\/www.lepetitcaboulot.com\/index.php\/menu-saint-sylvestre-et-jour-de-lan-2024\/\" \/>\n<meta property=\"og:locale\" content=\"fr_FR\" \/>\n<meta property=\"og:type\" content=\"article\" \/>\n<meta property=\"og:title\" content=\"Menu Saint Sylvestre et Jour de l&#039;An 2026 -\" \/>\n<meta property=\"og:description\" content=\"59,50\u20ac Mise en bouche Assiette Terre et Mer Tartare de Thon Rouge, Perles d\u2019Agrumes au Poivre Saumon en Gravlax Maison, Cr\u00e8me mont\u00e9e au Caviar Foie Gras de Canard Mi-Cuit Maison, Chutney d\u2019Hiver ~~~ Filet de Dorade, Beurre Blanc aux Fruits de la Passion ou Filet de Sanglier, Sauce au Poivre de Malabar ~~~ Plateau de &hellip; Continuer la lecture de &laquo;&nbsp;Menu Saint Sylvestre et Jour de l&rsquo;An 2026&nbsp;&raquo;\" \/>\n<meta property=\"og:url\" content=\"https:\/\/www.lepetitcaboulot.com\/index.php\/menu-saint-sylvestre-et-jour-de-lan-2024\/\" \/>\n<meta property=\"article:publisher\" content=\"https:\/\/www.facebook.com\/petitcaboulot\" \/>\n<meta property=\"article:modified_time\" content=\"2025-11-22T20:49:32+00:00\" \/>\n<meta name=\"twitter:card\" content=\"summary_large_image\" \/>\n<meta name=\"twitter:label1\" content=\"Dur\u00e9e de lecture estim\u00e9e\" \/>\n\t<meta name=\"twitter:data1\" content=\"1 minute\" \/>\n<script type=\"application\/ld+json\" class=\"yoast-schema-graph\">{\"@context\":\"https:\\\/\\\/schema.org\",\"@graph\":[{\"@type\":\"WebPage\",\"@id\":\"https:\\\/\\\/www.lepetitcaboulot.com\\\/index.php\\\/menu-saint-sylvestre-et-jour-de-lan-2024\\\/\",\"url\":\"https:\\\/\\\/www.lepetitcaboulot.com\\\/index.php\\\/menu-saint-sylvestre-et-jour-de-lan-2024\\\/\",\"name\":\"Menu Saint Sylvestre et Jour de l'An 2026 -\",\"isPartOf\":{\"@id\":\"https:\\\/\\\/www.lepetitcaboulot.com\\\/#website\"},\"datePublished\":\"2013-12-01T15:18:40+00:00\",\"dateModified\":\"2025-11-22T20:49:32+00:00\",\"breadcrumb\":{\"@id\":\"https:\\\/\\\/www.lepetitcaboulot.com\\\/index.php\\\/menu-saint-sylvestre-et-jour-de-lan-2024\\\/#breadcrumb\"},\"inLanguage\":\"fr-FR\",\"potentialAction\":[{\"@type\":\"ReadAction\",\"target\":[\"https:\\\/\\\/www.lepetitcaboulot.com\\\/index.php\\\/menu-saint-sylvestre-et-jour-de-lan-2024\\\/\"]}]},{\"@type\":\"BreadcrumbList\",\"@id\":\"https:\\\/\\\/www.lepetitcaboulot.com\\\/index.php\\\/menu-saint-sylvestre-et-jour-de-lan-2024\\\/#breadcrumb\",\"itemListElement\":[{\"@type\":\"ListItem\",\"position\":1,\"name\":\"Accueil\",\"item\":\"https:\\\/\\\/www.lepetitcaboulot.com\\\/\"},{\"@type\":\"ListItem\",\"position\":2,\"name\":\"Menu Saint Sylvestre et Jour de l&rsquo;An 2026\"}]},{\"@type\":\"WebSite\",\"@id\":\"https:\\\/\\\/www.lepetitcaboulot.com\\\/#website\",\"url\":\"https:\\\/\\\/www.lepetitcaboulot.com\\\/\",\"name\":\"WWW.lepetitcaboulot.com\",\"description\":\"Restaurant traditionnel situ\u00e9 \u00e0 Isle Saint Georges, pr\u00e8s de Bordeaux (33)\",\"publisher\":{\"@id\":\"https:\\\/\\\/www.lepetitcaboulot.com\\\/#organization\"},\"potentialAction\":[{\"@type\":\"SearchAction\",\"target\":{\"@type\":\"EntryPoint\",\"urlTemplate\":\"https:\\\/\\\/www.lepetitcaboulot.com\\\/?s={search_term_string}\"},\"query-input\":{\"@type\":\"PropertyValueSpecification\",\"valueRequired\":true,\"valueName\":\"search_term_string\"}}],\"inLanguage\":\"fr-FR\"},{\"@type\":\"Organization\",\"@id\":\"https:\\\/\\\/www.lepetitcaboulot.com\\\/#organization\",\"name\":\"Restaurant le petit caboulot\",\"url\":\"https:\\\/\\\/www.lepetitcaboulot.com\\\/\",\"logo\":{\"@type\":\"ImageObject\",\"inLanguage\":\"fr-FR\",\"@id\":\"https:\\\/\\\/www.lepetitcaboulot.com\\\/#\\\/schema\\\/logo\\\/image\\\/\",\"url\":\"http:\\\/\\\/www.lepetitcaboulot.com\\\/wp-content\\\/uploads\\\/2024\\\/11\\\/toque-nb.bmp\",\"contentUrl\":\"http:\\\/\\\/www.lepetitcaboulot.com\\\/wp-content\\\/uploads\\\/2024\\\/11\\\/toque-nb.bmp\",\"width\":530,\"height\":530,\"caption\":\"Restaurant le petit caboulot\"},\"image\":{\"@id\":\"https:\\\/\\\/www.lepetitcaboulot.com\\\/#\\\/schema\\\/logo\\\/image\\\/\"},\"sameAs\":[\"https:\\\/\\\/www.facebook.com\\\/petitcaboulot\",\"https:\\\/\\\/www.instagram.com\\\/petitcaboulot\\\/\"]}]}<\/script>\n<!-- \/ Yoast SEO plugin. -->","yoast_head_json":{"title":"Menu Saint Sylvestre et Jour de l'An 2026 -","robots":{"index":"index","follow":"follow","max-snippet":"max-snippet:-1","max-image-preview":"max-image-preview:large","max-video-preview":"max-video-preview:-1"},"canonical":"https:\/\/www.lepetitcaboulot.com\/index.php\/menu-saint-sylvestre-et-jour-de-lan-2024\/","og_locale":"fr_FR","og_type":"article","og_title":"Menu Saint Sylvestre et Jour de l'An 2026 -","og_description":"59,50\u20ac Mise en bouche Assiette Terre et Mer Tartare de Thon Rouge, Perles d\u2019Agrumes au Poivre Saumon en Gravlax Maison, Cr\u00e8me mont\u00e9e au Caviar Foie Gras de Canard Mi-Cuit Maison, Chutney d\u2019Hiver ~~~ Filet de Dorade, Beurre Blanc aux Fruits de la Passion ou Filet de Sanglier, Sauce au Poivre de Malabar ~~~ Plateau de &hellip; Continuer la lecture de &laquo;&nbsp;Menu Saint Sylvestre et Jour de l&rsquo;An 2026&nbsp;&raquo;","og_url":"https:\/\/www.lepetitcaboulot.com\/index.php\/menu-saint-sylvestre-et-jour-de-lan-2024\/","article_publisher":"https:\/\/www.facebook.com\/petitcaboulot","article_modified_time":"2025-11-22T20:49:32+00:00","twitter_card":"summary_large_image","twitter_misc":{"Dur\u00e9e de lecture estim\u00e9e":"1 minute"},"schema":{"@context":"https:\/\/schema.org","@graph":[{"@type":"WebPage","@id":"https:\/\/www.lepetitcaboulot.com\/index.php\/menu-saint-sylvestre-et-jour-de-lan-2024\/","url":"https:\/\/www.lepetitcaboulot.com\/index.php\/menu-saint-sylvestre-et-jour-de-lan-2024\/","name":"Menu Saint Sylvestre et Jour de l'An 2026 -","isPartOf":{"@id":"https:\/\/www.lepetitcaboulot.com\/#website"},"datePublished":"2013-12-01T15:18:40+00:00","dateModified":"2025-11-22T20:49:32+00:00","breadcrumb":{"@id":"https:\/\/www.lepetitcaboulot.com\/index.php\/menu-saint-sylvestre-et-jour-de-lan-2024\/#breadcrumb"},"inLanguage":"fr-FR","potentialAction":[{"@type":"ReadAction","target":["https:\/\/www.lepetitcaboulot.com\/index.php\/menu-saint-sylvestre-et-jour-de-lan-2024\/"]}]},{"@type":"BreadcrumbList","@id":"https:\/\/www.lepetitcaboulot.com\/index.php\/menu-saint-sylvestre-et-jour-de-lan-2024\/#breadcrumb","itemListElement":[{"@type":"ListItem","position":1,"name":"Accueil","item":"https:\/\/www.lepetitcaboulot.com\/"},{"@type":"ListItem","position":2,"name":"Menu Saint Sylvestre et Jour de l&rsquo;An 2026"}]},{"@type":"WebSite","@id":"https:\/\/www.lepetitcaboulot.com\/#website","url":"https:\/\/www.lepetitcaboulot.com\/","name":"WWW.lepetitcaboulot.com","description":"Restaurant traditionnel situ\u00e9 \u00e0 Isle Saint Georges, pr\u00e8s de Bordeaux (33)","publisher":{"@id":"https:\/\/www.lepetitcaboulot.com\/#organization"},"potentialAction":[{"@type":"SearchAction","target":{"@type":"EntryPoint","urlTemplate":"https:\/\/www.lepetitcaboulot.com\/?s={search_term_string}"},"query-input":{"@type":"PropertyValueSpecification","valueRequired":true,"valueName":"search_term_string"}}],"inLanguage":"fr-FR"},{"@type":"Organization","@id":"https:\/\/www.lepetitcaboulot.com\/#organization","name":"Restaurant le petit caboulot","url":"https:\/\/www.lepetitcaboulot.com\/","logo":{"@type":"ImageObject","inLanguage":"fr-FR","@id":"https:\/\/www.lepetitcaboulot.com\/#\/schema\/logo\/image\/","url":"http:\/\/www.lepetitcaboulot.com\/wp-content\/uploads\/2024\/11\/toque-nb.bmp","contentUrl":"http:\/\/www.lepetitcaboulot.com\/wp-content\/uploads\/2024\/11\/toque-nb.bmp","width":530,"height":530,"caption":"Restaurant le petit caboulot"},"image":{"@id":"https:\/\/www.lepetitcaboulot.com\/#\/schema\/logo\/image\/"},"sameAs":["https:\/\/www.facebook.com\/petitcaboulot","https:\/\/www.instagram.com\/petitcaboulot\/"]}]}},"featured_media_urls":[],"_links":{"self":[{"href":"https:\/\/www.lepetitcaboulot.com\/index.php\/wp-json\/wp\/v2\/pages\/544","targetHints":{"allow":["GET"]}}],"collection":[{"href":"https:\/\/www.lepetitcaboulot.com\/index.php\/wp-json\/wp\/v2\/pages"}],"about":[{"href":"https:\/\/www.lepetitcaboulot.com\/index.php\/wp-json\/wp\/v2\/types\/page"}],"author":[{"embeddable":true,"href":"https:\/\/www.lepetitcaboulot.com\/index.php\/wp-json\/wp\/v2\/users\/1"}],"replies":[{"embeddable":true,"href":"https:\/\/www.lepetitcaboulot.com\/index.php\/wp-json\/wp\/v2\/comments?post=544"}],"version-history":[{"count":11,"href":"https:\/\/www.lepetitcaboulot.com\/index.php\/wp-json\/wp\/v2\/pages\/544\/revisions"}],"predecessor-version":[{"id":2353,"href":"https:\/\/www.lepetitcaboulot.com\/index.php\/wp-json\/wp\/v2\/pages\/544\/revisions\/2353"}],"wp:attachment":[{"href":"https:\/\/www.lepetitcaboulot.com\/index.php\/wp-json\/wp\/v2\/media?parent=544"}],"curies":[{"name":"wp","href":"https:\/\/api.w.org\/{rel}","templated":true}]}}