{"id":450,"date":"2013-07-19T17:18:18","date_gmt":"2013-07-19T15:18:18","guid":{"rendered":"http:\/\/lepetitcaboulot.com\/?page_id=450"},"modified":"2025-06-14T15:12:56","modified_gmt":"2025-06-14T13:12:56","slug":"reserver","status":"publish","type":"page","link":"https:\/\/www.lepetitcaboulot.com\/index.php\/reserver\/","title":{"rendered":"R\u00e9server"},"content":{"rendered":"<p>Vous pouvez <strong>effectuer une r\u00e9servation UNIQUEMENT <\/strong>par t\u00e9l\u00e9phone au <strong>05 56 20 06 97 o<\/strong>u via le module de r\u00e9servation en bas \u00e0 droite.<strong><br \/>\n<\/strong><\/p>\n<p>Notre restaurant vous accueille \u00e9galement en groupe, sur r\u00e9servation (jusqu&rsquo;\u00e0 40 personnes maximum).<\/p>\n<p>A partir de 25 personnes, une salle privative pourra \u00eatre mise \u00e0 votre disposition.<\/p>\n<p>Le restaurant est ouvert le midi du Mardi au dimanche, ainsi que le jeudi soir, vendredi soir et samedi soir.<\/p>\n","protected":false},"excerpt":{"rendered":"<p>Vous pouvez effectuer une r\u00e9servation UNIQUEMENT par t\u00e9l\u00e9phone au 05 56 20 06 97 ou via le module de r\u00e9servation en bas \u00e0 droite. Notre restaurant vous accueille \u00e9galement en groupe, sur r\u00e9servation (jusqu&rsquo;\u00e0 40 personnes maximum). A partir de 25 personnes, une salle privative pourra \u00eatre mise \u00e0 votre disposition. Le restaurant est ouvert &hellip; <\/p>\n<p class=\"link-more\"><a href=\"https:\/\/www.lepetitcaboulot.com\/index.php\/reserver\/\" class=\"more-link\">Continuer la lecture<span class=\"screen-reader-text\"> de &laquo;&nbsp;R\u00e9server&nbsp;&raquo;<\/span><\/a><\/p>\n","protected":false},"author":1,"featured_media":0,"parent":0,"menu_order":0,"comment_status":"closed","ping_status":"open","template":"","meta":{"footnotes":""},"class_list":["post-450","page","type-page","status-publish","hentry"],"yoast_head":"<!-- This site is optimized with the Yoast SEO plugin v27.4 - https:\/\/yoast.com\/product\/yoast-seo-wordpress\/ -->\n<title>R\u00e9server -<\/title>\n<meta name=\"robots\" content=\"index, follow, max-snippet:-1, max-image-preview:large, max-video-preview:-1\" \/>\n<link rel=\"canonical\" href=\"http:\/\/www.lepetitcaboulot.com\/index.php\/reserver\/\" \/>\n<meta property=\"og:locale\" content=\"fr_FR\" \/>\n<meta property=\"og:type\" content=\"article\" \/>\n<meta property=\"og:title\" content=\"R\u00e9server -\" \/>\n<meta property=\"og:description\" content=\"Vous pouvez effectuer une r\u00e9servation UNIQUEMENT par t\u00e9l\u00e9phone au 05 56 20 06 97 ou via le module de r\u00e9servation en bas \u00e0 droite. Notre restaurant vous accueille \u00e9galement en groupe, sur r\u00e9servation (jusqu&rsquo;\u00e0 40 personnes maximum). A partir de 25 personnes, une salle privative pourra \u00eatre mise \u00e0 votre disposition. Le restaurant est ouvert &hellip; Continuer la lecture de &laquo;&nbsp;R\u00e9server&nbsp;&raquo;\" \/>\n<meta property=\"og:url\" content=\"http:\/\/www.lepetitcaboulot.com\/index.php\/reserver\/\" \/>\n<meta property=\"article:publisher\" content=\"https:\/\/www.facebook.com\/petitcaboulot\" \/>\n<meta property=\"article:modified_time\" content=\"2025-06-14T13:12:56+00:00\" \/>\n<meta name=\"twitter:card\" content=\"summary_large_image\" \/>\n<meta name=\"twitter:label1\" content=\"Dur\u00e9e de lecture estim\u00e9e\" \/>\n\t<meta name=\"twitter:data1\" content=\"1 minute\" \/>\n<script type=\"application\/ld+json\" class=\"yoast-schema-graph\">{\"@context\":\"https:\\\/\\\/schema.org\",\"@graph\":[{\"@type\":\"WebPage\",\"@id\":\"http:\\\/\\\/www.lepetitcaboulot.com\\\/index.php\\\/reserver\\\/\",\"url\":\"http:\\\/\\\/www.lepetitcaboulot.com\\\/index.php\\\/reserver\\\/\",\"name\":\"R\u00e9server -\",\"isPartOf\":{\"@id\":\"https:\\\/\\\/www.lepetitcaboulot.com\\\/#website\"},\"datePublished\":\"2013-07-19T15:18:18+00:00\",\"dateModified\":\"2025-06-14T13:12:56+00:00\",\"breadcrumb\":{\"@id\":\"http:\\\/\\\/www.lepetitcaboulot.com\\\/index.php\\\/reserver\\\/#breadcrumb\"},\"inLanguage\":\"fr-FR\",\"potentialAction\":[{\"@type\":\"ReadAction\",\"target\":[\"http:\\\/\\\/www.lepetitcaboulot.com\\\/index.php\\\/reserver\\\/\"]}]},{\"@type\":\"BreadcrumbList\",\"@id\":\"http:\\\/\\\/www.lepetitcaboulot.com\\\/index.php\\\/reserver\\\/#breadcrumb\",\"itemListElement\":[{\"@type\":\"ListItem\",\"position\":1,\"name\":\"Accueil\",\"item\":\"https:\\\/\\\/www.lepetitcaboulot.com\\\/\"},{\"@type\":\"ListItem\",\"position\":2,\"name\":\"R\u00e9server\"}]},{\"@type\":\"WebSite\",\"@id\":\"https:\\\/\\\/www.lepetitcaboulot.com\\\/#website\",\"url\":\"https:\\\/\\\/www.lepetitcaboulot.com\\\/\",\"name\":\"WWW.lepetitcaboulot.com\",\"description\":\"Restaurant traditionnel situ\u00e9 \u00e0 Isle Saint Georges, pr\u00e8s de Bordeaux (33)\",\"publisher\":{\"@id\":\"https:\\\/\\\/www.lepetitcaboulot.com\\\/#organization\"},\"potentialAction\":[{\"@type\":\"SearchAction\",\"target\":{\"@type\":\"EntryPoint\",\"urlTemplate\":\"https:\\\/\\\/www.lepetitcaboulot.com\\\/?s={search_term_string}\"},\"query-input\":{\"@type\":\"PropertyValueSpecification\",\"valueRequired\":true,\"valueName\":\"search_term_string\"}}],\"inLanguage\":\"fr-FR\"},{\"@type\":\"Organization\",\"@id\":\"https:\\\/\\\/www.lepetitcaboulot.com\\\/#organization\",\"name\":\"Restaurant le petit caboulot\",\"url\":\"https:\\\/\\\/www.lepetitcaboulot.com\\\/\",\"logo\":{\"@type\":\"ImageObject\",\"inLanguage\":\"fr-FR\",\"@id\":\"https:\\\/\\\/www.lepetitcaboulot.com\\\/#\\\/schema\\\/logo\\\/image\\\/\",\"url\":\"http:\\\/\\\/www.lepetitcaboulot.com\\\/wp-content\\\/uploads\\\/2024\\\/11\\\/toque-nb.bmp\",\"contentUrl\":\"http:\\\/\\\/www.lepetitcaboulot.com\\\/wp-content\\\/uploads\\\/2024\\\/11\\\/toque-nb.bmp\",\"width\":530,\"height\":530,\"caption\":\"Restaurant le petit caboulot\"},\"image\":{\"@id\":\"https:\\\/\\\/www.lepetitcaboulot.com\\\/#\\\/schema\\\/logo\\\/image\\\/\"},\"sameAs\":[\"https:\\\/\\\/www.facebook.com\\\/petitcaboulot\",\"https:\\\/\\\/www.instagram.com\\\/petitcaboulot\\\/\"]}]}<\/script>\n<!-- \/ Yoast SEO plugin. -->","yoast_head_json":{"title":"R\u00e9server -","robots":{"index":"index","follow":"follow","max-snippet":"max-snippet:-1","max-image-preview":"max-image-preview:large","max-video-preview":"max-video-preview:-1"},"canonical":"http:\/\/www.lepetitcaboulot.com\/index.php\/reserver\/","og_locale":"fr_FR","og_type":"article","og_title":"R\u00e9server -","og_description":"Vous pouvez effectuer une r\u00e9servation UNIQUEMENT par t\u00e9l\u00e9phone au 05 56 20 06 97 ou via le module de r\u00e9servation en bas \u00e0 droite. Notre restaurant vous accueille \u00e9galement en groupe, sur r\u00e9servation (jusqu&rsquo;\u00e0 40 personnes maximum). A partir de 25 personnes, une salle privative pourra \u00eatre mise \u00e0 votre disposition. Le restaurant est ouvert &hellip; Continuer la lecture de &laquo;&nbsp;R\u00e9server&nbsp;&raquo;","og_url":"http:\/\/www.lepetitcaboulot.com\/index.php\/reserver\/","article_publisher":"https:\/\/www.facebook.com\/petitcaboulot","article_modified_time":"2025-06-14T13:12:56+00:00","twitter_card":"summary_large_image","twitter_misc":{"Dur\u00e9e de lecture estim\u00e9e":"1 minute"},"schema":{"@context":"https:\/\/schema.org","@graph":[{"@type":"WebPage","@id":"http:\/\/www.lepetitcaboulot.com\/index.php\/reserver\/","url":"http:\/\/www.lepetitcaboulot.com\/index.php\/reserver\/","name":"R\u00e9server -","isPartOf":{"@id":"https:\/\/www.lepetitcaboulot.com\/#website"},"datePublished":"2013-07-19T15:18:18+00:00","dateModified":"2025-06-14T13:12:56+00:00","breadcrumb":{"@id":"http:\/\/www.lepetitcaboulot.com\/index.php\/reserver\/#breadcrumb"},"inLanguage":"fr-FR","potentialAction":[{"@type":"ReadAction","target":["http:\/\/www.lepetitcaboulot.com\/index.php\/reserver\/"]}]},{"@type":"BreadcrumbList","@id":"http:\/\/www.lepetitcaboulot.com\/index.php\/reserver\/#breadcrumb","itemListElement":[{"@type":"ListItem","position":1,"name":"Accueil","item":"https:\/\/www.lepetitcaboulot.com\/"},{"@type":"ListItem","position":2,"name":"R\u00e9server"}]},{"@type":"WebSite","@id":"https:\/\/www.lepetitcaboulot.com\/#website","url":"https:\/\/www.lepetitcaboulot.com\/","name":"WWW.lepetitcaboulot.com","description":"Restaurant traditionnel situ\u00e9 \u00e0 Isle Saint Georges, pr\u00e8s de Bordeaux (33)","publisher":{"@id":"https:\/\/www.lepetitcaboulot.com\/#organization"},"potentialAction":[{"@type":"SearchAction","target":{"@type":"EntryPoint","urlTemplate":"https:\/\/www.lepetitcaboulot.com\/?s={search_term_string}"},"query-input":{"@type":"PropertyValueSpecification","valueRequired":true,"valueName":"search_term_string"}}],"inLanguage":"fr-FR"},{"@type":"Organization","@id":"https:\/\/www.lepetitcaboulot.com\/#organization","name":"Restaurant le petit caboulot","url":"https:\/\/www.lepetitcaboulot.com\/","logo":{"@type":"ImageObject","inLanguage":"fr-FR","@id":"https:\/\/www.lepetitcaboulot.com\/#\/schema\/logo\/image\/","url":"http:\/\/www.lepetitcaboulot.com\/wp-content\/uploads\/2024\/11\/toque-nb.bmp","contentUrl":"http:\/\/www.lepetitcaboulot.com\/wp-content\/uploads\/2024\/11\/toque-nb.bmp","width":530,"height":530,"caption":"Restaurant le petit caboulot"},"image":{"@id":"https:\/\/www.lepetitcaboulot.com\/#\/schema\/logo\/image\/"},"sameAs":["https:\/\/www.facebook.com\/petitcaboulot","https:\/\/www.instagram.com\/petitcaboulot\/"]}]}},"featured_media_urls":[],"_links":{"self":[{"href":"https:\/\/www.lepetitcaboulot.com\/index.php\/wp-json\/wp\/v2\/pages\/450","targetHints":{"allow":["GET"]}}],"collection":[{"href":"https:\/\/www.lepetitcaboulot.com\/index.php\/wp-json\/wp\/v2\/pages"}],"about":[{"href":"https:\/\/www.lepetitcaboulot.com\/index.php\/wp-json\/wp\/v2\/types\/page"}],"author":[{"embeddable":true,"href":"https:\/\/www.lepetitcaboulot.com\/index.php\/wp-json\/wp\/v2\/users\/1"}],"replies":[{"embeddable":true,"href":"https:\/\/www.lepetitcaboulot.com\/index.php\/wp-json\/wp\/v2\/comments?post=450"}],"version-history":[{"count":17,"href":"https:\/\/www.lepetitcaboulot.com\/index.php\/wp-json\/wp\/v2\/pages\/450\/revisions"}],"predecessor-version":[{"id":2046,"href":"https:\/\/www.lepetitcaboulot.com\/index.php\/wp-json\/wp\/v2\/pages\/450\/revisions\/2046"}],"wp:attachment":[{"href":"https:\/\/www.lepetitcaboulot.com\/index.php\/wp-json\/wp\/v2\/media?parent=450"}],"curies":[{"name":"wp","href":"https:\/\/api.w.org\/{rel}","templated":true}]}}