{"id":393,"date":"2013-06-06T15:14:41","date_gmt":"2013-06-06T13:14:41","guid":{"rendered":"http:\/\/emmanuelgaye.fr\/lepetitcaboulot\/?page_id=393"},"modified":"2019-10-07T13:34:39","modified_gmt":"2019-10-07T11:34:39","slug":"facebook","status":"publish","type":"page","link":"https:\/\/www.lepetitcaboulot.com\/index.php\/facebook\/","title":{"rendered":"Facebook"},"content":{"rendered":"<p><img decoding=\"async\" class=\"size-full wp-image-853 alignleft\" src=\"http:\/\/www.lepetitcaboulot.com\/wp-content\/uploads\/2019\/10\/FB-f-Logo__blue_50.png\" alt=\"\" width=\"50\" height=\"50\" \/>\u00a0 Envie de suivre notre actualit\u00e9 ?<br \/>\nRejoignez-nous sur <span style=\"color: #333399;\"><a href=\"https:\/\/www.facebook.com\/petitcaboulot\"><span style=\"color: #333399;\">Facebook<\/span><\/a><\/span> et prolongez l&rsquo;exp\u00e9rience&#8230;<\/p>\n","protected":false},"excerpt":{"rendered":"<p>\u00a0 Envie de suivre notre actualit\u00e9 ? Rejoignez-nous sur Facebook et prolongez l&rsquo;exp\u00e9rience&#8230;<\/p>\n","protected":false},"author":1,"featured_media":0,"parent":0,"menu_order":0,"comment_status":"closed","ping_status":"open","template":"","meta":{"footnotes":""},"class_list":["post-393","page","type-page","status-publish","hentry"],"yoast_head":"<!-- This site is optimized with the Yoast SEO plugin v27.4 - https:\/\/yoast.com\/product\/yoast-seo-wordpress\/ -->\n<title>Facebook -<\/title>\n<meta name=\"robots\" content=\"index, follow, max-snippet:-1, max-image-preview:large, max-video-preview:-1\" \/>\n<link rel=\"canonical\" href=\"https:\/\/www.lepetitcaboulot.com\/index.php\/facebook\/\" \/>\n<meta property=\"og:locale\" content=\"fr_FR\" \/>\n<meta property=\"og:type\" content=\"article\" \/>\n<meta property=\"og:title\" content=\"Facebook -\" \/>\n<meta property=\"og:description\" content=\"\u00a0 Envie de suivre notre actualit\u00e9 ? Rejoignez-nous sur Facebook et prolongez l&rsquo;exp\u00e9rience&#8230;\" \/>\n<meta property=\"og:url\" content=\"https:\/\/www.lepetitcaboulot.com\/index.php\/facebook\/\" \/>\n<meta property=\"article:publisher\" content=\"https:\/\/www.facebook.com\/petitcaboulot\" \/>\n<meta property=\"article:modified_time\" content=\"2019-10-07T11:34:39+00:00\" \/>\n<meta property=\"og:image\" content=\"http:\/\/www.lepetitcaboulot.com\/wp-content\/uploads\/2019\/10\/FB-f-Logo__blue_50.png\" \/>\n<meta name=\"twitter:card\" content=\"summary_large_image\" \/>\n<script type=\"application\/ld+json\" class=\"yoast-schema-graph\">{\"@context\":\"https:\\\/\\\/schema.org\",\"@graph\":[{\"@type\":\"WebPage\",\"@id\":\"https:\\\/\\\/www.lepetitcaboulot.com\\\/index.php\\\/facebook\\\/\",\"url\":\"https:\\\/\\\/www.lepetitcaboulot.com\\\/index.php\\\/facebook\\\/\",\"name\":\"Facebook -\",\"isPartOf\":{\"@id\":\"https:\\\/\\\/www.lepetitcaboulot.com\\\/#website\"},\"primaryImageOfPage\":{\"@id\":\"https:\\\/\\\/www.lepetitcaboulot.com\\\/index.php\\\/facebook\\\/#primaryimage\"},\"image\":{\"@id\":\"https:\\\/\\\/www.lepetitcaboulot.com\\\/index.php\\\/facebook\\\/#primaryimage\"},\"thumbnailUrl\":\"http:\\\/\\\/www.lepetitcaboulot.com\\\/wp-content\\\/uploads\\\/2019\\\/10\\\/FB-f-Logo__blue_50.png\",\"datePublished\":\"2013-06-06T13:14:41+00:00\",\"dateModified\":\"2019-10-07T11:34:39+00:00\",\"breadcrumb\":{\"@id\":\"https:\\\/\\\/www.lepetitcaboulot.com\\\/index.php\\\/facebook\\\/#breadcrumb\"},\"inLanguage\":\"fr-FR\",\"potentialAction\":[{\"@type\":\"ReadAction\",\"target\":[\"https:\\\/\\\/www.lepetitcaboulot.com\\\/index.php\\\/facebook\\\/\"]}]},{\"@type\":\"ImageObject\",\"inLanguage\":\"fr-FR\",\"@id\":\"https:\\\/\\\/www.lepetitcaboulot.com\\\/index.php\\\/facebook\\\/#primaryimage\",\"url\":\"https:\\\/\\\/www.lepetitcaboulot.com\\\/wp-content\\\/uploads\\\/2019\\\/10\\\/FB-f-Logo__blue_50.png\",\"contentUrl\":\"https:\\\/\\\/www.lepetitcaboulot.com\\\/wp-content\\\/uploads\\\/2019\\\/10\\\/FB-f-Logo__blue_50.png\",\"width\":50,\"height\":50},{\"@type\":\"BreadcrumbList\",\"@id\":\"https:\\\/\\\/www.lepetitcaboulot.com\\\/index.php\\\/facebook\\\/#breadcrumb\",\"itemListElement\":[{\"@type\":\"ListItem\",\"position\":1,\"name\":\"Accueil\",\"item\":\"https:\\\/\\\/www.lepetitcaboulot.com\\\/\"},{\"@type\":\"ListItem\",\"position\":2,\"name\":\"Facebook\"}]},{\"@type\":\"WebSite\",\"@id\":\"https:\\\/\\\/www.lepetitcaboulot.com\\\/#website\",\"url\":\"https:\\\/\\\/www.lepetitcaboulot.com\\\/\",\"name\":\"WWW.lepetitcaboulot.com\",\"description\":\"Restaurant traditionnel situ\u00e9 \u00e0 Isle Saint Georges, pr\u00e8s de Bordeaux (33)\",\"publisher\":{\"@id\":\"https:\\\/\\\/www.lepetitcaboulot.com\\\/#organization\"},\"potentialAction\":[{\"@type\":\"SearchAction\",\"target\":{\"@type\":\"EntryPoint\",\"urlTemplate\":\"https:\\\/\\\/www.lepetitcaboulot.com\\\/?s={search_term_string}\"},\"query-input\":{\"@type\":\"PropertyValueSpecification\",\"valueRequired\":true,\"valueName\":\"search_term_string\"}}],\"inLanguage\":\"fr-FR\"},{\"@type\":\"Organization\",\"@id\":\"https:\\\/\\\/www.lepetitcaboulot.com\\\/#organization\",\"name\":\"Restaurant le petit caboulot\",\"url\":\"https:\\\/\\\/www.lepetitcaboulot.com\\\/\",\"logo\":{\"@type\":\"ImageObject\",\"inLanguage\":\"fr-FR\",\"@id\":\"https:\\\/\\\/www.lepetitcaboulot.com\\\/#\\\/schema\\\/logo\\\/image\\\/\",\"url\":\"http:\\\/\\\/www.lepetitcaboulot.com\\\/wp-content\\\/uploads\\\/2024\\\/11\\\/toque-nb.bmp\",\"contentUrl\":\"http:\\\/\\\/www.lepetitcaboulot.com\\\/wp-content\\\/uploads\\\/2024\\\/11\\\/toque-nb.bmp\",\"width\":530,\"height\":530,\"caption\":\"Restaurant le petit caboulot\"},\"image\":{\"@id\":\"https:\\\/\\\/www.lepetitcaboulot.com\\\/#\\\/schema\\\/logo\\\/image\\\/\"},\"sameAs\":[\"https:\\\/\\\/www.facebook.com\\\/petitcaboulot\",\"https:\\\/\\\/www.instagram.com\\\/petitcaboulot\\\/\"]}]}<\/script>\n<!-- \/ Yoast SEO plugin. -->","yoast_head_json":{"title":"Facebook -","robots":{"index":"index","follow":"follow","max-snippet":"max-snippet:-1","max-image-preview":"max-image-preview:large","max-video-preview":"max-video-preview:-1"},"canonical":"https:\/\/www.lepetitcaboulot.com\/index.php\/facebook\/","og_locale":"fr_FR","og_type":"article","og_title":"Facebook -","og_description":"\u00a0 Envie de suivre notre actualit\u00e9 ? Rejoignez-nous sur Facebook et prolongez l&rsquo;exp\u00e9rience&#8230;","og_url":"https:\/\/www.lepetitcaboulot.com\/index.php\/facebook\/","article_publisher":"https:\/\/www.facebook.com\/petitcaboulot","article_modified_time":"2019-10-07T11:34:39+00:00","og_image":[{"url":"http:\/\/www.lepetitcaboulot.com\/wp-content\/uploads\/2019\/10\/FB-f-Logo__blue_50.png","type":"","width":"","height":""}],"twitter_card":"summary_large_image","schema":{"@context":"https:\/\/schema.org","@graph":[{"@type":"WebPage","@id":"https:\/\/www.lepetitcaboulot.com\/index.php\/facebook\/","url":"https:\/\/www.lepetitcaboulot.com\/index.php\/facebook\/","name":"Facebook -","isPartOf":{"@id":"https:\/\/www.lepetitcaboulot.com\/#website"},"primaryImageOfPage":{"@id":"https:\/\/www.lepetitcaboulot.com\/index.php\/facebook\/#primaryimage"},"image":{"@id":"https:\/\/www.lepetitcaboulot.com\/index.php\/facebook\/#primaryimage"},"thumbnailUrl":"http:\/\/www.lepetitcaboulot.com\/wp-content\/uploads\/2019\/10\/FB-f-Logo__blue_50.png","datePublished":"2013-06-06T13:14:41+00:00","dateModified":"2019-10-07T11:34:39+00:00","breadcrumb":{"@id":"https:\/\/www.lepetitcaboulot.com\/index.php\/facebook\/#breadcrumb"},"inLanguage":"fr-FR","potentialAction":[{"@type":"ReadAction","target":["https:\/\/www.lepetitcaboulot.com\/index.php\/facebook\/"]}]},{"@type":"ImageObject","inLanguage":"fr-FR","@id":"https:\/\/www.lepetitcaboulot.com\/index.php\/facebook\/#primaryimage","url":"https:\/\/www.lepetitcaboulot.com\/wp-content\/uploads\/2019\/10\/FB-f-Logo__blue_50.png","contentUrl":"https:\/\/www.lepetitcaboulot.com\/wp-content\/uploads\/2019\/10\/FB-f-Logo__blue_50.png","width":50,"height":50},{"@type":"BreadcrumbList","@id":"https:\/\/www.lepetitcaboulot.com\/index.php\/facebook\/#breadcrumb","itemListElement":[{"@type":"ListItem","position":1,"name":"Accueil","item":"https:\/\/www.lepetitcaboulot.com\/"},{"@type":"ListItem","position":2,"name":"Facebook"}]},{"@type":"WebSite","@id":"https:\/\/www.lepetitcaboulot.com\/#website","url":"https:\/\/www.lepetitcaboulot.com\/","name":"WWW.lepetitcaboulot.com","description":"Restaurant traditionnel situ\u00e9 \u00e0 Isle Saint Georges, pr\u00e8s de Bordeaux (33)","publisher":{"@id":"https:\/\/www.lepetitcaboulot.com\/#organization"},"potentialAction":[{"@type":"SearchAction","target":{"@type":"EntryPoint","urlTemplate":"https:\/\/www.lepetitcaboulot.com\/?s={search_term_string}"},"query-input":{"@type":"PropertyValueSpecification","valueRequired":true,"valueName":"search_term_string"}}],"inLanguage":"fr-FR"},{"@type":"Organization","@id":"https:\/\/www.lepetitcaboulot.com\/#organization","name":"Restaurant le petit caboulot","url":"https:\/\/www.lepetitcaboulot.com\/","logo":{"@type":"ImageObject","inLanguage":"fr-FR","@id":"https:\/\/www.lepetitcaboulot.com\/#\/schema\/logo\/image\/","url":"http:\/\/www.lepetitcaboulot.com\/wp-content\/uploads\/2024\/11\/toque-nb.bmp","contentUrl":"http:\/\/www.lepetitcaboulot.com\/wp-content\/uploads\/2024\/11\/toque-nb.bmp","width":530,"height":530,"caption":"Restaurant le petit caboulot"},"image":{"@id":"https:\/\/www.lepetitcaboulot.com\/#\/schema\/logo\/image\/"},"sameAs":["https:\/\/www.facebook.com\/petitcaboulot","https:\/\/www.instagram.com\/petitcaboulot\/"]}]}},"featured_media_urls":[],"_links":{"self":[{"href":"https:\/\/www.lepetitcaboulot.com\/index.php\/wp-json\/wp\/v2\/pages\/393","targetHints":{"allow":["GET"]}}],"collection":[{"href":"https:\/\/www.lepetitcaboulot.com\/index.php\/wp-json\/wp\/v2\/pages"}],"about":[{"href":"https:\/\/www.lepetitcaboulot.com\/index.php\/wp-json\/wp\/v2\/types\/page"}],"author":[{"embeddable":true,"href":"https:\/\/www.lepetitcaboulot.com\/index.php\/wp-json\/wp\/v2\/users\/1"}],"replies":[{"embeddable":true,"href":"https:\/\/www.lepetitcaboulot.com\/index.php\/wp-json\/wp\/v2\/comments?post=393"}],"version-history":[{"count":2,"href":"https:\/\/www.lepetitcaboulot.com\/index.php\/wp-json\/wp\/v2\/pages\/393\/revisions"}],"predecessor-version":[{"id":905,"href":"https:\/\/www.lepetitcaboulot.com\/index.php\/wp-json\/wp\/v2\/pages\/393\/revisions\/905"}],"wp:attachment":[{"href":"https:\/\/www.lepetitcaboulot.com\/index.php\/wp-json\/wp\/v2\/media?parent=393"}],"curies":[{"name":"wp","href":"https:\/\/api.w.org\/{rel}","templated":true}]}}