{"id":209,"date":"2013-03-14T18:49:03","date_gmt":"2013-03-14T17:49:03","guid":{"rendered":"http:\/\/emmanuelgaye.fr\/lepetitcaboulot\/?page_id=209"},"modified":"2026-03-11T09:48:10","modified_gmt":"2026-03-11T08:48:10","slug":"formule-de-lecluse","status":"publish","type":"page","link":"https:\/\/www.lepetitcaboulot.com\/index.php\/formule-de-lecluse\/","title":{"rendered":"Formule de l&rsquo;Ecluse"},"content":{"rendered":"<p><!-- [if gte mso 9]><xml>\n<w:WordDocument>\n<w:View>Normal<\/w:View>\n<w:Zoom>0<\/w:Zoom>\n<w:HyphenationZone>21<\/w:HyphenationZone>\n<w:PunctuationKerning\/>\n<w:ValidateAgainstSchemas\/>\n<w:SaveIfXMLInvalid>false<\/w:SaveIfXMLInvalid>\n<w:IgnoreMixedContent>false<\/w:IgnoreMixedContent>\n<w:AlwaysShowPlaceholderText>false<\/w:AlwaysShowPlaceholderText>\n<w:Compatibility>\n<w:BreakWrappedTables\/>\n<w:SnapToGridInCell\/>\n<w:WrapTextWithPunct\/>\n<w:UseAsianBreakRules\/>\n<w:DontGrowAutofit\/>\n<\/w:Compatibility>\n<w:BrowserLevel>MicrosoftInternetExplorer4<\/w:BrowserLevel>\n<\/w:WordDocument>\n<\/xml><![endif]--><\/p>\n<p class=\"western\" align=\"center\"><span style=\"color: #000000;\"><span style=\"font-family: Gabriola, fantasy;\"><span style=\"font-size: x-large;\"><span lang=\"fr-FR\">Saumon en Gravlax Maison, <\/span><\/span><\/span><\/span><span style=\"color: #000000;\"><span style=\"font-family: Gabriola, fantasy;\"><span style=\"font-size: x-large;\"><span lang=\"fr-FR\">Houmous de Carottes\/Gingembre<\/span><\/span><\/span><\/span><\/p>\n<p class=\"western\" align=\"center\"><span style=\"color: #000000;\"><span style=\"font-family: Gabriola, fantasy;\"><span style=\"font-size: x-large;\"><span lang=\"fr-FR\">Foie Gras de Canard<\/span><\/span><\/span><\/span><span style=\"color: #000000;\"><span style=\"font-family: Gabriola, fantasy;\"><span style=\"font-size: x-large;\"><span lang=\"fr-FR\"> Mi-Cuit Maison <\/span><\/span><\/span><\/span><span style=\"color: #000000;\"><span style=\"font-family: Gabriola, fantasy;\"><span style=\"font-size: large;\"><span lang=\"fr-FR\"><i>(60 Gr)<\/i><\/span><\/span><\/span><\/span> <span style=\"color: #000000;\"><span style=\"font-family: Gabriola, fantasy;\"><span style=\"font-size: x-large;\"><span lang=\"fr-FR\">, Chutney du Moment<\/span><\/span><\/span><\/span><\/p>\n<p class=\"western\" align=\"center\"><span style=\"color: #000000;\"><span style=\"font-family: Gabriola, fantasy;\"><span style=\"font-size: x-large;\"><span lang=\"fr-FR\">Escargots \u00ab\u00a0Lilais\u00a0\u00bb \u00e0 la Bordelaise<\/span><\/span><\/span><\/span> <span style=\"color: #000000;\"><span style=\"font-family: Gabriola, serif;\"><span style=\"font-size: large;\"><i> (<\/i><\/span><\/span><\/span><span style=\"color: #000000;\"><span style=\"font-family: Gabriola, fantasy;\"><span style=\"font-size: large;\"><span lang=\"fr-FR\"><i>h\u00e9liciculteur \u00e0 Isle Saint Georges : <\/i><\/span><\/span><\/span><\/span><span style=\"color: #000000;\"><span style=\"font-family: Gabriola, serif;\"><span style=\"font-size: large;\"><i>J.M. Laplagne)<\/i><\/span><\/span><\/span><\/p>\n<p class=\"western\" align=\"center\"><span style=\"font-family: Gabriola, fantasy;\"><span style=\"font-size: x-large;\">Milk-shake de Petits Pois, Radis Rose, Crumble Parmesan<span style=\"color: #000000;\"><span lang=\"fr-FR\"><img decoding=\"async\" class=\"alignnone  wp-image-1759\" src=\"http:\/\/www.lepetitcaboulot.com\/wp-content\/uploads\/2024\/11\/image-150x150.png\" alt=\"\" width=\"35\" height=\"35\" srcset=\"https:\/\/www.lepetitcaboulot.com\/wp-content\/uploads\/2024\/11\/image-150x150.png 150w, https:\/\/www.lepetitcaboulot.com\/wp-content\/uploads\/2024\/11\/image-250x250.png 250w, https:\/\/www.lepetitcaboulot.com\/wp-content\/uploads\/2024\/11\/image-100x100.png 100w, https:\/\/www.lepetitcaboulot.com\/wp-content\/uploads\/2024\/11\/image-350x349.png 350w, https:\/\/www.lepetitcaboulot.com\/wp-content\/uploads\/2024\/11\/image-300x300.png 300w, https:\/\/www.lepetitcaboulot.com\/wp-content\/uploads\/2024\/11\/image.png 661w\" sizes=\"(max-width: 35px) 100vw, 35px\" \/><\/span><\/span><\/span><\/span><\/p>\n<p class=\"western\" align=\"center\"><span style=\"color: #000000;\"><span style=\"font-family: Gabriola, fantasy;\"><span style=\"font-size: x-large;\"><span lang=\"fr-FR\">Escalopes de Foie Gras de Canard Po\u00eal\u00e9e<\/span><\/span><\/span><\/span><span style=\"color: #000000;\"><span style=\"font-family: Gabriola, fantasy;\"><span style=\"font-size: x-large;\"><span lang=\"fr-FR\"> Aux Raisins <\/span><\/span><\/span><\/span><span style=\"color: #000000;\"><span style=\"font-family: Gabriola, fantasy;\"><span style=\"font-size: large;\"><span lang=\"fr-FR\">l <\/span><\/span><\/span><\/span><span style=\"color: #000000;\"><span style=\"font-family: Gabriola, serif;\"><span style=\"font-size: x-large;\"><span lang=\"fr-FR\"><b>(Suppl + 5,00\u20ac)<\/b><\/span><\/span><\/span><\/span><\/p>\n<p class=\"western\" align=\"center\"><span style=\"font-family: Gabriola, serif;\"><span style=\"font-size: x-large;\">***<\/span><\/span><\/p>\n<p class=\"western\" align=\"center\"><span style=\"color: #000000;\"><span style=\"font-family: Gabriola, fantasy;\"><span style=\"font-size: x-large;\"><span lang=\"fr-FR\">Parmentier d\u2019Agneau <\/span><\/span><\/span><\/span><span style=\"color: #000000;\"><span style=\"font-family: Gabriola, fantasy;\"><span style=\"font-size: x-large;\"><span lang=\"fr-FR\">Confit <\/span><\/span><\/span><\/span> <span style=\"color: #000000;\"><span style=\"font-family: Gabriola, fantasy;\"><span style=\"font-size: x-large;\"><span lang=\"fr-FR\">aux Olives et Tomates Confites<\/span><\/span><\/span><\/span><\/p>\n<p class=\"western\" align=\"center\"><span style=\"color: #000000;\"><span style=\"font-family: Gabriola, fantasy;\"><span style=\"font-size: x-large;\"><span lang=\"fr-FR\">Grande Salade Landaise <\/span><\/span><\/span><\/span><span style=\"color: #000000;\"><span style=\"font-family: Gabriola, fantasy;\"><span style=\"font-size: large;\"><span lang=\"fr-FR\">(Nem de Canard, G\u00e9siers de canard, Cou de canard farcie, Magret s\u00e9ch\u00e9, \u0152uf Dur)<\/span><\/span><\/span><\/span><\/p>\n<p class=\"western\" align=\"center\"><span style=\"color: #000000;\"><span style=\"font-family: Gabriola, serif;\"><span style=\"font-size: x-large;\"><span lang=\"fr-FR\">Pi\u00e8ce de B\u0153uf <\/span><\/span><\/span><\/span><span style=\"color: #000000;\"><span style=\"font-family: Gabriola, fantasy;\"><span style=\"font-size: x-large;\"><span lang=\"fr-FR\">(180 Gr.)<\/span><\/span><\/span><\/span><i> <\/i><span style=\"color: #000000;\"><span style=\"font-family: Gabriola, fantasy;\"><span style=\"font-size: large;\"><span lang=\"fr-FR\">\u00c9chalotes Confites ou Sauce <\/span><\/span><\/span><\/span><span style=\"color: #000000;\"><span style=\"font-family: Gabriola, fantasy;\"><span style=\"font-size: large;\"><span lang=\"fr-FR\">Vin Rouge<\/span><\/span><\/span><\/span><\/p>\n<p class=\"western\" align=\"center\"><span style=\"color: #000000;\"><span style=\"font-family: Gabriola, fantasy;\"><span style=\"font-size: x-large;\"><span lang=\"fr-FR\">Vol au Vent de L\u00e9gumes Printaniers, \u0152uf parfait<img decoding=\"async\" class=\"alignnone  wp-image-1759\" src=\"http:\/\/www.lepetitcaboulot.com\/wp-content\/uploads\/2024\/11\/image-150x150.png\" alt=\"\" width=\"35\" height=\"35\" srcset=\"https:\/\/www.lepetitcaboulot.com\/wp-content\/uploads\/2024\/11\/image-150x150.png 150w, https:\/\/www.lepetitcaboulot.com\/wp-content\/uploads\/2024\/11\/image-250x250.png 250w, https:\/\/www.lepetitcaboulot.com\/wp-content\/uploads\/2024\/11\/image-100x100.png 100w, https:\/\/www.lepetitcaboulot.com\/wp-content\/uploads\/2024\/11\/image-350x349.png 350w, https:\/\/www.lepetitcaboulot.com\/wp-content\/uploads\/2024\/11\/image-300x300.png 300w, https:\/\/www.lepetitcaboulot.com\/wp-content\/uploads\/2024\/11\/image.png 661w\" sizes=\"(max-width: 35px) 100vw, 35px\" \/><\/span><\/span><\/span><\/span><\/p>\n<p class=\"western\" align=\"center\"><span style=\"color: #000000;\"><span style=\"font-family: Gabriola, fantasy;\"><span style=\"font-size: x-large;\"><span lang=\"fr-FR\">F<\/span><\/span><\/span><\/span><span style=\"color: #000000;\"><span style=\"font-family: Gabriola, fantasy;\"><span style=\"font-size: x-large;\"><span lang=\"fr-FR\">ilet <\/span><\/span><\/span><\/span><span style=\"color: #000000;\"><span style=\"font-family: Gabriola, fantasy;\"><span style=\"font-size: x-large;\"><span lang=\"fr-FR\">de Dorade Po\u00eal\u00e9<\/span><\/span><\/span><\/span><span style=\"color: #000000;\"><span style=\"font-family: Gabriola, fantasy;\"><span style=\"font-size: x-large;\"><span lang=\"fr-FR\">, <\/span><\/span><\/span><\/span><span style=\"color: #000000;\"><span style=\"font-family: Gabriola, fantasy;\"><span style=\"font-size: x-large;\"><span lang=\"fr-FR\">Beurre Blanc aux <\/span><\/span><\/span><\/span><span style=\"color: #000000;\"><span style=\"font-family: Gabriola, fantasy;\"><span style=\"font-size: x-large;\"><span lang=\"fr-FR\">Fruits<\/span><\/span><\/span><\/span> <span style=\"color: #000000;\"><span style=\"font-family: Gabriola, fantasy;\"><span style=\"font-size: x-large;\"><span lang=\"fr-FR\">de <\/span><\/span><\/span><\/span><span style=\"color: #000000;\"><span style=\"font-family: Gabriola, fantasy;\"><span style=\"font-size: x-large;\"><span lang=\"fr-FR\">la <\/span><\/span><\/span><\/span><span style=\"color: #000000;\"><span style=\"font-family: Gabriola, fantasy;\"><span style=\"font-size: x-large;\"><span lang=\"fr-FR\">Passion<\/span><\/span><\/span><\/span><\/p>\n<p class=\"western\" align=\"center\"><span style=\"color: #000000;\"><span style=\"font-family: Gabriola, fantasy;\"><span style=\"font-size: x-large;\"><span lang=\"fr-FR\">Fricass\u00e9<\/span><\/span><\/span><\/span><span style=\"color: #000000;\"><span style=\"font-family: Gabriola, fantasy;\"><span style=\"font-size: x-large;\"><span lang=\"fr-FR\">e<\/span><\/span><\/span><\/span><span style=\"color: #000000;\"><span style=\"font-family: Gabriola, fantasy;\"><span style=\"font-size: x-large;\"><span lang=\"fr-FR\"> de Ris de Veau aux Morilles<\/span><\/span><\/span><\/span> <span style=\"color: #000000;\"><span style=\"font-family: Gabriola, serif;\"><span style=\"font-size: x-large;\"><span lang=\"fr-FR\"><b>(Suppl + 4,00\u20ac)<\/b><\/span><\/span><\/span><\/span><\/p>\n<p class=\"western\" align=\"center\"><span style=\"font-family: Gabriola, serif;\"><span style=\"font-size: x-large;\">***<\/span><\/span><\/p>\n<p class=\"western\" align=\"center\"><span style=\"color: #000000;\"><span style=\"font-family: Gabriola, fantasy;\"><span style=\"font-size: x-large;\"><span lang=\"fr-FR\">Surprise de Cornic N\u00b0 7<\/span><\/span><\/span><\/span> <span style=\"color: #000000;\"><span style=\"font-family: Gabriola, fantasy;\"><span style=\"font-size: x-large;\"><span lang=\"fr-FR\">(Babannel\u00e9, Ananas confit , Chantilly)<\/span><\/span><\/span><\/span><\/p>\n<p class=\"western\" align=\"center\"><span style=\"font-family: Gabriola, fantasy;\"><span style=\"font-size: x-large;\">Tarte Souffl\u00e9e au Chocolat <span style=\"font-size: medium;\">(10 min de cuisson)<\/span><\/span><\/span><\/p>\n<p class=\"western\" align=\"center\"><span style=\"font-family: Gabriola, fantasy;\"><span style=\"font-size: x-large;\">Cr\u00e8me Br\u00fbl\u00e9e Maison Caramel Beurre Sal\u00e9e<\/span><\/span><\/p>\n<p class=\"western\" align=\"center\"><span style=\"color: #000000;\"><span style=\"font-family: Gabriola, fantasy;\"><span style=\"font-size: x-large;\"><span lang=\"fr-FR\">Tatin au Pomme<\/span><\/span><\/span><\/span><span style=\"color: #000000;\"><span style=\"font-family: Gabriola, fantasy;\"><span style=\"font-size: x-large;\"><span lang=\"fr-FR\">, Sabl\u00e9 Breton<\/span><\/span><\/span><\/span><\/p>\n<p class=\"western\" align=\"center\"><span style=\"color: #000000;\"><span style=\"font-family: Gabriola, fantasy;\"><span style=\"font-size: x-large;\"><span lang=\"fr-FR\">Moelleux \u00e0 la Pistache,<\/span><\/span><\/span><\/span> <span style=\"color: #000000;\"><span style=\"font-family: Gabriola, fantasy;\"><span style=\"font-size: x-large;\"><span lang=\"fr-FR\">Sorbet Framboise<\/span><\/span><\/span><\/span><\/p>\n<p class=\"western\" align=\"center\"><span style=\"font-family: Gabriola, fantasy;\"><span style=\"font-size: x-large;\">Coupe Glac\u00e9e<\/span><\/span><\/p>\n<p class=\"western\" align=\"center\"><span style=\"color: #000000;\"><span style=\"font-family: Gabriola, fantasy;\"><span style=\"font-size: x-large;\"><span lang=\"fr-FR\">C<\/span><\/span><\/span><\/span><span style=\"color: #000000;\"><span style=\"font-family: Gabriola, fantasy;\"><span style=\"font-size: x-large;\"><span lang=\"fr-FR\">af\u00e9\/ Th\u00e9 Gourmand<\/span><\/span><\/span><\/span><\/p>\n<p class=\"western\" align=\"center\"><span style=\"font-family: Gabriola, fantasy;\"><span style=\"font-size: x-large;\">Plateau de Fromages S\u00e9lectionn\u00e9s par Julien Tessier <\/span><\/span><\/p>\n<p class=\"western\" align=\"center\">\u00a0<\/p>\n<p class=\"western\" align=\"center\"><span style=\"color: #7f0000;\"><span style=\"font-family: Gabriola, serif;\"><span style=\"font-size: xx-large;\"><i><b>Entr\u00e9e +plat +dessert\u00a0<\/b><\/i><\/span><\/span><\/span><span style=\"color: #7f0000;\"><span style=\"font-family: Gabriola, serif;\"><span style=\"font-size: xx-large;\"><b>: 44,00<\/b><\/span><\/span><\/span><i><b> <\/b><\/i><span style=\"color: #7f0000;\"><span style=\"font-family: Gabriola, serif;\"><span style=\"font-size: xx-large;\"><span lang=\"fr-FR\"><b>\u20ac<\/b><\/span><\/span><\/span><\/span><\/p>\n<p class=\"western\" align=\"center\"><span style=\"color: #7f0000;\"><span style=\"font-family: Gabriola, serif;\"><span style=\"font-size: xx-large;\"><span lang=\"fr-FR\"><i><b>Entr\u00e9e +plat <\/b><\/i><\/span><\/span><\/span><\/span><span style=\"color: #7f0000;\"><span style=\"font-family: Gabriola, serif;\"><span style=\"font-size: xx-large;\"><span lang=\"fr-FR\"><i>ou<\/i><\/span><\/span><\/span><\/span><span style=\"color: #7f0000;\"><span style=\"font-family: Gabriola, serif;\"><span style=\"font-size: xx-large;\"><span lang=\"fr-FR\"><i><b> plat + desser<\/b><\/i><\/span><\/span><\/span><\/span><span style=\"color: #7f0000;\"><span style=\"font-family: Gabriola, serif;\"><span style=\"font-size: xx-large;\"><span lang=\"fr-FR\"><b>t\u00a0: 3<\/b><\/span><\/span><\/span><\/span><span style=\"color: #7f0000;\"><span style=\"font-family: Gabriola, serif;\"><span style=\"font-size: xx-large;\"><span lang=\"fr-FR\"><b>8<\/b><\/span><\/span><\/span><\/span><span style=\"color: #7f0000;\"><span style=\"font-family: Gabriola, serif;\"><span style=\"font-size: xx-large;\"><span lang=\"fr-FR\"><b>,00\u20ac<\/b><\/span><\/span><\/span><\/span><\/p>\n<p><!-- [if gte mso 9]><xml>\n<w:LatentStyles DefLockedState=\"false\" LatentStyleCount=\"156\">\n<\/w:LatentStyles>\n<\/xml><![endif]--><!-- [if gte mso 10]>\n\n\n\n\n\n\n\n\n\n\n\n\n\n\n\n<style>\n \/* Style Definitions *\/\ntable.MsoNormalTable\n{mso-style-name:\"Tableau Normal\";\nmso-tstyle-rowband-size:0;\nmso-tstyle-colband-size:0;\nmso-style-noshow:yes;\nmso-style-parent:\"\";\nmso-padding-alt:0cm 5.4pt 0cm 5.4pt;\nmso-para-margin:0cm;\nmso-para-margin-bottom:.0001pt;\nmso-pagination:widow-orphan;\nfont-size:10.0pt;\nfont-family:\"Times New Roman\";\nmso-ansi-language:#0400;\nmso-fareast-language:#0400;\nmso-bidi-language:#0400;}\n<\/style>\n\n\n\n\n\n\n\n\n\n\n\n\n\n\n\n<![endif]--><\/p>\n\n\n<p><\/p>\n","protected":false},"excerpt":{"rendered":"<p>Saumon en Gravlax Maison, Houmous de Carottes\/Gingembre Foie Gras de Canard Mi-Cuit Maison (60 Gr) , Chutney du Moment Escargots \u00ab\u00a0Lilais\u00a0\u00bb \u00e0 la Bordelaise (h\u00e9liciculteur \u00e0 Isle Saint Georges : J.M. Laplagne) Milk-shake de Petits Pois, Radis Rose, Crumble Parmesan Escalopes de Foie Gras de Canard Po\u00eal\u00e9e Aux Raisins l (Suppl + 5,00\u20ac) *** Parmentier &hellip; <\/p>\n<p class=\"link-more\"><a href=\"https:\/\/www.lepetitcaboulot.com\/index.php\/formule-de-lecluse\/\" class=\"more-link\">Continuer la lecture<span class=\"screen-reader-text\"> de &laquo;&nbsp;Formule de l&rsquo;Ecluse&nbsp;&raquo;<\/span><\/a><\/p>\n","protected":false},"author":1,"featured_media":0,"parent":0,"menu_order":0,"comment_status":"closed","ping_status":"open","template":"","meta":{"footnotes":""},"class_list":["post-209","page","type-page","status-publish","hentry"],"yoast_head":"<!-- This site is optimized with the Yoast SEO plugin v27.4 - https:\/\/yoast.com\/product\/yoast-seo-wordpress\/ -->\n<title>Formule de l&#039;Ecluse -<\/title>\n<meta name=\"robots\" content=\"index, follow, max-snippet:-1, max-image-preview:large, max-video-preview:-1\" \/>\n<link rel=\"canonical\" href=\"https:\/\/www.lepetitcaboulot.com\/index.php\/formule-de-lecluse\/\" \/>\n<meta property=\"og:locale\" content=\"fr_FR\" \/>\n<meta property=\"og:type\" content=\"article\" \/>\n<meta property=\"og:title\" content=\"Formule de l&#039;Ecluse -\" \/>\n<meta property=\"og:description\" content=\"Saumon en Gravlax Maison, Houmous de Carottes\/Gingembre Foie Gras de Canard Mi-Cuit Maison (60 Gr) , Chutney du Moment Escargots \u00ab\u00a0Lilais\u00a0\u00bb \u00e0 la Bordelaise (h\u00e9liciculteur \u00e0 Isle Saint Georges : J.M. Laplagne) Milk-shake de Petits Pois, Radis Rose, Crumble Parmesan Escalopes de Foie Gras de Canard Po\u00eal\u00e9e Aux Raisins l (Suppl + 5,00\u20ac) *** Parmentier &hellip; Continuer la lecture de &laquo;&nbsp;Formule de l&rsquo;Ecluse&nbsp;&raquo;\" \/>\n<meta property=\"og:url\" content=\"https:\/\/www.lepetitcaboulot.com\/index.php\/formule-de-lecluse\/\" \/>\n<meta property=\"article:publisher\" content=\"https:\/\/www.facebook.com\/petitcaboulot\" \/>\n<meta property=\"article:modified_time\" content=\"2026-03-11T08:48:10+00:00\" \/>\n<meta property=\"og:image\" content=\"https:\/\/www.lepetitcaboulot.com\/wp-content\/uploads\/2024\/11\/image.png\" \/>\n\t<meta property=\"og:image:width\" content=\"661\" \/>\n\t<meta property=\"og:image:height\" content=\"660\" \/>\n\t<meta property=\"og:image:type\" content=\"image\/png\" \/>\n<meta name=\"twitter:card\" content=\"summary_large_image\" \/>\n<meta name=\"twitter:label1\" content=\"Dur\u00e9e de lecture estim\u00e9e\" \/>\n\t<meta name=\"twitter:data1\" content=\"3 minutes\" \/>\n<script type=\"application\/ld+json\" class=\"yoast-schema-graph\">{\"@context\":\"https:\\\/\\\/schema.org\",\"@graph\":[{\"@type\":\"WebPage\",\"@id\":\"https:\\\/\\\/www.lepetitcaboulot.com\\\/index.php\\\/formule-de-lecluse\\\/\",\"url\":\"https:\\\/\\\/www.lepetitcaboulot.com\\\/index.php\\\/formule-de-lecluse\\\/\",\"name\":\"Formule de l'Ecluse -\",\"isPartOf\":{\"@id\":\"https:\\\/\\\/www.lepetitcaboulot.com\\\/#website\"},\"primaryImageOfPage\":{\"@id\":\"https:\\\/\\\/www.lepetitcaboulot.com\\\/index.php\\\/formule-de-lecluse\\\/#primaryimage\"},\"image\":{\"@id\":\"https:\\\/\\\/www.lepetitcaboulot.com\\\/index.php\\\/formule-de-lecluse\\\/#primaryimage\"},\"thumbnailUrl\":\"http:\\\/\\\/www.lepetitcaboulot.com\\\/wp-content\\\/uploads\\\/2024\\\/11\\\/image-150x150.png\",\"datePublished\":\"2013-03-14T17:49:03+00:00\",\"dateModified\":\"2026-03-11T08:48:10+00:00\",\"breadcrumb\":{\"@id\":\"https:\\\/\\\/www.lepetitcaboulot.com\\\/index.php\\\/formule-de-lecluse\\\/#breadcrumb\"},\"inLanguage\":\"fr-FR\",\"potentialAction\":[{\"@type\":\"ReadAction\",\"target\":[\"https:\\\/\\\/www.lepetitcaboulot.com\\\/index.php\\\/formule-de-lecluse\\\/\"]}]},{\"@type\":\"ImageObject\",\"inLanguage\":\"fr-FR\",\"@id\":\"https:\\\/\\\/www.lepetitcaboulot.com\\\/index.php\\\/formule-de-lecluse\\\/#primaryimage\",\"url\":\"https:\\\/\\\/www.lepetitcaboulot.com\\\/wp-content\\\/uploads\\\/2024\\\/11\\\/image.png\",\"contentUrl\":\"https:\\\/\\\/www.lepetitcaboulot.com\\\/wp-content\\\/uploads\\\/2024\\\/11\\\/image.png\",\"width\":661,\"height\":660},{\"@type\":\"BreadcrumbList\",\"@id\":\"https:\\\/\\\/www.lepetitcaboulot.com\\\/index.php\\\/formule-de-lecluse\\\/#breadcrumb\",\"itemListElement\":[{\"@type\":\"ListItem\",\"position\":1,\"name\":\"Accueil\",\"item\":\"https:\\\/\\\/www.lepetitcaboulot.com\\\/\"},{\"@type\":\"ListItem\",\"position\":2,\"name\":\"Formule de l&rsquo;Ecluse\"}]},{\"@type\":\"WebSite\",\"@id\":\"https:\\\/\\\/www.lepetitcaboulot.com\\\/#website\",\"url\":\"https:\\\/\\\/www.lepetitcaboulot.com\\\/\",\"name\":\"WWW.lepetitcaboulot.com\",\"description\":\"Restaurant traditionnel situ\u00e9 \u00e0 Isle Saint Georges, pr\u00e8s de Bordeaux (33)\",\"publisher\":{\"@id\":\"https:\\\/\\\/www.lepetitcaboulot.com\\\/#organization\"},\"potentialAction\":[{\"@type\":\"SearchAction\",\"target\":{\"@type\":\"EntryPoint\",\"urlTemplate\":\"https:\\\/\\\/www.lepetitcaboulot.com\\\/?s={search_term_string}\"},\"query-input\":{\"@type\":\"PropertyValueSpecification\",\"valueRequired\":true,\"valueName\":\"search_term_string\"}}],\"inLanguage\":\"fr-FR\"},{\"@type\":\"Organization\",\"@id\":\"https:\\\/\\\/www.lepetitcaboulot.com\\\/#organization\",\"name\":\"Restaurant le petit caboulot\",\"url\":\"https:\\\/\\\/www.lepetitcaboulot.com\\\/\",\"logo\":{\"@type\":\"ImageObject\",\"inLanguage\":\"fr-FR\",\"@id\":\"https:\\\/\\\/www.lepetitcaboulot.com\\\/#\\\/schema\\\/logo\\\/image\\\/\",\"url\":\"http:\\\/\\\/www.lepetitcaboulot.com\\\/wp-content\\\/uploads\\\/2024\\\/11\\\/toque-nb.bmp\",\"contentUrl\":\"http:\\\/\\\/www.lepetitcaboulot.com\\\/wp-content\\\/uploads\\\/2024\\\/11\\\/toque-nb.bmp\",\"width\":530,\"height\":530,\"caption\":\"Restaurant le petit caboulot\"},\"image\":{\"@id\":\"https:\\\/\\\/www.lepetitcaboulot.com\\\/#\\\/schema\\\/logo\\\/image\\\/\"},\"sameAs\":[\"https:\\\/\\\/www.facebook.com\\\/petitcaboulot\",\"https:\\\/\\\/www.instagram.com\\\/petitcaboulot\\\/\"]}]}<\/script>\n<!-- \/ Yoast SEO plugin. -->","yoast_head_json":{"title":"Formule de l'Ecluse -","robots":{"index":"index","follow":"follow","max-snippet":"max-snippet:-1","max-image-preview":"max-image-preview:large","max-video-preview":"max-video-preview:-1"},"canonical":"https:\/\/www.lepetitcaboulot.com\/index.php\/formule-de-lecluse\/","og_locale":"fr_FR","og_type":"article","og_title":"Formule de l'Ecluse -","og_description":"Saumon en Gravlax Maison, Houmous de Carottes\/Gingembre Foie Gras de Canard Mi-Cuit Maison (60 Gr) , Chutney du Moment Escargots \u00ab\u00a0Lilais\u00a0\u00bb \u00e0 la Bordelaise (h\u00e9liciculteur \u00e0 Isle Saint Georges : J.M. Laplagne) Milk-shake de Petits Pois, Radis Rose, Crumble Parmesan Escalopes de Foie Gras de Canard Po\u00eal\u00e9e Aux Raisins l (Suppl + 5,00\u20ac) *** Parmentier &hellip; Continuer la lecture de &laquo;&nbsp;Formule de l&rsquo;Ecluse&nbsp;&raquo;","og_url":"https:\/\/www.lepetitcaboulot.com\/index.php\/formule-de-lecluse\/","article_publisher":"https:\/\/www.facebook.com\/petitcaboulot","article_modified_time":"2026-03-11T08:48:10+00:00","og_image":[{"width":661,"height":660,"url":"https:\/\/www.lepetitcaboulot.com\/wp-content\/uploads\/2024\/11\/image.png","type":"image\/png"}],"twitter_card":"summary_large_image","twitter_misc":{"Dur\u00e9e de lecture estim\u00e9e":"3 minutes"},"schema":{"@context":"https:\/\/schema.org","@graph":[{"@type":"WebPage","@id":"https:\/\/www.lepetitcaboulot.com\/index.php\/formule-de-lecluse\/","url":"https:\/\/www.lepetitcaboulot.com\/index.php\/formule-de-lecluse\/","name":"Formule de l'Ecluse -","isPartOf":{"@id":"https:\/\/www.lepetitcaboulot.com\/#website"},"primaryImageOfPage":{"@id":"https:\/\/www.lepetitcaboulot.com\/index.php\/formule-de-lecluse\/#primaryimage"},"image":{"@id":"https:\/\/www.lepetitcaboulot.com\/index.php\/formule-de-lecluse\/#primaryimage"},"thumbnailUrl":"http:\/\/www.lepetitcaboulot.com\/wp-content\/uploads\/2024\/11\/image-150x150.png","datePublished":"2013-03-14T17:49:03+00:00","dateModified":"2026-03-11T08:48:10+00:00","breadcrumb":{"@id":"https:\/\/www.lepetitcaboulot.com\/index.php\/formule-de-lecluse\/#breadcrumb"},"inLanguage":"fr-FR","potentialAction":[{"@type":"ReadAction","target":["https:\/\/www.lepetitcaboulot.com\/index.php\/formule-de-lecluse\/"]}]},{"@type":"ImageObject","inLanguage":"fr-FR","@id":"https:\/\/www.lepetitcaboulot.com\/index.php\/formule-de-lecluse\/#primaryimage","url":"https:\/\/www.lepetitcaboulot.com\/wp-content\/uploads\/2024\/11\/image.png","contentUrl":"https:\/\/www.lepetitcaboulot.com\/wp-content\/uploads\/2024\/11\/image.png","width":661,"height":660},{"@type":"BreadcrumbList","@id":"https:\/\/www.lepetitcaboulot.com\/index.php\/formule-de-lecluse\/#breadcrumb","itemListElement":[{"@type":"ListItem","position":1,"name":"Accueil","item":"https:\/\/www.lepetitcaboulot.com\/"},{"@type":"ListItem","position":2,"name":"Formule de l&rsquo;Ecluse"}]},{"@type":"WebSite","@id":"https:\/\/www.lepetitcaboulot.com\/#website","url":"https:\/\/www.lepetitcaboulot.com\/","name":"WWW.lepetitcaboulot.com","description":"Restaurant traditionnel situ\u00e9 \u00e0 Isle Saint Georges, pr\u00e8s de Bordeaux (33)","publisher":{"@id":"https:\/\/www.lepetitcaboulot.com\/#organization"},"potentialAction":[{"@type":"SearchAction","target":{"@type":"EntryPoint","urlTemplate":"https:\/\/www.lepetitcaboulot.com\/?s={search_term_string}"},"query-input":{"@type":"PropertyValueSpecification","valueRequired":true,"valueName":"search_term_string"}}],"inLanguage":"fr-FR"},{"@type":"Organization","@id":"https:\/\/www.lepetitcaboulot.com\/#organization","name":"Restaurant le petit caboulot","url":"https:\/\/www.lepetitcaboulot.com\/","logo":{"@type":"ImageObject","inLanguage":"fr-FR","@id":"https:\/\/www.lepetitcaboulot.com\/#\/schema\/logo\/image\/","url":"http:\/\/www.lepetitcaboulot.com\/wp-content\/uploads\/2024\/11\/toque-nb.bmp","contentUrl":"http:\/\/www.lepetitcaboulot.com\/wp-content\/uploads\/2024\/11\/toque-nb.bmp","width":530,"height":530,"caption":"Restaurant le petit caboulot"},"image":{"@id":"https:\/\/www.lepetitcaboulot.com\/#\/schema\/logo\/image\/"},"sameAs":["https:\/\/www.facebook.com\/petitcaboulot","https:\/\/www.instagram.com\/petitcaboulot\/"]}]}},"featured_media_urls":[],"_links":{"self":[{"href":"https:\/\/www.lepetitcaboulot.com\/index.php\/wp-json\/wp\/v2\/pages\/209","targetHints":{"allow":["GET"]}}],"collection":[{"href":"https:\/\/www.lepetitcaboulot.com\/index.php\/wp-json\/wp\/v2\/pages"}],"about":[{"href":"https:\/\/www.lepetitcaboulot.com\/index.php\/wp-json\/wp\/v2\/types\/page"}],"author":[{"embeddable":true,"href":"https:\/\/www.lepetitcaboulot.com\/index.php\/wp-json\/wp\/v2\/users\/1"}],"replies":[{"embeddable":true,"href":"https:\/\/www.lepetitcaboulot.com\/index.php\/wp-json\/wp\/v2\/comments?post=209"}],"version-history":[{"count":36,"href":"https:\/\/www.lepetitcaboulot.com\/index.php\/wp-json\/wp\/v2\/pages\/209\/revisions"}],"predecessor-version":[{"id":2561,"href":"https:\/\/www.lepetitcaboulot.com\/index.php\/wp-json\/wp\/v2\/pages\/209\/revisions\/2561"}],"wp:attachment":[{"href":"https:\/\/www.lepetitcaboulot.com\/index.php\/wp-json\/wp\/v2\/media?parent=209"}],"curies":[{"name":"wp","href":"https:\/\/api.w.org\/{rel}","templated":true}]}}