{"id":206,"date":"2013-03-14T18:47:29","date_gmt":"2013-03-14T17:47:29","guid":{"rendered":"http:\/\/emmanuelgaye.fr\/lepetitcaboulot\/?page_id=206"},"modified":"2026-03-11T09:51:11","modified_gmt":"2026-03-11T08:51:11","slug":"formule-saint-georges","status":"publish","type":"page","link":"https:\/\/www.lepetitcaboulot.com\/index.php\/formule-saint-georges\/","title":{"rendered":"Formule Saint Georges"},"content":{"rendered":"<p><!-- [if gte mso 9]><xml>\n<w:WordDocument>\n<w:View>Normal<\/w:View>\n<w:Zoom>0<\/w:Zoom>\n<w:HyphenationZone>21<\/w:HyphenationZone>\n<w:PunctuationKerning\/>\n<w:ValidateAgainstSchemas\/>\n<w:SaveIfXMLInvalid>false<\/w:SaveIfXMLInvalid>\n<w:IgnoreMixedContent>false<\/w:IgnoreMixedContent>\n<w:AlwaysShowPlaceholderText>false<\/w:AlwaysShowPlaceholderText>\n<w:Compatibility>\n<w:BreakWrappedTables\/>\n<w:SnapToGridInCell\/>\n<w:WrapTextWithPunct\/>\n<w:UseAsianBreakRules\/>\n<w:DontGrowAutofit\/>\n<\/w:Compatibility>\n<w:BrowserLevel>MicrosoftInternetExplorer4<\/w:BrowserLevel>\n<\/w:WordDocument>\n<\/xml><![endif]--><\/p>\n<p class=\"western\" align=\"center\"><span style=\"font-family: Gabriola, fantasy;\"><span style=\"font-size: x-large;\">Milk-shake de Petits Pois, Radis Rose, Crumble Parmesan<span style=\"color: #000000;\"><span lang=\"fr-FR\"><span style=\"font-size: large;\"><img decoding=\"async\" class=\"alignnone  wp-image-1568\" src=\"http:\/\/www.lepetitcaboulot.com\/wp-content\/uploads\/2024\/03\/kisspng-vegetarianism-vegan-friendly-veganism-logo-brand-aravit-bowel-detox-5b6efcebe12af9.3679503415340003639223-1-150x150.png\" alt=\"\" width=\"31\" height=\"31\" srcset=\"https:\/\/www.lepetitcaboulot.com\/wp-content\/uploads\/2024\/03\/kisspng-vegetarianism-vegan-friendly-veganism-logo-brand-aravit-bowel-detox-5b6efcebe12af9.3679503415340003639223-1-150x150.png 150w, https:\/\/www.lepetitcaboulot.com\/wp-content\/uploads\/2024\/03\/kisspng-vegetarianism-vegan-friendly-veganism-logo-brand-aravit-bowel-detox-5b6efcebe12af9.3679503415340003639223-1-250x250.png 250w, https:\/\/www.lepetitcaboulot.com\/wp-content\/uploads\/2024\/03\/kisspng-vegetarianism-vegan-friendly-veganism-logo-brand-aravit-bowel-detox-5b6efcebe12af9.3679503415340003639223-1-100x100.png 100w, https:\/\/www.lepetitcaboulot.com\/wp-content\/uploads\/2024\/03\/kisspng-vegetarianism-vegan-friendly-veganism-logo-brand-aravit-bowel-detox-5b6efcebe12af9.3679503415340003639223-1-350x349.png 350w, https:\/\/www.lepetitcaboulot.com\/wp-content\/uploads\/2024\/03\/kisspng-vegetarianism-vegan-friendly-veganism-logo-brand-aravit-bowel-detox-5b6efcebe12af9.3679503415340003639223-1-300x300.png 300w, https:\/\/www.lepetitcaboulot.com\/wp-content\/uploads\/2024\/03\/kisspng-vegetarianism-vegan-friendly-veganism-logo-brand-aravit-bowel-detox-5b6efcebe12af9.3679503415340003639223-1.png 661w, https:\/\/www.lepetitcaboulot.com\/wp-content\/uploads\/2024\/03\/kisspng-vegetarianism-vegan-friendly-veganism-logo-brand-aravit-bowel-detox-5b6efcebe12af9.3679503415340003639223-1-600x599.png 600w\" sizes=\"(max-width: 31px) 100vw, 31px\" \/><\/span><\/span><\/span><\/span><\/span><\/p>\n<p class=\"western\" align=\"center\"><span style=\"color: #000000;\"><span style=\"font-family: Gabriola, fantasy;\"><span style=\"font-size: x-large;\"><span lang=\"fr-FR\">C<\/span><\/span><\/span><\/span><span style=\"color: #000000;\"><span style=\"font-family: Gabriola, fantasy;\"><span style=\"font-size: x-large;\"><span lang=\"fr-FR\">romesquis de Canard, <\/span><\/span><\/span><\/span><span style=\"color: #000000;\"><span style=\"font-family: Gabriola, fantasy;\"><span style=\"font-size: x-large;\"><span lang=\"fr-FR\">A\u00efoli de Roquette<\/span><\/span><\/span><\/span><\/p>\n<p class=\"western\" align=\"center\"><span style=\"color: #000000;\"><span style=\"font-family: Gabriola, fantasy;\"><span style=\"font-size: x-large;\"><span lang=\"fr-FR\">Ceviche de Maigre<\/span><\/span><\/span><\/span><span style=\"color: #000000;\"><span style=\"font-family: Gabriola, fantasy;\"><span style=\"font-size: x-large;\"><span lang=\"fr-FR\"> aux Agrumes<\/span><\/span><\/span><\/span><\/p>\n<p class=\"western\" align=\"center\"><span style=\"color: #000000;\"><span style=\"font-family: Gabriola, fantasy;\"><span style=\"font-size: x-large;\"><span lang=\"fr-FR\">Foie Gras de Canard<\/span><\/span><\/span><\/span><span style=\"color: #000000;\"><span style=\"font-family: Gabriola, fantasy;\"><span style=\"font-size: x-large;\"><span lang=\"fr-FR\"> Mi-Cuit Maison <\/span><\/span><\/span><\/span><span style=\"color: #000000;\"><span style=\"font-family: Gabriola, fantasy;\"><span style=\"font-size: large;\"><span lang=\"fr-FR\"><i>(60 Gr)<\/i><\/span><\/span><\/span><\/span> <span style=\"color: #000000;\"><span style=\"font-family: Gabriola, fantasy;\"><span style=\"font-size: x-large;\"><span lang=\"fr-FR\">, Chutney du Moment<\/span><\/span><\/span><\/span> <span style=\"font-family: Gabriola, fantasy;\"><span style=\"font-size: x-large;\"><span lang=\"fr-FR\"><b>(Suppl.+<\/b><\/span><\/span><\/span><span style=\"color: #000000;\"><span style=\"font-family: Gabriola, fantasy;\"><span style=\"font-size: x-large;\"><span lang=\"fr-FR\"><b>6,00<\/b><\/span><\/span><\/span><\/span><span style=\"font-family: Gabriola, fantasy;\"><span style=\"font-size: x-large;\"><span lang=\"fr-FR\"><b> \u20ac)<\/b><\/span><\/span><\/span><\/p>\n<p class=\"western\" align=\"center\"><a href=\"http:\/\/www.lepetitcaboulot.com\/index.php\/formule-de-lecluse\/\"><span style=\"font-family: Gabriola, fantasy;\"><span style=\"font-size: x-large;\"><span lang=\"fr-FR\"><i><b><span style=\"color: #000000;\">Entr\u00e9e du Menu \u00c9cluses Suppl.+7<\/span><\/b><\/i><\/span><\/span><\/span><span style=\"color: #000000;\"><span style=\"font-family: Gabriola, fantasy;\"><span style=\"font-size: x-large;\"><span lang=\"fr-FR\"><i><b>,50<\/b><\/i><\/span><\/span><\/span><span style=\"font-family: Gabriola, fantasy;\"><span style=\"font-size: x-large;\"><span lang=\"fr-FR\"><i><b> \u20ac<\/b><\/i><\/span><\/span><\/span><\/span><\/a><\/p>\n<p class=\"western\" align=\"center\"><span style=\"font-family: Gabriola, fantasy;\"><span style=\"font-size: x-large;\">***<\/span><\/span><\/p>\n<p class=\"western\" align=\"center\"><span style=\"color: #000000;\"><span style=\"font-family: Gabriola, fantasy;\"><span style=\"font-size: x-large;\"><span lang=\"fr-FR\">Coq au Vin des Graves, <\/span><\/span><\/span><\/span><span style=\"color: #000000;\"><span style=\"font-family: Gabriola, fantasy;\"><span style=\"font-size: x-large;\"><span lang=\"fr-FR\">Mousseline de Pomme de Terre \u00e0 la Truffe<\/span><\/span><\/span><\/span><\/p>\n<p class=\"western\" align=\"center\"><span style=\"color: #000000;\"><span style=\"font-family: Gabriola, fantasy;\"><span style=\"font-size: x-large;\"><span lang=\"fr-FR\">Cote de Porc \u00ab\u00a0Nana\u00a0\u00bb <\/span><\/span><\/span><\/span><span style=\"color: #000000;\"><span style=\"font-family: Gabriola, fantasy;\"><span style=\"font-size: x-large;\"><span lang=\"fr-FR\">Croquant de Paprika Fum\u00e9, <\/span><\/span><\/span><\/span><span style=\"color: #000000;\"><span style=\"font-family: Gabriola, fantasy;\"><span style=\"font-size: x-large;\"><span lang=\"fr-FR\">J<\/span><\/span><\/span><\/span><span style=\"color: #000000;\"><span style=\"font-family: Gabriola, fantasy;\"><span style=\"font-size: x-large;\"><span lang=\"fr-FR\">us de <\/span><\/span><\/span><\/span><span style=\"color: #000000;\"><span style=\"font-family: Gabriola, fantasy;\"><span style=\"font-size: x-large;\"><span lang=\"fr-FR\">V<\/span><\/span><\/span><\/span><span style=\"color: #000000;\"><span style=\"font-family: Gabriola, fantasy;\"><span style=\"font-size: x-large;\"><span lang=\"fr-FR\">iande<\/span><\/span><\/span><\/span><\/p>\n<p class=\"western\" align=\"center\"><span style=\"color: #000000;\"><span style=\"font-family: Gabriola, fantasy;\"><span style=\"font-size: x-large;\"><span lang=\"fr-FR\">Vol au Vent de L\u00e9gumes Printaniers, \u0152uf parfait<span style=\"font-size: large;\"><img decoding=\"async\" class=\"alignnone  wp-image-1568\" src=\"http:\/\/www.lepetitcaboulot.com\/wp-content\/uploads\/2024\/03\/kisspng-vegetarianism-vegan-friendly-veganism-logo-brand-aravit-bowel-detox-5b6efcebe12af9.3679503415340003639223-1-150x150.png\" alt=\"\" width=\"31\" height=\"31\" srcset=\"https:\/\/www.lepetitcaboulot.com\/wp-content\/uploads\/2024\/03\/kisspng-vegetarianism-vegan-friendly-veganism-logo-brand-aravit-bowel-detox-5b6efcebe12af9.3679503415340003639223-1-150x150.png 150w, https:\/\/www.lepetitcaboulot.com\/wp-content\/uploads\/2024\/03\/kisspng-vegetarianism-vegan-friendly-veganism-logo-brand-aravit-bowel-detox-5b6efcebe12af9.3679503415340003639223-1-250x250.png 250w, https:\/\/www.lepetitcaboulot.com\/wp-content\/uploads\/2024\/03\/kisspng-vegetarianism-vegan-friendly-veganism-logo-brand-aravit-bowel-detox-5b6efcebe12af9.3679503415340003639223-1-100x100.png 100w, https:\/\/www.lepetitcaboulot.com\/wp-content\/uploads\/2024\/03\/kisspng-vegetarianism-vegan-friendly-veganism-logo-brand-aravit-bowel-detox-5b6efcebe12af9.3679503415340003639223-1-350x349.png 350w, https:\/\/www.lepetitcaboulot.com\/wp-content\/uploads\/2024\/03\/kisspng-vegetarianism-vegan-friendly-veganism-logo-brand-aravit-bowel-detox-5b6efcebe12af9.3679503415340003639223-1-300x300.png 300w, https:\/\/www.lepetitcaboulot.com\/wp-content\/uploads\/2024\/03\/kisspng-vegetarianism-vegan-friendly-veganism-logo-brand-aravit-bowel-detox-5b6efcebe12af9.3679503415340003639223-1.png 661w, https:\/\/www.lepetitcaboulot.com\/wp-content\/uploads\/2024\/03\/kisspng-vegetarianism-vegan-friendly-veganism-logo-brand-aravit-bowel-detox-5b6efcebe12af9.3679503415340003639223-1-600x599.png 600w\" sizes=\"(max-width: 31px) 100vw, 31px\" \/><\/span><\/span><\/span><\/span><\/span><\/p>\n<p class=\"western\" align=\"center\"><span style=\"font-family: Gabriola, fantasy;\"><span style=\"font-size: x-large;\">Poisson du March\u00e9 Suivant Arrivage<\/span><\/span><\/p>\n<p class=\"western\" align=\"center\"><a href=\"http:\/\/www.lepetitcaboulot.com\/index.php\/formule-de-lecluse\/\"><span style=\"color: #000000;\"><span style=\"font-family: Gabriola, fantasy;\"><span style=\"font-size: x-large;\"><span lang=\"fr-FR\"><i><b>Plat du Menu \u00c9cluses Suppl.+9<\/b><\/i><\/span><\/span><\/span><\/span><span style=\"color: #000000;\"><span style=\"font-family: Gabriola, fantasy;\"><span style=\"font-size: x-large;\"><span lang=\"fr-FR\"><i><b>,50<\/b><\/i><\/span><\/span><\/span><\/span><span style=\"color: #000000;\"><span style=\"font-family: Gabriola, fantasy;\"><span style=\"font-size: x-large;\"><span lang=\"fr-FR\"><i><b> \u20ac<\/b><\/i><\/span><\/span><\/span><\/span><\/a><\/p>\n<p class=\"western\" align=\"center\"><span style=\"font-family: Gabriola, fantasy;\"><span style=\"font-size: x-large;\">***<\/span><\/span><\/p>\n<p class=\"western\" align=\"center\"><span style=\"font-family: Gabriola, fantasy;\"><span style=\"font-size: x-large;\"><span lang=\"fr-FR\">Cr\u00e8me Br\u00fbl\u00e9e Maison<\/span> <span lang=\"fr-FR\">Caramel Beurre Sal\u00e9e<\/span><\/span><\/span><\/p>\n<p class=\"western\" align=\"center\"><span style=\"font-family: Gabriola, fantasy;\"><span style=\"font-size: x-large;\">Tatin au Pomme, Sabl\u00e9 Breton<\/span><\/span><\/p>\n<p class=\"western\" align=\"center\"><span style=\"color: #000000;\"><span style=\"font-family: Gabriola, fantasy;\"><span style=\"font-size: x-large;\"><span lang=\"fr-FR\">Moelleux \u00e0 la Pistache,<\/span><\/span><\/span><\/span> <span style=\"color: #000000;\"><span style=\"font-family: Gabriola, fantasy;\"><span style=\"font-size: x-large;\"><span lang=\"fr-FR\">Sorbet Framboise<\/span><\/span><\/span><\/span><\/p>\n<p class=\"western\" align=\"center\"><span style=\"color: #000000;\"><span style=\"font-family: Gabriola, fantasy;\"><span style=\"font-size: x-large;\"><span lang=\"fr-FR\">Coupe Glac\u00e9e<\/span><\/span><\/span><\/span><i><b> <\/b><\/i><span style=\"color: #000000;\"><span style=\"font-family: Gabriola, fantasy;\"><span style=\"font-size: large;\"><span lang=\"fr-FR\">(hors alcool)<\/span><\/span><\/span><\/span><\/p>\n<p class=\"western\" align=\"center\"><span style=\"color: #000000;\"><a style=\"color: #000000;\" href=\"http:\/\/www.lepetitcaboulot.com\/index.php\/la-carte\/desserts\/\"><span style=\"font-family: Gabriola, fantasy;\"><span style=\"font-size: x-large;\"><i><b>Dessert \u00e0 la carte Suppl +4.00 \u20ac<\/b><\/i><\/span><\/span><\/a><\/span><\/p>\n<p class=\"western\" align=\"center\"><span style=\"color: #7f0000;\"><span style=\"font-family: Gabriola, fantasy;\"><span style=\"font-size: xx-large;\"><span lang=\"fr-FR\"><i><b>Entr\u00e9e +plat +dessert\u00a0<\/b><\/i><\/span><\/span><\/span><\/span><span style=\"color: #7f0000;\"><span style=\"font-family: Gabriola, fantasy;\"><span style=\"font-size: xx-large;\"><span lang=\"fr-FR\"><b>: 34.00<\/b><\/span><\/span><\/span><\/span><span style=\"color: #7f0000;\"><span style=\"font-family: Gabriola, fantasy;\"><span style=\"font-size: 300%;\"><span lang=\"fr-FR\"><i><b>\u20ac<\/b><\/i><\/span><\/span><\/span><\/span><\/p>\n<p class=\"western\" align=\"center\"><span style=\"color: #7f0000;\"><span style=\"font-family: Gabriola, fantasy;\"><span style=\"font-size: xx-large;\"><span lang=\"fr-FR\"><i><b>Entr\u00e9e +plat <\/b><\/i><\/span><\/span><\/span><\/span><span style=\"color: #7f0000;\"><span style=\"font-family: Gabriola, fantasy;\"><span style=\"font-size: xx-large;\"><span lang=\"fr-FR\"><i>ou<\/i><\/span><\/span><\/span><\/span><span style=\"color: #7f0000;\"><span style=\"font-family: Gabriola, fantasy;\"><span style=\"font-size: xx-large;\"><span lang=\"fr-FR\"><i><b> plat + dessert\u00a0<\/b><\/i><\/span><\/span><\/span><\/span><span style=\"color: #7f0000;\"><span style=\"font-family: Gabriola, fantasy;\"><span style=\"font-size: xx-large;\"><span lang=\"fr-FR\"><b>: 28<\/b><\/span><\/span><\/span><\/span><span style=\"color: #7f0000;\"><span style=\"font-family: Gabriola, fantasy;\"><span style=\"font-size: xx-large;\"><span lang=\"fr-FR\"><b>.00<\/b><\/span><\/span><\/span><\/span><span style=\"color: #7f0000;\"><span style=\"font-family: Gabriola, fantasy;\"><span style=\"font-size: xx-large;\"><span lang=\"fr-FR\"><b>\u00a0\u20ac<\/b><\/span><\/span><\/span><\/span><\/p>\n<p><!-- [if gte mso 9]><xml>\n<w:LatentStyles DefLockedState=\"false\" LatentStyleCount=\"156\">\n<\/w:LatentStyles>\n<\/xml><![endif]--><!-- [if gte mso 10]>\n\n\n\n<style>\n \/* Style Definitions *\/\ntable.MsoNormalTable\n{mso-style-name:\"Tableau Normal\";\nmso-tstyle-rowband-size:0;\nmso-tstyle-colband-size:0;\nmso-style-noshow:yes;\nmso-style-parent:\"\";\nmso-padding-alt:0cm 5.4pt 0cm 5.4pt;\nmso-para-margin:0cm;\nmso-para-margin-bottom:.0001pt;\nmso-pagination:widow-orphan;\nfont-size:10.0pt;\nfont-family:\"Times New Roman\";\nmso-ansi-language:#0400;\nmso-fareast-language:#0400;\nmso-bidi-language:#0400;}\n<\/style>\n\n\n\n<![endif]--><\/p>\n","protected":false},"excerpt":{"rendered":"<p>Milk-shake de Petits Pois, Radis Rose, Crumble Parmesan Cromesquis de Canard, A\u00efoli de Roquette Ceviche de Maigre aux Agrumes Foie Gras de Canard Mi-Cuit Maison (60 Gr) , Chutney du Moment (Suppl.+6,00 \u20ac) Entr\u00e9e du Menu \u00c9cluses Suppl.+7,50 \u20ac *** Coq au Vin des Graves, Mousseline de Pomme de Terre \u00e0 la Truffe Cote de &hellip; <\/p>\n<p class=\"link-more\"><a href=\"https:\/\/www.lepetitcaboulot.com\/index.php\/formule-saint-georges\/\" class=\"more-link\">Continuer la lecture<span class=\"screen-reader-text\"> de &laquo;&nbsp;Formule Saint Georges&nbsp;&raquo;<\/span><\/a><\/p>\n","protected":false},"author":1,"featured_media":0,"parent":0,"menu_order":0,"comment_status":"closed","ping_status":"open","template":"","meta":{"footnotes":""},"class_list":["post-206","page","type-page","status-publish","hentry"],"yoast_head":"<!-- This site is optimized with the Yoast SEO plugin v27.4 - https:\/\/yoast.com\/product\/yoast-seo-wordpress\/ -->\n<title>Formule Saint Georges -<\/title>\n<meta name=\"robots\" content=\"index, follow, max-snippet:-1, max-image-preview:large, max-video-preview:-1\" \/>\n<link rel=\"canonical\" href=\"https:\/\/www.lepetitcaboulot.com\/index.php\/formule-saint-georges\/\" \/>\n<meta property=\"og:locale\" content=\"fr_FR\" \/>\n<meta property=\"og:type\" content=\"article\" \/>\n<meta property=\"og:title\" content=\"Formule Saint Georges -\" \/>\n<meta property=\"og:description\" content=\"Milk-shake de Petits Pois, Radis Rose, Crumble Parmesan Cromesquis de Canard, A\u00efoli de Roquette Ceviche de Maigre aux Agrumes Foie Gras de Canard Mi-Cuit Maison (60 Gr) , Chutney du Moment (Suppl.+6,00 \u20ac) Entr\u00e9e du Menu \u00c9cluses Suppl.+7,50 \u20ac *** Coq au Vin des Graves, Mousseline de Pomme de Terre \u00e0 la Truffe Cote de &hellip; Continuer la lecture de &laquo;&nbsp;Formule Saint Georges&nbsp;&raquo;\" \/>\n<meta property=\"og:url\" content=\"https:\/\/www.lepetitcaboulot.com\/index.php\/formule-saint-georges\/\" \/>\n<meta property=\"article:publisher\" content=\"https:\/\/www.facebook.com\/petitcaboulot\" \/>\n<meta property=\"article:modified_time\" content=\"2026-03-11T08:51:11+00:00\" \/>\n<meta property=\"og:image\" content=\"https:\/\/www.lepetitcaboulot.com\/wp-content\/uploads\/2024\/03\/kisspng-vegetarianism-vegan-friendly-veganism-logo-brand-aravit-bowel-detox-5b6efcebe12af9.3679503415340003639223-1.png\" \/>\n\t<meta property=\"og:image:width\" content=\"661\" \/>\n\t<meta property=\"og:image:height\" content=\"660\" \/>\n\t<meta property=\"og:image:type\" content=\"image\/png\" \/>\n<meta name=\"twitter:card\" content=\"summary_large_image\" \/>\n<meta name=\"twitter:label1\" content=\"Dur\u00e9e de lecture estim\u00e9e\" \/>\n\t<meta name=\"twitter:data1\" content=\"2 minutes\" \/>\n<script type=\"application\/ld+json\" class=\"yoast-schema-graph\">{\"@context\":\"https:\\\/\\\/schema.org\",\"@graph\":[{\"@type\":\"WebPage\",\"@id\":\"https:\\\/\\\/www.lepetitcaboulot.com\\\/index.php\\\/formule-saint-georges\\\/\",\"url\":\"https:\\\/\\\/www.lepetitcaboulot.com\\\/index.php\\\/formule-saint-georges\\\/\",\"name\":\"Formule Saint Georges -\",\"isPartOf\":{\"@id\":\"https:\\\/\\\/www.lepetitcaboulot.com\\\/#website\"},\"primaryImageOfPage\":{\"@id\":\"https:\\\/\\\/www.lepetitcaboulot.com\\\/index.php\\\/formule-saint-georges\\\/#primaryimage\"},\"image\":{\"@id\":\"https:\\\/\\\/www.lepetitcaboulot.com\\\/index.php\\\/formule-saint-georges\\\/#primaryimage\"},\"thumbnailUrl\":\"http:\\\/\\\/www.lepetitcaboulot.com\\\/wp-content\\\/uploads\\\/2024\\\/03\\\/kisspng-vegetarianism-vegan-friendly-veganism-logo-brand-aravit-bowel-detox-5b6efcebe12af9.3679503415340003639223-1-150x150.png\",\"datePublished\":\"2013-03-14T17:47:29+00:00\",\"dateModified\":\"2026-03-11T08:51:11+00:00\",\"breadcrumb\":{\"@id\":\"https:\\\/\\\/www.lepetitcaboulot.com\\\/index.php\\\/formule-saint-georges\\\/#breadcrumb\"},\"inLanguage\":\"fr-FR\",\"potentialAction\":[{\"@type\":\"ReadAction\",\"target\":[\"https:\\\/\\\/www.lepetitcaboulot.com\\\/index.php\\\/formule-saint-georges\\\/\"]}]},{\"@type\":\"ImageObject\",\"inLanguage\":\"fr-FR\",\"@id\":\"https:\\\/\\\/www.lepetitcaboulot.com\\\/index.php\\\/formule-saint-georges\\\/#primaryimage\",\"url\":\"https:\\\/\\\/www.lepetitcaboulot.com\\\/wp-content\\\/uploads\\\/2024\\\/03\\\/kisspng-vegetarianism-vegan-friendly-veganism-logo-brand-aravit-bowel-detox-5b6efcebe12af9.3679503415340003639223-1.png\",\"contentUrl\":\"https:\\\/\\\/www.lepetitcaboulot.com\\\/wp-content\\\/uploads\\\/2024\\\/03\\\/kisspng-vegetarianism-vegan-friendly-veganism-logo-brand-aravit-bowel-detox-5b6efcebe12af9.3679503415340003639223-1.png\",\"width\":661,\"height\":660},{\"@type\":\"BreadcrumbList\",\"@id\":\"https:\\\/\\\/www.lepetitcaboulot.com\\\/index.php\\\/formule-saint-georges\\\/#breadcrumb\",\"itemListElement\":[{\"@type\":\"ListItem\",\"position\":1,\"name\":\"Accueil\",\"item\":\"https:\\\/\\\/www.lepetitcaboulot.com\\\/\"},{\"@type\":\"ListItem\",\"position\":2,\"name\":\"Formule Saint Georges\"}]},{\"@type\":\"WebSite\",\"@id\":\"https:\\\/\\\/www.lepetitcaboulot.com\\\/#website\",\"url\":\"https:\\\/\\\/www.lepetitcaboulot.com\\\/\",\"name\":\"WWW.lepetitcaboulot.com\",\"description\":\"Restaurant traditionnel situ\u00e9 \u00e0 Isle Saint Georges, pr\u00e8s de Bordeaux (33)\",\"publisher\":{\"@id\":\"https:\\\/\\\/www.lepetitcaboulot.com\\\/#organization\"},\"potentialAction\":[{\"@type\":\"SearchAction\",\"target\":{\"@type\":\"EntryPoint\",\"urlTemplate\":\"https:\\\/\\\/www.lepetitcaboulot.com\\\/?s={search_term_string}\"},\"query-input\":{\"@type\":\"PropertyValueSpecification\",\"valueRequired\":true,\"valueName\":\"search_term_string\"}}],\"inLanguage\":\"fr-FR\"},{\"@type\":\"Organization\",\"@id\":\"https:\\\/\\\/www.lepetitcaboulot.com\\\/#organization\",\"name\":\"Restaurant le petit caboulot\",\"url\":\"https:\\\/\\\/www.lepetitcaboulot.com\\\/\",\"logo\":{\"@type\":\"ImageObject\",\"inLanguage\":\"fr-FR\",\"@id\":\"https:\\\/\\\/www.lepetitcaboulot.com\\\/#\\\/schema\\\/logo\\\/image\\\/\",\"url\":\"http:\\\/\\\/www.lepetitcaboulot.com\\\/wp-content\\\/uploads\\\/2024\\\/11\\\/toque-nb.bmp\",\"contentUrl\":\"http:\\\/\\\/www.lepetitcaboulot.com\\\/wp-content\\\/uploads\\\/2024\\\/11\\\/toque-nb.bmp\",\"width\":530,\"height\":530,\"caption\":\"Restaurant le petit caboulot\"},\"image\":{\"@id\":\"https:\\\/\\\/www.lepetitcaboulot.com\\\/#\\\/schema\\\/logo\\\/image\\\/\"},\"sameAs\":[\"https:\\\/\\\/www.facebook.com\\\/petitcaboulot\",\"https:\\\/\\\/www.instagram.com\\\/petitcaboulot\\\/\"]}]}<\/script>\n<!-- \/ Yoast SEO plugin. -->","yoast_head_json":{"title":"Formule Saint Georges -","robots":{"index":"index","follow":"follow","max-snippet":"max-snippet:-1","max-image-preview":"max-image-preview:large","max-video-preview":"max-video-preview:-1"},"canonical":"https:\/\/www.lepetitcaboulot.com\/index.php\/formule-saint-georges\/","og_locale":"fr_FR","og_type":"article","og_title":"Formule Saint Georges -","og_description":"Milk-shake de Petits Pois, Radis Rose, Crumble Parmesan Cromesquis de Canard, A\u00efoli de Roquette Ceviche de Maigre aux Agrumes Foie Gras de Canard Mi-Cuit Maison (60 Gr) , Chutney du Moment (Suppl.+6,00 \u20ac) Entr\u00e9e du Menu \u00c9cluses Suppl.+7,50 \u20ac *** Coq au Vin des Graves, Mousseline de Pomme de Terre \u00e0 la Truffe Cote de &hellip; Continuer la lecture de &laquo;&nbsp;Formule Saint Georges&nbsp;&raquo;","og_url":"https:\/\/www.lepetitcaboulot.com\/index.php\/formule-saint-georges\/","article_publisher":"https:\/\/www.facebook.com\/petitcaboulot","article_modified_time":"2026-03-11T08:51:11+00:00","og_image":[{"width":661,"height":660,"url":"https:\/\/www.lepetitcaboulot.com\/wp-content\/uploads\/2024\/03\/kisspng-vegetarianism-vegan-friendly-veganism-logo-brand-aravit-bowel-detox-5b6efcebe12af9.3679503415340003639223-1.png","type":"image\/png"}],"twitter_card":"summary_large_image","twitter_misc":{"Dur\u00e9e de lecture estim\u00e9e":"2 minutes"},"schema":{"@context":"https:\/\/schema.org","@graph":[{"@type":"WebPage","@id":"https:\/\/www.lepetitcaboulot.com\/index.php\/formule-saint-georges\/","url":"https:\/\/www.lepetitcaboulot.com\/index.php\/formule-saint-georges\/","name":"Formule Saint Georges -","isPartOf":{"@id":"https:\/\/www.lepetitcaboulot.com\/#website"},"primaryImageOfPage":{"@id":"https:\/\/www.lepetitcaboulot.com\/index.php\/formule-saint-georges\/#primaryimage"},"image":{"@id":"https:\/\/www.lepetitcaboulot.com\/index.php\/formule-saint-georges\/#primaryimage"},"thumbnailUrl":"http:\/\/www.lepetitcaboulot.com\/wp-content\/uploads\/2024\/03\/kisspng-vegetarianism-vegan-friendly-veganism-logo-brand-aravit-bowel-detox-5b6efcebe12af9.3679503415340003639223-1-150x150.png","datePublished":"2013-03-14T17:47:29+00:00","dateModified":"2026-03-11T08:51:11+00:00","breadcrumb":{"@id":"https:\/\/www.lepetitcaboulot.com\/index.php\/formule-saint-georges\/#breadcrumb"},"inLanguage":"fr-FR","potentialAction":[{"@type":"ReadAction","target":["https:\/\/www.lepetitcaboulot.com\/index.php\/formule-saint-georges\/"]}]},{"@type":"ImageObject","inLanguage":"fr-FR","@id":"https:\/\/www.lepetitcaboulot.com\/index.php\/formule-saint-georges\/#primaryimage","url":"https:\/\/www.lepetitcaboulot.com\/wp-content\/uploads\/2024\/03\/kisspng-vegetarianism-vegan-friendly-veganism-logo-brand-aravit-bowel-detox-5b6efcebe12af9.3679503415340003639223-1.png","contentUrl":"https:\/\/www.lepetitcaboulot.com\/wp-content\/uploads\/2024\/03\/kisspng-vegetarianism-vegan-friendly-veganism-logo-brand-aravit-bowel-detox-5b6efcebe12af9.3679503415340003639223-1.png","width":661,"height":660},{"@type":"BreadcrumbList","@id":"https:\/\/www.lepetitcaboulot.com\/index.php\/formule-saint-georges\/#breadcrumb","itemListElement":[{"@type":"ListItem","position":1,"name":"Accueil","item":"https:\/\/www.lepetitcaboulot.com\/"},{"@type":"ListItem","position":2,"name":"Formule Saint Georges"}]},{"@type":"WebSite","@id":"https:\/\/www.lepetitcaboulot.com\/#website","url":"https:\/\/www.lepetitcaboulot.com\/","name":"WWW.lepetitcaboulot.com","description":"Restaurant traditionnel situ\u00e9 \u00e0 Isle Saint Georges, pr\u00e8s de Bordeaux (33)","publisher":{"@id":"https:\/\/www.lepetitcaboulot.com\/#organization"},"potentialAction":[{"@type":"SearchAction","target":{"@type":"EntryPoint","urlTemplate":"https:\/\/www.lepetitcaboulot.com\/?s={search_term_string}"},"query-input":{"@type":"PropertyValueSpecification","valueRequired":true,"valueName":"search_term_string"}}],"inLanguage":"fr-FR"},{"@type":"Organization","@id":"https:\/\/www.lepetitcaboulot.com\/#organization","name":"Restaurant le petit caboulot","url":"https:\/\/www.lepetitcaboulot.com\/","logo":{"@type":"ImageObject","inLanguage":"fr-FR","@id":"https:\/\/www.lepetitcaboulot.com\/#\/schema\/logo\/image\/","url":"http:\/\/www.lepetitcaboulot.com\/wp-content\/uploads\/2024\/11\/toque-nb.bmp","contentUrl":"http:\/\/www.lepetitcaboulot.com\/wp-content\/uploads\/2024\/11\/toque-nb.bmp","width":530,"height":530,"caption":"Restaurant le petit caboulot"},"image":{"@id":"https:\/\/www.lepetitcaboulot.com\/#\/schema\/logo\/image\/"},"sameAs":["https:\/\/www.facebook.com\/petitcaboulot","https:\/\/www.instagram.com\/petitcaboulot\/"]}]}},"featured_media_urls":[],"_links":{"self":[{"href":"https:\/\/www.lepetitcaboulot.com\/index.php\/wp-json\/wp\/v2\/pages\/206","targetHints":{"allow":["GET"]}}],"collection":[{"href":"https:\/\/www.lepetitcaboulot.com\/index.php\/wp-json\/wp\/v2\/pages"}],"about":[{"href":"https:\/\/www.lepetitcaboulot.com\/index.php\/wp-json\/wp\/v2\/types\/page"}],"author":[{"embeddable":true,"href":"https:\/\/www.lepetitcaboulot.com\/index.php\/wp-json\/wp\/v2\/users\/1"}],"replies":[{"embeddable":true,"href":"https:\/\/www.lepetitcaboulot.com\/index.php\/wp-json\/wp\/v2\/comments?post=206"}],"version-history":[{"count":35,"href":"https:\/\/www.lepetitcaboulot.com\/index.php\/wp-json\/wp\/v2\/pages\/206\/revisions"}],"predecessor-version":[{"id":2563,"href":"https:\/\/www.lepetitcaboulot.com\/index.php\/wp-json\/wp\/v2\/pages\/206\/revisions\/2563"}],"wp:attachment":[{"href":"https:\/\/www.lepetitcaboulot.com\/index.php\/wp-json\/wp\/v2\/media?parent=206"}],"curies":[{"name":"wp","href":"https:\/\/api.w.org\/{rel}","templated":true}]}}