{"id":200,"date":"2013-03-14T18:43:42","date_gmt":"2013-03-14T17:43:42","guid":{"rendered":"http:\/\/emmanuelgaye.fr\/lepetitcaboulot\/?page_id=200"},"modified":"2026-01-06T11:44:27","modified_gmt":"2026-01-06T10:44:27","slug":"les-menus-2","status":"publish","type":"page","link":"https:\/\/www.lepetitcaboulot.com\/index.php\/les-menus-2\/","title":{"rendered":"Les Menus"},"content":{"rendered":"<p><!-- [if gte mso 9]&amp;gt;&amp;lt;xml&amp;gt; &amp;lt;w:WordDocument&amp;gt; &amp;lt;w:View&amp;gt;Normal&amp;lt;\/w:View&amp;gt; &amp;lt;w:Zoom&amp;gt;0&amp;lt;\/w:Zoom&amp;gt; &amp;lt;w:HyphenationZone&amp;gt;21&amp;lt;\/w:HyphenationZone&amp;gt; &amp;lt;w:PunctuationKerning\/&amp;gt; &amp;lt;w:ValidateAgainstSchemas\/&amp;gt; &amp;lt;w:SaveIfXMLInvalid&amp;gt;false&amp;lt;\/w:SaveIfXMLInvalid&amp;gt; &amp;lt;w:IgnoreMixedContent&amp;gt;false&amp;lt;\/w:IgnoreMixedContent&amp;gt; &amp;lt;w:AlwaysShowPlaceholderText&amp;gt;false&amp;lt;\/w:AlwaysShowPlaceholderText&amp;gt; &amp;lt;w:Compatibility&amp;gt; &amp;lt;w:BreakWrappedTables\/&amp;gt; &amp;lt;w:SnapToGridInCell\/&amp;gt; &amp;lt;w:WrapTextWithPunct\/&amp;gt; &amp;lt;w:UseAsianBreakRules\/&amp;gt; &amp;lt;w:DontGrowAutofit\/&amp;gt; &amp;lt;\/w:Compatibility&amp;gt; &amp;lt;w:BrowserLevel&amp;gt;MicrosoftInternetExplorer4&amp;lt;\/w:BrowserLevel&amp;gt; &amp;lt;\/w:WordDocument&amp;gt; &amp;lt;\/xml&amp;gt;&amp;lt;![endif]--><\/p>\n<p align=\"center\"><span style=\"color: #993300;\"><a style=\"color: #993300;\" title=\"Formule Midi\" href=\"http:\/\/www.lepetitcaboulot.com\/index.php\/formule-midi\/\">Formule Midi<\/a><\/span><\/p>\n<p align=\"center\"><span style=\"color: #993300;\"> <a style=\"color: #993300;\" title=\"Formule Saint Georges\" href=\"http:\/\/www.lepetitcaboulot.com\/index.php\/formule-saint-georges\/\">Formule Saint-Georges<\/a><\/span><\/p>\n<p align=\"center\"><a href=\"http:\/\/www.lepetitcaboulot.com\/index.php\/formule-de-lecluse\/\"><span style=\"color: #993300;\"> <span style=\"color: #993300;\">Formule de l\u2019\u00e9cluse<\/span><\/span><\/a><\/p>\n<p align=\"center\"><a href=\"http:\/\/www.lepetitcaboulot.com\/index.php\/formule-enfant\/\"><span style=\"color: #993300;\"> <span style=\"color: #993300;\">Formule Enfant<\/span><\/span><\/a><\/p>\n<p align=\"center\">\u00a0<\/p>\n\n\n<p><\/p>\n","protected":false},"excerpt":{"rendered":"<p>Formule Midi Formule Saint-Georges Formule de l\u2019\u00e9cluse Formule Enfant \u00a0<\/p>\n","protected":false},"author":1,"featured_media":0,"parent":0,"menu_order":0,"comment_status":"closed","ping_status":"open","template":"","meta":{"footnotes":""},"class_list":["post-200","page","type-page","status-publish","hentry"],"yoast_head":"<!-- This site is optimized with the Yoast SEO plugin v27.4 - https:\/\/yoast.com\/product\/yoast-seo-wordpress\/ -->\n<title>Les Menus -<\/title>\n<meta name=\"robots\" content=\"index, follow, max-snippet:-1, max-image-preview:large, max-video-preview:-1\" \/>\n<link rel=\"canonical\" href=\"https:\/\/www.lepetitcaboulot.com\/index.php\/les-menus-2\/\" \/>\n<meta property=\"og:locale\" content=\"fr_FR\" \/>\n<meta property=\"og:type\" content=\"article\" \/>\n<meta property=\"og:title\" content=\"Les Menus -\" \/>\n<meta property=\"og:description\" content=\"Formule Midi Formule Saint-Georges Formule de l\u2019\u00e9cluse Formule Enfant \u00a0\" \/>\n<meta property=\"og:url\" content=\"https:\/\/www.lepetitcaboulot.com\/index.php\/les-menus-2\/\" \/>\n<meta property=\"article:publisher\" content=\"https:\/\/www.facebook.com\/petitcaboulot\" \/>\n<meta property=\"article:modified_time\" content=\"2026-01-06T10:44:27+00:00\" \/>\n<meta name=\"twitter:card\" content=\"summary_large_image\" \/>\n<meta name=\"twitter:label1\" content=\"Dur\u00e9e de lecture estim\u00e9e\" \/>\n\t<meta name=\"twitter:data1\" content=\"1 minute\" \/>\n<script type=\"application\/ld+json\" class=\"yoast-schema-graph\">{\"@context\":\"https:\\\/\\\/schema.org\",\"@graph\":[{\"@type\":\"WebPage\",\"@id\":\"https:\\\/\\\/www.lepetitcaboulot.com\\\/index.php\\\/les-menus-2\\\/\",\"url\":\"https:\\\/\\\/www.lepetitcaboulot.com\\\/index.php\\\/les-menus-2\\\/\",\"name\":\"Les Menus -\",\"isPartOf\":{\"@id\":\"https:\\\/\\\/www.lepetitcaboulot.com\\\/#website\"},\"datePublished\":\"2013-03-14T17:43:42+00:00\",\"dateModified\":\"2026-01-06T10:44:27+00:00\",\"breadcrumb\":{\"@id\":\"https:\\\/\\\/www.lepetitcaboulot.com\\\/index.php\\\/les-menus-2\\\/#breadcrumb\"},\"inLanguage\":\"fr-FR\",\"potentialAction\":[{\"@type\":\"ReadAction\",\"target\":[\"https:\\\/\\\/www.lepetitcaboulot.com\\\/index.php\\\/les-menus-2\\\/\"]}]},{\"@type\":\"BreadcrumbList\",\"@id\":\"https:\\\/\\\/www.lepetitcaboulot.com\\\/index.php\\\/les-menus-2\\\/#breadcrumb\",\"itemListElement\":[{\"@type\":\"ListItem\",\"position\":1,\"name\":\"Accueil\",\"item\":\"https:\\\/\\\/www.lepetitcaboulot.com\\\/\"},{\"@type\":\"ListItem\",\"position\":2,\"name\":\"Les Menus\"}]},{\"@type\":\"WebSite\",\"@id\":\"https:\\\/\\\/www.lepetitcaboulot.com\\\/#website\",\"url\":\"https:\\\/\\\/www.lepetitcaboulot.com\\\/\",\"name\":\"WWW.lepetitcaboulot.com\",\"description\":\"Restaurant traditionnel situ\u00e9 \u00e0 Isle Saint Georges, pr\u00e8s de Bordeaux (33)\",\"publisher\":{\"@id\":\"https:\\\/\\\/www.lepetitcaboulot.com\\\/#organization\"},\"potentialAction\":[{\"@type\":\"SearchAction\",\"target\":{\"@type\":\"EntryPoint\",\"urlTemplate\":\"https:\\\/\\\/www.lepetitcaboulot.com\\\/?s={search_term_string}\"},\"query-input\":{\"@type\":\"PropertyValueSpecification\",\"valueRequired\":true,\"valueName\":\"search_term_string\"}}],\"inLanguage\":\"fr-FR\"},{\"@type\":\"Organization\",\"@id\":\"https:\\\/\\\/www.lepetitcaboulot.com\\\/#organization\",\"name\":\"Restaurant le petit caboulot\",\"url\":\"https:\\\/\\\/www.lepetitcaboulot.com\\\/\",\"logo\":{\"@type\":\"ImageObject\",\"inLanguage\":\"fr-FR\",\"@id\":\"https:\\\/\\\/www.lepetitcaboulot.com\\\/#\\\/schema\\\/logo\\\/image\\\/\",\"url\":\"http:\\\/\\\/www.lepetitcaboulot.com\\\/wp-content\\\/uploads\\\/2024\\\/11\\\/toque-nb.bmp\",\"contentUrl\":\"http:\\\/\\\/www.lepetitcaboulot.com\\\/wp-content\\\/uploads\\\/2024\\\/11\\\/toque-nb.bmp\",\"width\":530,\"height\":530,\"caption\":\"Restaurant le petit caboulot\"},\"image\":{\"@id\":\"https:\\\/\\\/www.lepetitcaboulot.com\\\/#\\\/schema\\\/logo\\\/image\\\/\"},\"sameAs\":[\"https:\\\/\\\/www.facebook.com\\\/petitcaboulot\",\"https:\\\/\\\/www.instagram.com\\\/petitcaboulot\\\/\"]}]}<\/script>\n<!-- \/ Yoast SEO plugin. -->","yoast_head_json":{"title":"Les Menus -","robots":{"index":"index","follow":"follow","max-snippet":"max-snippet:-1","max-image-preview":"max-image-preview:large","max-video-preview":"max-video-preview:-1"},"canonical":"https:\/\/www.lepetitcaboulot.com\/index.php\/les-menus-2\/","og_locale":"fr_FR","og_type":"article","og_title":"Les Menus -","og_description":"Formule Midi Formule Saint-Georges Formule de l\u2019\u00e9cluse Formule Enfant \u00a0","og_url":"https:\/\/www.lepetitcaboulot.com\/index.php\/les-menus-2\/","article_publisher":"https:\/\/www.facebook.com\/petitcaboulot","article_modified_time":"2026-01-06T10:44:27+00:00","twitter_card":"summary_large_image","twitter_misc":{"Dur\u00e9e de lecture estim\u00e9e":"1 minute"},"schema":{"@context":"https:\/\/schema.org","@graph":[{"@type":"WebPage","@id":"https:\/\/www.lepetitcaboulot.com\/index.php\/les-menus-2\/","url":"https:\/\/www.lepetitcaboulot.com\/index.php\/les-menus-2\/","name":"Les Menus -","isPartOf":{"@id":"https:\/\/www.lepetitcaboulot.com\/#website"},"datePublished":"2013-03-14T17:43:42+00:00","dateModified":"2026-01-06T10:44:27+00:00","breadcrumb":{"@id":"https:\/\/www.lepetitcaboulot.com\/index.php\/les-menus-2\/#breadcrumb"},"inLanguage":"fr-FR","potentialAction":[{"@type":"ReadAction","target":["https:\/\/www.lepetitcaboulot.com\/index.php\/les-menus-2\/"]}]},{"@type":"BreadcrumbList","@id":"https:\/\/www.lepetitcaboulot.com\/index.php\/les-menus-2\/#breadcrumb","itemListElement":[{"@type":"ListItem","position":1,"name":"Accueil","item":"https:\/\/www.lepetitcaboulot.com\/"},{"@type":"ListItem","position":2,"name":"Les Menus"}]},{"@type":"WebSite","@id":"https:\/\/www.lepetitcaboulot.com\/#website","url":"https:\/\/www.lepetitcaboulot.com\/","name":"WWW.lepetitcaboulot.com","description":"Restaurant traditionnel situ\u00e9 \u00e0 Isle Saint Georges, pr\u00e8s de Bordeaux (33)","publisher":{"@id":"https:\/\/www.lepetitcaboulot.com\/#organization"},"potentialAction":[{"@type":"SearchAction","target":{"@type":"EntryPoint","urlTemplate":"https:\/\/www.lepetitcaboulot.com\/?s={search_term_string}"},"query-input":{"@type":"PropertyValueSpecification","valueRequired":true,"valueName":"search_term_string"}}],"inLanguage":"fr-FR"},{"@type":"Organization","@id":"https:\/\/www.lepetitcaboulot.com\/#organization","name":"Restaurant le petit caboulot","url":"https:\/\/www.lepetitcaboulot.com\/","logo":{"@type":"ImageObject","inLanguage":"fr-FR","@id":"https:\/\/www.lepetitcaboulot.com\/#\/schema\/logo\/image\/","url":"http:\/\/www.lepetitcaboulot.com\/wp-content\/uploads\/2024\/11\/toque-nb.bmp","contentUrl":"http:\/\/www.lepetitcaboulot.com\/wp-content\/uploads\/2024\/11\/toque-nb.bmp","width":530,"height":530,"caption":"Restaurant le petit caboulot"},"image":{"@id":"https:\/\/www.lepetitcaboulot.com\/#\/schema\/logo\/image\/"},"sameAs":["https:\/\/www.facebook.com\/petitcaboulot","https:\/\/www.instagram.com\/petitcaboulot\/"]}]}},"featured_media_urls":[],"_links":{"self":[{"href":"https:\/\/www.lepetitcaboulot.com\/index.php\/wp-json\/wp\/v2\/pages\/200","targetHints":{"allow":["GET"]}}],"collection":[{"href":"https:\/\/www.lepetitcaboulot.com\/index.php\/wp-json\/wp\/v2\/pages"}],"about":[{"href":"https:\/\/www.lepetitcaboulot.com\/index.php\/wp-json\/wp\/v2\/types\/page"}],"author":[{"embeddable":true,"href":"https:\/\/www.lepetitcaboulot.com\/index.php\/wp-json\/wp\/v2\/users\/1"}],"replies":[{"embeddable":true,"href":"https:\/\/www.lepetitcaboulot.com\/index.php\/wp-json\/wp\/v2\/comments?post=200"}],"version-history":[{"count":19,"href":"https:\/\/www.lepetitcaboulot.com\/index.php\/wp-json\/wp\/v2\/pages\/200\/revisions"}],"predecessor-version":[{"id":2441,"href":"https:\/\/www.lepetitcaboulot.com\/index.php\/wp-json\/wp\/v2\/pages\/200\/revisions\/2441"}],"wp:attachment":[{"href":"https:\/\/www.lepetitcaboulot.com\/index.php\/wp-json\/wp\/v2\/media?parent=200"}],"curies":[{"name":"wp","href":"https:\/\/api.w.org\/{rel}","templated":true}]}}