{"id":1870,"date":"2025-04-04T15:14:57","date_gmt":"2025-04-04T13:14:57","guid":{"rendered":"https:\/\/www.lepetitcaboulot.com\/?page_id=1870"},"modified":"2026-04-30T11:34:18","modified_gmt":"2026-04-30T09:34:18","slug":"menu-du-jour","status":"publish","type":"page","link":"https:\/\/www.lepetitcaboulot.com\/index.php\/menu-du-jour\/","title":{"rendered":"Menu du jour"},"content":{"rendered":"\n<p class=\"has-text-align-center\">Jeudi 30 avril<\/p>\n\n\n\n<p class=\"has-text-align-center\"><strong>Entr\u00e9e du jour<\/strong><\/p>\n\n\n\n<p class=\"has-text-align-center\">Samoussa de B\u0153uf<\/p>\n\n\n\n<p class=\"has-text-align-center\"><strong>Plat du jour<\/strong><\/p>\n\n\n\n<p class=\"has-text-align-center\">Cuisse de poule, jus de viande, frites l\u00e9gumes<\/p>\n\n\n\n<p class=\"has-text-align-center\"><strong>Le B\u0153uf dans Tous ses Etats<\/strong><\/p>\n\n\n\n<p class=\"has-text-align-center\">Parmentier de b\u0153uf salade<\/p>\n\n\n\n<p class=\"has-text-align-center\"><strong>Poisson du jour<\/strong><\/p>\n\n\n\n<p class=\"has-text-align-center\">Truite, quinoa et sauce vin blanc<\/p>\n\n\n\n<p class=\"has-text-align-center\"><strong>Dessert du jour<\/strong><\/p>\n\n\n\n<p class=\"has-text-align-center\">panna cotta pralin\u00e9e<\/p>\n\n\n\n<p><\/p>\n\n\n\n<p class=\"has-text-align-center\"><\/p>\n\n\n\n<p><\/p>\n\n\n\n<p><\/p>\n\n\n\n<p><\/p>\n\n\n\n<p><\/p>\n","protected":false},"excerpt":{"rendered":"<p>Jeudi 30 avril Entr\u00e9e du jour Samoussa de B\u0153uf Plat du jour Cuisse de poule, jus de viande, frites l\u00e9gumes Le B\u0153uf dans Tous ses Etats Parmentier de b\u0153uf salade Poisson du jour Truite, quinoa et sauce vin blanc Dessert du jour panna cotta pralin\u00e9e<\/p>\n","protected":false},"author":1,"featured_media":0,"parent":0,"menu_order":0,"comment_status":"closed","ping_status":"closed","template":"","meta":{"footnotes":""},"class_list":["post-1870","page","type-page","status-publish","hentry"],"yoast_head":"<!-- This site is optimized with the Yoast SEO plugin v27.5 - https:\/\/yoast.com\/product\/yoast-seo-wordpress\/ -->\n<title>Menu du jour -<\/title>\n<meta name=\"robots\" content=\"index, follow, max-snippet:-1, max-image-preview:large, max-video-preview:-1\" \/>\n<link rel=\"canonical\" href=\"https:\/\/www.lepetitcaboulot.com\/index.php\/menu-du-jour\/\" \/>\n<meta property=\"og:locale\" content=\"fr_FR\" \/>\n<meta property=\"og:type\" content=\"article\" \/>\n<meta property=\"og:title\" content=\"Menu du jour -\" \/>\n<meta property=\"og:description\" content=\"Jeudi 30 avril Entr\u00e9e du jour Samoussa de B\u0153uf Plat du jour Cuisse de poule, jus de viande, frites l\u00e9gumes Le B\u0153uf dans Tous ses Etats Parmentier de b\u0153uf salade Poisson du jour Truite, quinoa et sauce vin blanc Dessert du jour panna cotta pralin\u00e9e\" \/>\n<meta property=\"og:url\" content=\"https:\/\/www.lepetitcaboulot.com\/index.php\/menu-du-jour\/\" \/>\n<meta property=\"article:publisher\" content=\"https:\/\/www.facebook.com\/petitcaboulot\" \/>\n<meta property=\"article:modified_time\" content=\"2026-04-30T09:34:18+00:00\" \/>\n<meta name=\"twitter:card\" content=\"summary_large_image\" \/>\n<meta name=\"twitter:label1\" content=\"Dur\u00e9e de lecture estim\u00e9e\" \/>\n\t<meta name=\"twitter:data1\" content=\"1 minute\" \/>\n<script type=\"application\/ld+json\" class=\"yoast-schema-graph\">{\"@context\":\"https:\\\/\\\/schema.org\",\"@graph\":[{\"@type\":\"WebPage\",\"@id\":\"https:\\\/\\\/www.lepetitcaboulot.com\\\/index.php\\\/menu-du-jour\\\/\",\"url\":\"https:\\\/\\\/www.lepetitcaboulot.com\\\/index.php\\\/menu-du-jour\\\/\",\"name\":\"Menu du jour -\",\"isPartOf\":{\"@id\":\"https:\\\/\\\/www.lepetitcaboulot.com\\\/#website\"},\"datePublished\":\"2025-04-04T13:14:57+00:00\",\"dateModified\":\"2026-04-30T09:34:18+00:00\",\"breadcrumb\":{\"@id\":\"https:\\\/\\\/www.lepetitcaboulot.com\\\/index.php\\\/menu-du-jour\\\/#breadcrumb\"},\"inLanguage\":\"fr-FR\",\"potentialAction\":[{\"@type\":\"ReadAction\",\"target\":[\"https:\\\/\\\/www.lepetitcaboulot.com\\\/index.php\\\/menu-du-jour\\\/\"]}]},{\"@type\":\"BreadcrumbList\",\"@id\":\"https:\\\/\\\/www.lepetitcaboulot.com\\\/index.php\\\/menu-du-jour\\\/#breadcrumb\",\"itemListElement\":[{\"@type\":\"ListItem\",\"position\":1,\"name\":\"Accueil\",\"item\":\"https:\\\/\\\/www.lepetitcaboulot.com\\\/\"},{\"@type\":\"ListItem\",\"position\":2,\"name\":\"Menu du jour\"}]},{\"@type\":\"WebSite\",\"@id\":\"https:\\\/\\\/www.lepetitcaboulot.com\\\/#website\",\"url\":\"https:\\\/\\\/www.lepetitcaboulot.com\\\/\",\"name\":\"WWW.lepetitcaboulot.com\",\"description\":\"Restaurant traditionnel situ\u00e9 \u00e0 Isle Saint Georges, pr\u00e8s de Bordeaux (33)\",\"publisher\":{\"@id\":\"https:\\\/\\\/www.lepetitcaboulot.com\\\/#organization\"},\"potentialAction\":[{\"@type\":\"SearchAction\",\"target\":{\"@type\":\"EntryPoint\",\"urlTemplate\":\"https:\\\/\\\/www.lepetitcaboulot.com\\\/?s={search_term_string}\"},\"query-input\":{\"@type\":\"PropertyValueSpecification\",\"valueRequired\":true,\"valueName\":\"search_term_string\"}}],\"inLanguage\":\"fr-FR\"},{\"@type\":\"Organization\",\"@id\":\"https:\\\/\\\/www.lepetitcaboulot.com\\\/#organization\",\"name\":\"Restaurant le petit caboulot\",\"url\":\"https:\\\/\\\/www.lepetitcaboulot.com\\\/\",\"logo\":{\"@type\":\"ImageObject\",\"inLanguage\":\"fr-FR\",\"@id\":\"https:\\\/\\\/www.lepetitcaboulot.com\\\/#\\\/schema\\\/logo\\\/image\\\/\",\"url\":\"http:\\\/\\\/www.lepetitcaboulot.com\\\/wp-content\\\/uploads\\\/2024\\\/11\\\/toque-nb.bmp\",\"contentUrl\":\"http:\\\/\\\/www.lepetitcaboulot.com\\\/wp-content\\\/uploads\\\/2024\\\/11\\\/toque-nb.bmp\",\"width\":530,\"height\":530,\"caption\":\"Restaurant le petit caboulot\"},\"image\":{\"@id\":\"https:\\\/\\\/www.lepetitcaboulot.com\\\/#\\\/schema\\\/logo\\\/image\\\/\"},\"sameAs\":[\"https:\\\/\\\/www.facebook.com\\\/petitcaboulot\",\"https:\\\/\\\/www.instagram.com\\\/petitcaboulot\\\/\"]}]}<\/script>\n<!-- \/ Yoast SEO plugin. -->","yoast_head_json":{"title":"Menu du jour -","robots":{"index":"index","follow":"follow","max-snippet":"max-snippet:-1","max-image-preview":"max-image-preview:large","max-video-preview":"max-video-preview:-1"},"canonical":"https:\/\/www.lepetitcaboulot.com\/index.php\/menu-du-jour\/","og_locale":"fr_FR","og_type":"article","og_title":"Menu du jour -","og_description":"Jeudi 30 avril Entr\u00e9e du jour Samoussa de B\u0153uf Plat du jour Cuisse de poule, jus de viande, frites l\u00e9gumes Le B\u0153uf dans Tous ses Etats Parmentier de b\u0153uf salade Poisson du jour Truite, quinoa et sauce vin blanc Dessert du jour panna cotta pralin\u00e9e","og_url":"https:\/\/www.lepetitcaboulot.com\/index.php\/menu-du-jour\/","article_publisher":"https:\/\/www.facebook.com\/petitcaboulot","article_modified_time":"2026-04-30T09:34:18+00:00","twitter_card":"summary_large_image","twitter_misc":{"Dur\u00e9e de lecture estim\u00e9e":"1 minute"},"schema":{"@context":"https:\/\/schema.org","@graph":[{"@type":"WebPage","@id":"https:\/\/www.lepetitcaboulot.com\/index.php\/menu-du-jour\/","url":"https:\/\/www.lepetitcaboulot.com\/index.php\/menu-du-jour\/","name":"Menu du jour -","isPartOf":{"@id":"https:\/\/www.lepetitcaboulot.com\/#website"},"datePublished":"2025-04-04T13:14:57+00:00","dateModified":"2026-04-30T09:34:18+00:00","breadcrumb":{"@id":"https:\/\/www.lepetitcaboulot.com\/index.php\/menu-du-jour\/#breadcrumb"},"inLanguage":"fr-FR","potentialAction":[{"@type":"ReadAction","target":["https:\/\/www.lepetitcaboulot.com\/index.php\/menu-du-jour\/"]}]},{"@type":"BreadcrumbList","@id":"https:\/\/www.lepetitcaboulot.com\/index.php\/menu-du-jour\/#breadcrumb","itemListElement":[{"@type":"ListItem","position":1,"name":"Accueil","item":"https:\/\/www.lepetitcaboulot.com\/"},{"@type":"ListItem","position":2,"name":"Menu du jour"}]},{"@type":"WebSite","@id":"https:\/\/www.lepetitcaboulot.com\/#website","url":"https:\/\/www.lepetitcaboulot.com\/","name":"WWW.lepetitcaboulot.com","description":"Restaurant traditionnel situ\u00e9 \u00e0 Isle Saint Georges, pr\u00e8s de Bordeaux (33)","publisher":{"@id":"https:\/\/www.lepetitcaboulot.com\/#organization"},"potentialAction":[{"@type":"SearchAction","target":{"@type":"EntryPoint","urlTemplate":"https:\/\/www.lepetitcaboulot.com\/?s={search_term_string}"},"query-input":{"@type":"PropertyValueSpecification","valueRequired":true,"valueName":"search_term_string"}}],"inLanguage":"fr-FR"},{"@type":"Organization","@id":"https:\/\/www.lepetitcaboulot.com\/#organization","name":"Restaurant le petit caboulot","url":"https:\/\/www.lepetitcaboulot.com\/","logo":{"@type":"ImageObject","inLanguage":"fr-FR","@id":"https:\/\/www.lepetitcaboulot.com\/#\/schema\/logo\/image\/","url":"http:\/\/www.lepetitcaboulot.com\/wp-content\/uploads\/2024\/11\/toque-nb.bmp","contentUrl":"http:\/\/www.lepetitcaboulot.com\/wp-content\/uploads\/2024\/11\/toque-nb.bmp","width":530,"height":530,"caption":"Restaurant le petit caboulot"},"image":{"@id":"https:\/\/www.lepetitcaboulot.com\/#\/schema\/logo\/image\/"},"sameAs":["https:\/\/www.facebook.com\/petitcaboulot","https:\/\/www.instagram.com\/petitcaboulot\/"]}]}},"featured_media_urls":[],"_links":{"self":[{"href":"https:\/\/www.lepetitcaboulot.com\/index.php\/wp-json\/wp\/v2\/pages\/1870","targetHints":{"allow":["GET"]}}],"collection":[{"href":"https:\/\/www.lepetitcaboulot.com\/index.php\/wp-json\/wp\/v2\/pages"}],"about":[{"href":"https:\/\/www.lepetitcaboulot.com\/index.php\/wp-json\/wp\/v2\/types\/page"}],"author":[{"embeddable":true,"href":"https:\/\/www.lepetitcaboulot.com\/index.php\/wp-json\/wp\/v2\/users\/1"}],"replies":[{"embeddable":true,"href":"https:\/\/www.lepetitcaboulot.com\/index.php\/wp-json\/wp\/v2\/comments?post=1870"}],"version-history":[{"count":261,"href":"https:\/\/www.lepetitcaboulot.com\/index.php\/wp-json\/wp\/v2\/pages\/1870\/revisions"}],"predecessor-version":[{"id":2687,"href":"https:\/\/www.lepetitcaboulot.com\/index.php\/wp-json\/wp\/v2\/pages\/1870\/revisions\/2687"}],"wp:attachment":[{"href":"https:\/\/www.lepetitcaboulot.com\/index.php\/wp-json\/wp\/v2\/media?parent=1870"}],"curies":[{"name":"wp","href":"https:\/\/api.w.org\/{rel}","templated":true}]}}