{"id":181,"date":"2013-03-14T18:22:26","date_gmt":"2013-03-14T17:22:26","guid":{"rendered":"http:\/\/emmanuelgaye.fr\/lepetitcaboulot\/?page_id=181"},"modified":"2020-06-28T15:56:21","modified_gmt":"2020-06-28T13:56:21","slug":"cgv","status":"publish","type":"page","link":"https:\/\/www.lepetitcaboulot.com\/index.php\/cgv\/","title":{"rendered":"CGV et Mentions L\u00e9gales"},"content":{"rendered":"<h1>Conditions G\u00e9n\u00e9rales de Vente<\/h1>\n<h3><strong>Le Petit Caboulot<\/strong><\/h3>\n<p><em>12 place de l&rsquo;eglise <\/em><\/p>\n<p><em>33640 ISLE-SAINT-GEORGES<\/em><\/p>\n<p>t\u00e9l : 05 56 20 06 97<\/p>\n<p>email : <a title=\"Nous contacter par email\" href=\"contact@lepetitcaboulot.com\">contact@lepetitcaboulot.com<\/a><\/p>\n<p>Tous nos poissons et nos l\u00e9gumes sont des produits frais et nos fournisseurs font le maximum pour respecter nos approvisionnements.<\/p>\n<p>Nous ne pouvons malgr\u00e9 tout garantir la r\u00e9gularit\u00e9 des arrivages. Nous vous remercions de votre compr\u00e9hension en cas de changement de derni\u00e8re minute.<\/p>\n<p>Nous acceptons les ch\u00e8ques, les ch\u00e8ques vacances, les tickets restaurants, les Carte Bleu et American Express.<\/p>\n<p>Nous ne prenons aucune r\u00e9servation par Email, uniquement par T\u00e9l\u00e9phone ou via le <a href=\"http:\/\/www.lepetitcaboulot.com\/index.php\/reserver\/\">Module de r\u00e9servation<\/a>.<\/p>\n<p>MENTION LEGALES<\/p>\n<p><strong>Propri\u00e9taire du site et Responsable de la publication\u00a0:<\/strong><\/p>\n<p>Le Petit Caboulot<\/p>\n<p>SIRET: 852 620 905 00012 &#8211; Code NAF: <abbr title=\"Restauration de type traditionnel\">5610A<\/abbr><\/p>\n<div>\u00a0<em>Adresse :\u00a0<\/em><em>12 place de l\u2019Eglise<\/em><\/div>\n<p><em>33640 ISLE-SAINT-GEORGES<\/em><\/p>\n<p>t\u00e9l : 05 56\u00a0 20 06 97<\/p>\n<p>email : <a title=\"Nous contacter par email\" href=\"mailto:contact@lepetitcaboulot.com\">contact@lepetitcaboulot.com<\/a><\/p>\n<p><strong>H\u00e9bergeur du site<\/strong><\/p>\n<p>OVH<br \/>\n140 Quai du Sartel<br \/>\n59100 Roubaix \u2013 France<\/p>\n<p><strong>Droit d\u2019auteur<\/strong><\/p>\n<p>L\u2019ensemble de ce site rel\u00e8ve de la l\u00e9gislation fran\u00e7aise et internationale sur le droit d\u2019auteur et la propri\u00e9t\u00e9 intellectuelle. Tous les droits de reproduction sont r\u00e9serv\u00e9s, y compris pour les documents t\u00e9l\u00e9chargeables, les repr\u00e9sentations photographiques et les vid\u00e9os.<\/p>\n<p>La reproduction de tout ou partie de ce site, sur quelque support que ce soit, est formellement interdite sauf autorisation expresse du responsable de la publication.<\/p>\n<p><a href=\"http:\/\/www.lepetitcaboulot.com\/index.php\/politique-de-confidentialite\/\"><strong>Politique de confidentialit\u00e9<\/strong><\/a><\/p>\n","protected":false},"excerpt":{"rendered":"<p>Conditions G\u00e9n\u00e9rales de Vente Le Petit Caboulot 12 place de l&rsquo;eglise 33640 ISLE-SAINT-GEORGES t\u00e9l : 05 56 20 06 97 email : contact@lepetitcaboulot.com Tous nos poissons et nos l\u00e9gumes sont des produits frais et nos fournisseurs font le maximum pour respecter nos approvisionnements. Nous ne pouvons malgr\u00e9 tout garantir la r\u00e9gularit\u00e9 des arrivages. Nous vous &hellip; <\/p>\n<p class=\"link-more\"><a href=\"https:\/\/www.lepetitcaboulot.com\/index.php\/cgv\/\" class=\"more-link\">Continuer la lecture<span class=\"screen-reader-text\"> de &laquo;&nbsp;CGV et Mentions L\u00e9gales&nbsp;&raquo;<\/span><\/a><\/p>\n","protected":false},"author":1,"featured_media":0,"parent":0,"menu_order":0,"comment_status":"closed","ping_status":"open","template":"","meta":{"footnotes":""},"class_list":["post-181","page","type-page","status-publish","hentry"],"yoast_head":"<!-- This site is optimized with the Yoast SEO plugin v27.4 - https:\/\/yoast.com\/product\/yoast-seo-wordpress\/ -->\n<title>CGV et Mentions L\u00e9gales -<\/title>\n<meta name=\"robots\" content=\"index, follow, max-snippet:-1, max-image-preview:large, max-video-preview:-1\" \/>\n<link rel=\"canonical\" href=\"http:\/\/www.lepetitcaboulot.com\/index.php\/cgv\/\" \/>\n<meta property=\"og:locale\" content=\"fr_FR\" \/>\n<meta property=\"og:type\" content=\"article\" \/>\n<meta property=\"og:title\" content=\"CGV et Mentions L\u00e9gales -\" \/>\n<meta property=\"og:description\" content=\"Conditions G\u00e9n\u00e9rales de Vente Le Petit Caboulot 12 place de l&rsquo;eglise 33640 ISLE-SAINT-GEORGES t\u00e9l : 05 56 20 06 97 email : contact@lepetitcaboulot.com Tous nos poissons et nos l\u00e9gumes sont des produits frais et nos fournisseurs font le maximum pour respecter nos approvisionnements. Nous ne pouvons malgr\u00e9 tout garantir la r\u00e9gularit\u00e9 des arrivages. Nous vous &hellip; Continuer la lecture de &laquo;&nbsp;CGV et Mentions L\u00e9gales&nbsp;&raquo;\" \/>\n<meta property=\"og:url\" content=\"http:\/\/www.lepetitcaboulot.com\/index.php\/cgv\/\" \/>\n<meta property=\"article:publisher\" content=\"https:\/\/www.facebook.com\/petitcaboulot\" \/>\n<meta property=\"article:modified_time\" content=\"2020-06-28T13:56:21+00:00\" \/>\n<meta name=\"twitter:card\" content=\"summary_large_image\" \/>\n<meta name=\"twitter:label1\" content=\"Dur\u00e9e de lecture estim\u00e9e\" \/>\n\t<meta name=\"twitter:data1\" content=\"1 minute\" \/>\n<script type=\"application\/ld+json\" class=\"yoast-schema-graph\">{\"@context\":\"https:\\\/\\\/schema.org\",\"@graph\":[{\"@type\":\"WebPage\",\"@id\":\"http:\\\/\\\/www.lepetitcaboulot.com\\\/index.php\\\/cgv\\\/\",\"url\":\"http:\\\/\\\/www.lepetitcaboulot.com\\\/index.php\\\/cgv\\\/\",\"name\":\"CGV et Mentions L\u00e9gales -\",\"isPartOf\":{\"@id\":\"https:\\\/\\\/www.lepetitcaboulot.com\\\/#website\"},\"datePublished\":\"2013-03-14T17:22:26+00:00\",\"dateModified\":\"2020-06-28T13:56:21+00:00\",\"breadcrumb\":{\"@id\":\"http:\\\/\\\/www.lepetitcaboulot.com\\\/index.php\\\/cgv\\\/#breadcrumb\"},\"inLanguage\":\"fr-FR\",\"potentialAction\":[{\"@type\":\"ReadAction\",\"target\":[\"http:\\\/\\\/www.lepetitcaboulot.com\\\/index.php\\\/cgv\\\/\"]}]},{\"@type\":\"BreadcrumbList\",\"@id\":\"http:\\\/\\\/www.lepetitcaboulot.com\\\/index.php\\\/cgv\\\/#breadcrumb\",\"itemListElement\":[{\"@type\":\"ListItem\",\"position\":1,\"name\":\"Accueil\",\"item\":\"https:\\\/\\\/www.lepetitcaboulot.com\\\/\"},{\"@type\":\"ListItem\",\"position\":2,\"name\":\"CGV et Mentions L\u00e9gales\"}]},{\"@type\":\"WebSite\",\"@id\":\"https:\\\/\\\/www.lepetitcaboulot.com\\\/#website\",\"url\":\"https:\\\/\\\/www.lepetitcaboulot.com\\\/\",\"name\":\"WWW.lepetitcaboulot.com\",\"description\":\"Restaurant traditionnel situ\u00e9 \u00e0 Isle Saint Georges, pr\u00e8s de Bordeaux (33)\",\"publisher\":{\"@id\":\"https:\\\/\\\/www.lepetitcaboulot.com\\\/#organization\"},\"potentialAction\":[{\"@type\":\"SearchAction\",\"target\":{\"@type\":\"EntryPoint\",\"urlTemplate\":\"https:\\\/\\\/www.lepetitcaboulot.com\\\/?s={search_term_string}\"},\"query-input\":{\"@type\":\"PropertyValueSpecification\",\"valueRequired\":true,\"valueName\":\"search_term_string\"}}],\"inLanguage\":\"fr-FR\"},{\"@type\":\"Organization\",\"@id\":\"https:\\\/\\\/www.lepetitcaboulot.com\\\/#organization\",\"name\":\"Restaurant le petit caboulot\",\"url\":\"https:\\\/\\\/www.lepetitcaboulot.com\\\/\",\"logo\":{\"@type\":\"ImageObject\",\"inLanguage\":\"fr-FR\",\"@id\":\"https:\\\/\\\/www.lepetitcaboulot.com\\\/#\\\/schema\\\/logo\\\/image\\\/\",\"url\":\"http:\\\/\\\/www.lepetitcaboulot.com\\\/wp-content\\\/uploads\\\/2024\\\/11\\\/toque-nb.bmp\",\"contentUrl\":\"http:\\\/\\\/www.lepetitcaboulot.com\\\/wp-content\\\/uploads\\\/2024\\\/11\\\/toque-nb.bmp\",\"width\":530,\"height\":530,\"caption\":\"Restaurant le petit caboulot\"},\"image\":{\"@id\":\"https:\\\/\\\/www.lepetitcaboulot.com\\\/#\\\/schema\\\/logo\\\/image\\\/\"},\"sameAs\":[\"https:\\\/\\\/www.facebook.com\\\/petitcaboulot\",\"https:\\\/\\\/www.instagram.com\\\/petitcaboulot\\\/\"]}]}<\/script>\n<!-- \/ Yoast SEO plugin. -->","yoast_head_json":{"title":"CGV et Mentions L\u00e9gales -","robots":{"index":"index","follow":"follow","max-snippet":"max-snippet:-1","max-image-preview":"max-image-preview:large","max-video-preview":"max-video-preview:-1"},"canonical":"http:\/\/www.lepetitcaboulot.com\/index.php\/cgv\/","og_locale":"fr_FR","og_type":"article","og_title":"CGV et Mentions L\u00e9gales -","og_description":"Conditions G\u00e9n\u00e9rales de Vente Le Petit Caboulot 12 place de l&rsquo;eglise 33640 ISLE-SAINT-GEORGES t\u00e9l : 05 56 20 06 97 email : contact@lepetitcaboulot.com Tous nos poissons et nos l\u00e9gumes sont des produits frais et nos fournisseurs font le maximum pour respecter nos approvisionnements. Nous ne pouvons malgr\u00e9 tout garantir la r\u00e9gularit\u00e9 des arrivages. Nous vous &hellip; Continuer la lecture de &laquo;&nbsp;CGV et Mentions L\u00e9gales&nbsp;&raquo;","og_url":"http:\/\/www.lepetitcaboulot.com\/index.php\/cgv\/","article_publisher":"https:\/\/www.facebook.com\/petitcaboulot","article_modified_time":"2020-06-28T13:56:21+00:00","twitter_card":"summary_large_image","twitter_misc":{"Dur\u00e9e de lecture estim\u00e9e":"1 minute"},"schema":{"@context":"https:\/\/schema.org","@graph":[{"@type":"WebPage","@id":"http:\/\/www.lepetitcaboulot.com\/index.php\/cgv\/","url":"http:\/\/www.lepetitcaboulot.com\/index.php\/cgv\/","name":"CGV et Mentions L\u00e9gales -","isPartOf":{"@id":"https:\/\/www.lepetitcaboulot.com\/#website"},"datePublished":"2013-03-14T17:22:26+00:00","dateModified":"2020-06-28T13:56:21+00:00","breadcrumb":{"@id":"http:\/\/www.lepetitcaboulot.com\/index.php\/cgv\/#breadcrumb"},"inLanguage":"fr-FR","potentialAction":[{"@type":"ReadAction","target":["http:\/\/www.lepetitcaboulot.com\/index.php\/cgv\/"]}]},{"@type":"BreadcrumbList","@id":"http:\/\/www.lepetitcaboulot.com\/index.php\/cgv\/#breadcrumb","itemListElement":[{"@type":"ListItem","position":1,"name":"Accueil","item":"https:\/\/www.lepetitcaboulot.com\/"},{"@type":"ListItem","position":2,"name":"CGV et Mentions L\u00e9gales"}]},{"@type":"WebSite","@id":"https:\/\/www.lepetitcaboulot.com\/#website","url":"https:\/\/www.lepetitcaboulot.com\/","name":"WWW.lepetitcaboulot.com","description":"Restaurant traditionnel situ\u00e9 \u00e0 Isle Saint Georges, pr\u00e8s de Bordeaux (33)","publisher":{"@id":"https:\/\/www.lepetitcaboulot.com\/#organization"},"potentialAction":[{"@type":"SearchAction","target":{"@type":"EntryPoint","urlTemplate":"https:\/\/www.lepetitcaboulot.com\/?s={search_term_string}"},"query-input":{"@type":"PropertyValueSpecification","valueRequired":true,"valueName":"search_term_string"}}],"inLanguage":"fr-FR"},{"@type":"Organization","@id":"https:\/\/www.lepetitcaboulot.com\/#organization","name":"Restaurant le petit caboulot","url":"https:\/\/www.lepetitcaboulot.com\/","logo":{"@type":"ImageObject","inLanguage":"fr-FR","@id":"https:\/\/www.lepetitcaboulot.com\/#\/schema\/logo\/image\/","url":"http:\/\/www.lepetitcaboulot.com\/wp-content\/uploads\/2024\/11\/toque-nb.bmp","contentUrl":"http:\/\/www.lepetitcaboulot.com\/wp-content\/uploads\/2024\/11\/toque-nb.bmp","width":530,"height":530,"caption":"Restaurant le petit caboulot"},"image":{"@id":"https:\/\/www.lepetitcaboulot.com\/#\/schema\/logo\/image\/"},"sameAs":["https:\/\/www.facebook.com\/petitcaboulot","https:\/\/www.instagram.com\/petitcaboulot\/"]}]}},"featured_media_urls":[],"_links":{"self":[{"href":"https:\/\/www.lepetitcaboulot.com\/index.php\/wp-json\/wp\/v2\/pages\/181","targetHints":{"allow":["GET"]}}],"collection":[{"href":"https:\/\/www.lepetitcaboulot.com\/index.php\/wp-json\/wp\/v2\/pages"}],"about":[{"href":"https:\/\/www.lepetitcaboulot.com\/index.php\/wp-json\/wp\/v2\/types\/page"}],"author":[{"embeddable":true,"href":"https:\/\/www.lepetitcaboulot.com\/index.php\/wp-json\/wp\/v2\/users\/1"}],"replies":[{"embeddable":true,"href":"https:\/\/www.lepetitcaboulot.com\/index.php\/wp-json\/wp\/v2\/comments?post=181"}],"version-history":[{"count":6,"href":"https:\/\/www.lepetitcaboulot.com\/index.php\/wp-json\/wp\/v2\/pages\/181\/revisions"}],"predecessor-version":[{"id":1023,"href":"https:\/\/www.lepetitcaboulot.com\/index.php\/wp-json\/wp\/v2\/pages\/181\/revisions\/1023"}],"wp:attachment":[{"href":"https:\/\/www.lepetitcaboulot.com\/index.php\/wp-json\/wp\/v2\/media?parent=181"}],"curies":[{"name":"wp","href":"https:\/\/api.w.org\/{rel}","templated":true}]}}