{"id":1204,"date":"2022-03-11T23:00:13","date_gmt":"2022-03-11T22:00:13","guid":{"rendered":"http:\/\/www.lepetitcaboulot.com\/index.php\/cart\/"},"modified":"2022-03-11T23:00:13","modified_gmt":"2022-03-11T22:00:13","slug":"cart","status":"publish","type":"page","link":"https:\/\/www.lepetitcaboulot.com\/index.php\/cart\/","title":{"rendered":"Cart"},"content":{"rendered":"\n","protected":false},"excerpt":{"rendered":"","protected":false},"author":1,"featured_media":0,"parent":0,"menu_order":0,"comment_status":"closed","ping_status":"closed","template":"","meta":{"footnotes":""},"class_list":["post-1204","page","type-page","status-publish","hentry"],"yoast_head":"<!-- This site is optimized with the Yoast SEO plugin v27.5 - https:\/\/yoast.com\/product\/yoast-seo-wordpress\/ -->\n<title>Cart -<\/title>\n<meta name=\"robots\" content=\"index, follow, max-snippet:-1, max-image-preview:large, max-video-preview:-1\" \/>\n<link rel=\"canonical\" href=\"https:\/\/www.lepetitcaboulot.com\/index.php\/cart\/\" \/>\n<meta property=\"og:locale\" content=\"fr_FR\" \/>\n<meta property=\"og:type\" content=\"article\" \/>\n<meta property=\"og:title\" content=\"Cart -\" \/>\n<meta property=\"og:url\" content=\"https:\/\/www.lepetitcaboulot.com\/index.php\/cart\/\" \/>\n<meta property=\"article:publisher\" content=\"https:\/\/www.facebook.com\/petitcaboulot\" \/>\n<meta name=\"twitter:card\" content=\"summary_large_image\" \/>\n<script type=\"application\/ld+json\" class=\"yoast-schema-graph\">{\"@context\":\"https:\\\/\\\/schema.org\",\"@graph\":[{\"@type\":\"WebPage\",\"@id\":\"https:\\\/\\\/www.lepetitcaboulot.com\\\/index.php\\\/cart\\\/\",\"url\":\"https:\\\/\\\/www.lepetitcaboulot.com\\\/index.php\\\/cart\\\/\",\"name\":\"Cart -\",\"isPartOf\":{\"@id\":\"https:\\\/\\\/www.lepetitcaboulot.com\\\/#website\"},\"datePublished\":\"2022-03-11T22:00:13+00:00\",\"breadcrumb\":{\"@id\":\"https:\\\/\\\/www.lepetitcaboulot.com\\\/index.php\\\/cart\\\/#breadcrumb\"},\"inLanguage\":\"fr-FR\",\"potentialAction\":[{\"@type\":\"ReadAction\",\"target\":[\"https:\\\/\\\/www.lepetitcaboulot.com\\\/index.php\\\/cart\\\/\"]}]},{\"@type\":\"BreadcrumbList\",\"@id\":\"https:\\\/\\\/www.lepetitcaboulot.com\\\/index.php\\\/cart\\\/#breadcrumb\",\"itemListElement\":[{\"@type\":\"ListItem\",\"position\":1,\"name\":\"Accueil\",\"item\":\"https:\\\/\\\/www.lepetitcaboulot.com\\\/\"},{\"@type\":\"ListItem\",\"position\":2,\"name\":\"Cart\"}]},{\"@type\":\"WebSite\",\"@id\":\"https:\\\/\\\/www.lepetitcaboulot.com\\\/#website\",\"url\":\"https:\\\/\\\/www.lepetitcaboulot.com\\\/\",\"name\":\"WWW.lepetitcaboulot.com\",\"description\":\"Restaurant traditionnel situ\u00e9 \u00e0 Isle Saint Georges, pr\u00e8s de Bordeaux (33)\",\"publisher\":{\"@id\":\"https:\\\/\\\/www.lepetitcaboulot.com\\\/#organization\"},\"potentialAction\":[{\"@type\":\"SearchAction\",\"target\":{\"@type\":\"EntryPoint\",\"urlTemplate\":\"https:\\\/\\\/www.lepetitcaboulot.com\\\/?s={search_term_string}\"},\"query-input\":{\"@type\":\"PropertyValueSpecification\",\"valueRequired\":true,\"valueName\":\"search_term_string\"}}],\"inLanguage\":\"fr-FR\"},{\"@type\":\"Organization\",\"@id\":\"https:\\\/\\\/www.lepetitcaboulot.com\\\/#organization\",\"name\":\"Restaurant le petit caboulot\",\"url\":\"https:\\\/\\\/www.lepetitcaboulot.com\\\/\",\"logo\":{\"@type\":\"ImageObject\",\"inLanguage\":\"fr-FR\",\"@id\":\"https:\\\/\\\/www.lepetitcaboulot.com\\\/#\\\/schema\\\/logo\\\/image\\\/\",\"url\":\"http:\\\/\\\/www.lepetitcaboulot.com\\\/wp-content\\\/uploads\\\/2024\\\/11\\\/toque-nb.bmp\",\"contentUrl\":\"http:\\\/\\\/www.lepetitcaboulot.com\\\/wp-content\\\/uploads\\\/2024\\\/11\\\/toque-nb.bmp\",\"width\":530,\"height\":530,\"caption\":\"Restaurant le petit caboulot\"},\"image\":{\"@id\":\"https:\\\/\\\/www.lepetitcaboulot.com\\\/#\\\/schema\\\/logo\\\/image\\\/\"},\"sameAs\":[\"https:\\\/\\\/www.facebook.com\\\/petitcaboulot\",\"https:\\\/\\\/www.instagram.com\\\/petitcaboulot\\\/\"]}]}<\/script>\n<!-- \/ Yoast SEO plugin. -->","yoast_head_json":{"title":"Cart -","robots":{"index":"index","follow":"follow","max-snippet":"max-snippet:-1","max-image-preview":"max-image-preview:large","max-video-preview":"max-video-preview:-1"},"canonical":"https:\/\/www.lepetitcaboulot.com\/index.php\/cart\/","og_locale":"fr_FR","og_type":"article","og_title":"Cart -","og_url":"https:\/\/www.lepetitcaboulot.com\/index.php\/cart\/","article_publisher":"https:\/\/www.facebook.com\/petitcaboulot","twitter_card":"summary_large_image","schema":{"@context":"https:\/\/schema.org","@graph":[{"@type":"WebPage","@id":"https:\/\/www.lepetitcaboulot.com\/index.php\/cart\/","url":"https:\/\/www.lepetitcaboulot.com\/index.php\/cart\/","name":"Cart -","isPartOf":{"@id":"https:\/\/www.lepetitcaboulot.com\/#website"},"datePublished":"2022-03-11T22:00:13+00:00","breadcrumb":{"@id":"https:\/\/www.lepetitcaboulot.com\/index.php\/cart\/#breadcrumb"},"inLanguage":"fr-FR","potentialAction":[{"@type":"ReadAction","target":["https:\/\/www.lepetitcaboulot.com\/index.php\/cart\/"]}]},{"@type":"BreadcrumbList","@id":"https:\/\/www.lepetitcaboulot.com\/index.php\/cart\/#breadcrumb","itemListElement":[{"@type":"ListItem","position":1,"name":"Accueil","item":"https:\/\/www.lepetitcaboulot.com\/"},{"@type":"ListItem","position":2,"name":"Cart"}]},{"@type":"WebSite","@id":"https:\/\/www.lepetitcaboulot.com\/#website","url":"https:\/\/www.lepetitcaboulot.com\/","name":"WWW.lepetitcaboulot.com","description":"Restaurant traditionnel situ\u00e9 \u00e0 Isle Saint Georges, pr\u00e8s de Bordeaux (33)","publisher":{"@id":"https:\/\/www.lepetitcaboulot.com\/#organization"},"potentialAction":[{"@type":"SearchAction","target":{"@type":"EntryPoint","urlTemplate":"https:\/\/www.lepetitcaboulot.com\/?s={search_term_string}"},"query-input":{"@type":"PropertyValueSpecification","valueRequired":true,"valueName":"search_term_string"}}],"inLanguage":"fr-FR"},{"@type":"Organization","@id":"https:\/\/www.lepetitcaboulot.com\/#organization","name":"Restaurant le petit caboulot","url":"https:\/\/www.lepetitcaboulot.com\/","logo":{"@type":"ImageObject","inLanguage":"fr-FR","@id":"https:\/\/www.lepetitcaboulot.com\/#\/schema\/logo\/image\/","url":"http:\/\/www.lepetitcaboulot.com\/wp-content\/uploads\/2024\/11\/toque-nb.bmp","contentUrl":"http:\/\/www.lepetitcaboulot.com\/wp-content\/uploads\/2024\/11\/toque-nb.bmp","width":530,"height":530,"caption":"Restaurant le petit caboulot"},"image":{"@id":"https:\/\/www.lepetitcaboulot.com\/#\/schema\/logo\/image\/"},"sameAs":["https:\/\/www.facebook.com\/petitcaboulot","https:\/\/www.instagram.com\/petitcaboulot\/"]}]}},"featured_media_urls":[],"_links":{"self":[{"href":"https:\/\/www.lepetitcaboulot.com\/index.php\/wp-json\/wp\/v2\/pages\/1204","targetHints":{"allow":["GET"]}}],"collection":[{"href":"https:\/\/www.lepetitcaboulot.com\/index.php\/wp-json\/wp\/v2\/pages"}],"about":[{"href":"https:\/\/www.lepetitcaboulot.com\/index.php\/wp-json\/wp\/v2\/types\/page"}],"author":[{"embeddable":true,"href":"https:\/\/www.lepetitcaboulot.com\/index.php\/wp-json\/wp\/v2\/users\/1"}],"replies":[{"embeddable":true,"href":"https:\/\/www.lepetitcaboulot.com\/index.php\/wp-json\/wp\/v2\/comments?post=1204"}],"version-history":[{"count":0,"href":"https:\/\/www.lepetitcaboulot.com\/index.php\/wp-json\/wp\/v2\/pages\/1204\/revisions"}],"wp:attachment":[{"href":"https:\/\/www.lepetitcaboulot.com\/index.php\/wp-json\/wp\/v2\/media?parent=1204"}],"curies":[{"name":"wp","href":"https:\/\/api.w.org\/{rel}","templated":true}]}}